{"id":722450,"date":"2025-08-27T19:04:41","date_gmt":"2025-08-27T16:04:41","guid":{"rendered":"https:\/\/roveyayinevi.com.tr\/index.php\/urun\/yapisal-jeoloji\/"},"modified":"2026-04-16T02:30:31","modified_gmt":"2026-04-15T23:30:31","slug":"yapisal-jeoloji","status":"publish","type":"product","link":"https:\/\/roveyayinevi.com.tr\/index.php\/urun\/yapisal-jeoloji\/","title":{"rendered":"Yap\u0131sal Jeoloji"},"content":{"rendered":"<p>Bu kitab\u0131n amac\u0131 genel bir jeolojik arka-plan ile birlikte yap\u0131sal jeolojinin temel ilkelerini, de\u011fi\u015fik \u00e7ehrelerini ve y\u00f6ntemlerini lisans \u00f6\u011frencilerine vedi\u011ferlerine sunmakt\u0131r. Tan\u0131mlanan s\u00fcre\u00e7ler ve yap\u0131lar gezegenimizde daha derinde geli\u015fen deformasyon ile ilgili olsa da, kitapta ba\u015fl\u0131ca kabu\u011fun yap\u0131sal jeolojisi \u00fczerinde durulmu\u015ftur. Ek olarak, Mars\u2019tan ve di\u011fer gezegenlerden gelen veriler kendi gezegenimizdeki yap\u0131sal jeolojinin bir\u00e7ok \u00e7ehresinin d\u0131\u015f gezegenlerdeki ile ili\u015fkili oldu\u011funu da g\u00f6stermektedir. Yap\u0131sal jeolojinin u\u011fra\u015f alan\u0131 \u00e7ok geni\u015f olup, bu kitab\u0131n i\u00e7eri\u011finde bu geni\u015f alandan se\u00e7ilmi\u015f \u00f6nemli konulara yer verilmi\u015ftir. \u00d6\u011freticilerin yap\u0131sal jeolojideki kendi favori konular\u0131, yakla\u015f\u0131mlar\u0131 veya kendi b\u00f6l\u00fcmlerinin m\u00fcfredat\u0131na g\u00f6re se\u00e7im yapmalar\u0131 e\u011filimi de bilindi\u011finden, bu konular\u0131n se\u00e7imi ger\u00e7ekten kolay olmam\u0131\u015ft\u0131r. Yap\u0131sal jeoloji konusunda mevcut kitaplar orta ve alt kabukta geli\u015fen s\u00fcnek ve plastik deformasyona vurgu yapma e\u011filimindedirler. Bukitapta kabu\u011fun daha derin k\u0131s\u0131mlar\u0131ndakini daha iyi dengelesin diye \u00fcst kabuktaki s\u00fcrt\u00fcnmeli rejim daha kapsaml\u0131 bi\u00e7imde ele al\u0131nmaya \u00e7al\u0131\u015f\u0131lm\u0131\u015ft\u0131r. Bu \u015fekilde, \u00f6zellikle petrol jeolojisi gibi derslerle ilgili baz\u0131 b\u00f6l\u00fcmlere ve genelde gevrek deformasyona vurgu yap\u0131lm\u0131\u015ft\u0131r. Bu anlay\u0131\u015f \u00f6zellikle eklemler ve damarlar konusunda yeni bir b\u00f6l\u00fcm eklemek suretiyle ikinci bask\u0131da daha da geni\u015fletilmi\u015ftir. \u0130\u00e7indekiler 1.      Yap\u0131sal Jeoloji Ve Yap\u0131sal Analiz 2.      Deformasyon 3.      Kayalarda Gerinim 4.      Gerilme 5.      Litosferde Gerilme 6.      Reoloji 7.      K\u0131r\u0131lma Ve Gevrek Deformasyon 8.      Eklemler Ve Damarlar 9.      Faylar 10.  Gevrek Rejimde Kinematik Ve Eski Gerilmeler 11.  Mikro- \u00d6l\u00e7ekte Deformasyon 12.  K\u0131vr\u0131mlar Ve K\u0131vr\u0131mlanma 13.  Folyasyon Ve Klivaj 14.  Lineasyonlar 15.  Budinaj 16.  Makaslama Zonlari Ve Milonitler 17.  S\u0131k\u0131\u015fma Rejimleri 18.  Geni\u015fleme Rejimleri 19.  Do\u011frultu Atim Transpresyon Ve Transtansiyon 20.  Tuz Tektoni\u011fi 21.  Dengeleme Ve Restorasyon 22.  B\u00fcy\u00fck Resme Bir Bak\u0131\u015f <\/p>\n","protected":false},"excerpt":{"rendered":"<p>Bu kitab\u0131n amac\u0131 genel bir jeolojik arka-plan ile birlikte yap\u0131sal jeolojinin temel ilkelerini, de\u011fi\u015fik \u00e7ehrelerini ve y\u00f6ntemlerini lisans \u00f6\u011frencilerine vedi\u011ferlerine sunmakt\u0131r. Tan\u0131mlanan s\u00fcre\u00e7ler ve yap\u0131lar gezegenimizde<span class=\"excerpt-hellip\"> [\u2026]<\/span><\/p>\n","protected":false},"featured_media":0,"template":"","meta":{"_monsterinsights_skip_tracking":false,"_monsterinsights_sitenote_active":false,"_monsterinsights_sitenote_note":"","_monsterinsights_sitenote_category":0},"product_brand":[],"product_cat":[13005,18664],"product_tag":[],"class_list":{"0":"post-722450","1":"product","2":"type-product","3":"status-publish","5":"product_cat-bilim-muhendislik","6":"product_cat-muhendislik","7":"pa_cilt-ciltsiz","8":"pa_tur-kitap","9":"pa_yayinevi-gazi-kitabevi","10":"pa_yazar-haakon-fossen","12":"first","13":"instock","14":"sale","15":"shipping-taxable","16":"purchasable","17":"product-type-simple"},"_links":{"self":[{"href":"https:\/\/roveyayinevi.com.tr\/index.php\/wp-json\/wp\/v2\/product\/722450","targetHints":{"allow":["GET"]}}],"collection":[{"href":"https:\/\/roveyayinevi.com.tr\/index.php\/wp-json\/wp\/v2\/product"}],"about":[{"href":"https:\/\/roveyayinevi.com.tr\/index.php\/wp-json\/wp\/v2\/types\/product"}],"wp:attachment":[{"href":"https:\/\/roveyayinevi.com.tr\/index.php\/wp-json\/wp\/v2\/media?parent=722450"}],"wp:term":[{"taxonomy":"product_brand","embeddable":true,"href":"https:\/\/roveyayinevi.com.tr\/index.php\/wp-json\/wp\/v2\/product_brand?post=722450"},{"taxonomy":"product_cat","embeddable":true,"href":"https:\/\/roveyayinevi.com.tr\/index.php\/wp-json\/wp\/v2\/product_cat?post=722450"},{"taxonomy":"product_tag","embeddable":true,"href":"https:\/\/roveyayinevi.com.tr\/index.php\/wp-json\/wp\/v2\/product_tag?post=722450"}],"curies":[{"name":"wp","href":"https:\/\/api.w.org\/{rel}","templated":true}]}}