{"id":722449,"date":"2025-08-27T19:04:40","date_gmt":"2025-08-27T16:04:40","guid":{"rendered":"https:\/\/roveyayinevi.com.tr\/index.php\/urun\/leylan\/"},"modified":"2026-04-16T02:30:31","modified_gmt":"2026-04-15T23:30:31","slug":"leylan","status":"publish","type":"product","link":"https:\/\/roveyayinevi.com.tr\/index.php\/urun\/leylan\/","title":{"rendered":"Leylan"},"content":{"rendered":"<p>\u201cBu hayatta her \u015feyiyle g\u00fcvenebildi\u011finiz en az bir ki\u015fi olmal\u0131. Yoksa kendinizi hep yaln\u0131z hissedersiniz. \u0130nsanlar\u0131n \u00e7o\u011fu yaln\u0131zd\u0131r o y\u00fczden, yapayaln\u0131z. Ya\u015fananlar kelepir bir hayat\u0131n ikinci el versiyonu gibidir. Yapt\u0131\u011f\u0131n\u0131z hi\u00e7bir \u015fey size ait de\u011fildir, benli\u011finize, \u00f6z\u00fcn\u00fcze. Hayat\u0131n\u0131z, t\u00fcm\u00fcyle g\u00fcvensiz bir ortam\u0131n mecburen size yapt\u0131rd\u0131klar\u0131ndan ibarettir.\u201cSaf \u00e7ocukluk halinizden geriye y\u00fcz\u00fcn\u00fczde \u2018memur g\u00fcl\u00fc\u015f\u00fc\u2019, dudaklar\u0131n\u0131zda \u2018gammaz \u00f6p\u00fc\u015f\u00fc\u2019 kal\u0131r. \u00d6pt\u00fc\u011f\u00fcn\u00fcz yer kirlenir, g\u00fcld\u00fc\u011f\u00fcn\u00fcz zaman herkes incinir. Elinizde etraf\u0131 ye\u015fil dantelli beyaz bir mendil de yoksa temizleyemezsiniz hi\u00e7bir yerinizi.\u201cBen Serap\u2019\u0131 b\u00f6yle sevdim, en saf halimle, uzaktan.\u201dYa\u015fad\u0131\u011f\u0131m\u0131z bu nefes ald\u0131rmayan, \u201ctuhaf\u201d d\u00f6nemin Diyarbak\u0131r\u2019da ba\u015flay\u0131p \u0130stanbul\u2019a, oradan Z\u00fcrih\u2019e uzanan ve Nusaybin\u2019de sonlanan hik\u00e2yesi&#8230; Muktedirlerin kirli s\u0131r\u0131t\u0131\u015flar\u0131na inat, h\u00fclyas\u0131n\u0131n, serab\u0131n\u0131n \u00fczerine titreyen, ac\u0131s\u0131n\u0131 i\u00e7inde koyultsa da yalan ve \u015fiddet \u00fczerine kurulu \u201czul\u00fcm makinesini\u201d sab\u0131rla, mizahla, yolda\u015f\u00e7a dayan\u0131\u015fmayla, zekayla maskara eden insanlar: Kudret, Bedirhan, Sema, Mutlu, Zeliha ve sonras\u0131nda Celal. Hayat\u0131 \u201cb\u00fcy\u00fck insanl\u0131k\u201da zehretmeye yeminli o \u201cmakinenin\u201d kat\u0131\/so\u011fuk ger\u00e7ekli\u011fine bir an olsun gev\u015femeyen bir varolu\u015f m\u00fccadelesiyle, bilgece bir meydan okuyu\u015fla g\u00f6\u011f\u00fcs geren karakterler\u2026<\/p>\n","protected":false},"excerpt":{"rendered":"<p>\u201cBu hayatta her \u015feyiyle g\u00fcvenebildi\u011finiz en az bir ki\u015fi olmal\u0131. Yoksa kendinizi hep yaln\u0131z hissedersiniz. \u0130nsanlar\u0131n \u00e7o\u011fu yaln\u0131zd\u0131r o y\u00fczden, yapayaln\u0131z. Ya\u015fananlar kelepir bir hayat\u0131n ikinci<span class=\"excerpt-hellip\"> [\u2026]<\/span><\/p>\n","protected":false},"featured_media":0,"template":"","meta":{"_monsterinsights_skip_tracking":false,"_monsterinsights_sitenote_active":false,"_monsterinsights_sitenote_note":"","_monsterinsights_sitenote_category":0},"product_brand":[],"product_cat":[12291,12711],"product_tag":[],"class_list":{"0":"post-722449","1":"product","2":"type-product","3":"status-publish","5":"product_cat-edebiyat","6":"product_cat-roman-oyku","7":"pa_cilt-ciltsiz","8":"pa_tur-kitap","9":"pa_yayinevi-dipnot-yayinlari","10":"pa_yazar-selahattin-demirtas","12":"first","13":"instock","14":"sale","15":"shipping-taxable","16":"purchasable","17":"product-type-simple"},"_links":{"self":[{"href":"https:\/\/roveyayinevi.com.tr\/index.php\/wp-json\/wp\/v2\/product\/722449","targetHints":{"allow":["GET"]}}],"collection":[{"href":"https:\/\/roveyayinevi.com.tr\/index.php\/wp-json\/wp\/v2\/product"}],"about":[{"href":"https:\/\/roveyayinevi.com.tr\/index.php\/wp-json\/wp\/v2\/types\/product"}],"wp:attachment":[{"href":"https:\/\/roveyayinevi.com.tr\/index.php\/wp-json\/wp\/v2\/media?parent=722449"}],"wp:term":[{"taxonomy":"product_brand","embeddable":true,"href":"https:\/\/roveyayinevi.com.tr\/index.php\/wp-json\/wp\/v2\/product_brand?post=722449"},{"taxonomy":"product_cat","embeddable":true,"href":"https:\/\/roveyayinevi.com.tr\/index.php\/wp-json\/wp\/v2\/product_cat?post=722449"},{"taxonomy":"product_tag","embeddable":true,"href":"https:\/\/roveyayinevi.com.tr\/index.php\/wp-json\/wp\/v2\/product_tag?post=722449"}],"curies":[{"name":"wp","href":"https:\/\/api.w.org\/{rel}","templated":true}]}}