{"id":722448,"date":"2025-08-27T19:04:39","date_gmt":"2025-08-27T16:04:39","guid":{"rendered":"https:\/\/roveyayinevi.com.tr\/index.php\/urun\/hicbir-sey-rayinda-gitmiyorsa-raydan-cik\/"},"modified":"2026-04-08T02:38:04","modified_gmt":"2026-04-07T23:38:04","slug":"hicbir-sey-rayinda-gitmiyorsa-raydan-cik","status":"publish","type":"product","link":"https:\/\/roveyayinevi.com.tr\/index.php\/urun\/hicbir-sey-rayinda-gitmiyorsa-raydan-cik\/","title":{"rendered":"Hi\u00e7bir \u015eey Ray\u0131nda Gitmiyorsa Raydan \u00c7\u0131k"},"content":{"rendered":"<p>Bir \u015feyler yapmak istiyor ama o \u015feyleri bir t\u00fcrl\u00fc yapam\u0131yorsan, b\u00fct\u00fcn \u00e7abalar\u0131na ra\u011fmen elde etmek istediklerini hi\u00e7bir \u015fekilde elde edemiyorsan, mutlu olmak istiyor fakat bir t\u00fcrl\u00fc mutlu olam\u0131yorsan, iki laf\u0131 bir araya getiremeyenlerin zengin oldu\u011funu g\u00f6r\u00fcyor ancak sen b\u00fct\u00fcn yeteneklerine ra\u011fmen bor\u00e7 i\u00e7inde k\u0131vran\u0131yorsan, do\u011fru a\u015fk\u0131 ar\u0131yor lakin onu da bulam\u0131yorsan; her \u015feyin en iyisini hak etti\u011fin h\u00e2lde bir t\u00fcrl\u00fc olmuyorsa sen muhtemelen yanl\u0131\u015f raylarda yolculuk yap\u0131yorsun demektir.Evet, \u201craydan \u00e7\u0131kmak\u201d kula\u011fa tehlikeli hatta \u00fcrk\u00fct\u00fcc\u00fc geliyor, bunun fark\u0131nday\u0131m elbette ancak hayat\u0131 boyunca gitti\u011fi raydan hi\u00e7 \u00e7\u0131kmadan ya\u015fayanlar\u0131n hi\u00e7birinin ad\u0131n\u0131 hat\u0131rlam\u0131yoruz. \u00d6yleyse raydan \u00e7\u0131kmak, tehlikeli olsa da b\u00fcy\u00fcl\u00fc bir karard\u0131r, b\u00fcy\u00fcten bir karar\u2026\u015eimdi unut ba\u015f\u0131na gelenleri, sil ya\u015fad\u0131\u011f\u0131n b\u00fct\u00fcn k\u00f6t\u00fc deneyimleri ve hi\u00e7 \u00fcz\u00fclme, dert etme; bir karar ver sadece. G\u00f6receksin ki bir anda etraf\u0131ndaki duvarlar, kollar\u0131ndaki zincirler ve tabii ki alt\u0131ndaki raylar yok olacak ve sen \u015fa\u015f\u0131rt\u0131c\u0131 bir \u015fekilde istedi\u011fin her \u015feye ula\u015facaks\u0131n.S\u00f6z\u00fcn \u00f6z\u00fc, hayat bize tek seferlik bir bilet vermi\u015f olsa da raylar sonsuzdur ve insanlar hep raydan \u00e7\u0131kanlar\u0131 konu\u015fur.Rays\u0131z ve ayars\u0131z bir \u00f6m\u00fcr diliyorum.Stewart Dawson Jr.<\/p>\n","protected":false},"excerpt":{"rendered":"<p>Bir \u015feyler yapmak istiyor ama o \u015feyleri bir t\u00fcrl\u00fc yapam\u0131yorsan, b\u00fct\u00fcn \u00e7abalar\u0131na ra\u011fmen elde etmek istediklerini hi\u00e7bir \u015fekilde elde edemiyorsan, mutlu olmak istiyor fakat bir t\u00fcrl\u00fc<span class=\"excerpt-hellip\"> [\u2026]<\/span><\/p>\n","protected":false},"featured_media":0,"template":"","meta":{"_monsterinsights_skip_tracking":false,"_monsterinsights_sitenote_active":false,"_monsterinsights_sitenote_note":"","_monsterinsights_sitenote_category":0},"product_brand":[],"product_cat":[12364,12376],"product_tag":[],"class_list":{"0":"post-722448","1":"product","2":"type-product","3":"status-publish","5":"product_cat-genel-konular","6":"product_cat-kisisel-gelisim","7":"pa_cilt-ciltsiz","8":"pa_tur-kitap","9":"pa_yayinevi-lovely-book-book","10":"pa_yazar-stewart-dawson-jr","12":"first","13":"instock","14":"sale","15":"shipping-taxable","16":"purchasable","17":"product-type-simple"},"_links":{"self":[{"href":"https:\/\/roveyayinevi.com.tr\/index.php\/wp-json\/wp\/v2\/product\/722448","targetHints":{"allow":["GET"]}}],"collection":[{"href":"https:\/\/roveyayinevi.com.tr\/index.php\/wp-json\/wp\/v2\/product"}],"about":[{"href":"https:\/\/roveyayinevi.com.tr\/index.php\/wp-json\/wp\/v2\/types\/product"}],"wp:attachment":[{"href":"https:\/\/roveyayinevi.com.tr\/index.php\/wp-json\/wp\/v2\/media?parent=722448"}],"wp:term":[{"taxonomy":"product_brand","embeddable":true,"href":"https:\/\/roveyayinevi.com.tr\/index.php\/wp-json\/wp\/v2\/product_brand?post=722448"},{"taxonomy":"product_cat","embeddable":true,"href":"https:\/\/roveyayinevi.com.tr\/index.php\/wp-json\/wp\/v2\/product_cat?post=722448"},{"taxonomy":"product_tag","embeddable":true,"href":"https:\/\/roveyayinevi.com.tr\/index.php\/wp-json\/wp\/v2\/product_tag?post=722448"}],"curies":[{"name":"wp","href":"https:\/\/api.w.org\/{rel}","templated":true}]}}