{"id":722446,"date":"2025-08-27T19:04:38","date_gmt":"2025-08-27T16:04:38","guid":{"rendered":"https:\/\/roveyayinevi.com.tr\/index.php\/urun\/uluslararasi-guvenlik\/"},"modified":"2026-04-16T02:30:30","modified_gmt":"2026-04-15T23:30:30","slug":"uluslararasi-guvenlik","status":"publish","type":"product","link":"https:\/\/roveyayinevi.com.tr\/index.php\/urun\/uluslararasi-guvenlik\/","title":{"rendered":"Uluslararas\u0131 G\u00fcvenlik"},"content":{"rendered":"<p>Sava\u015f, ter\u00f6rizm ve kitle imha silahlar\u0131ndan \u00e7evresel ve ekonomik krizlere, salg\u0131n hastal\u0131klara, siber sava\u015flara ve korsanl\u0131\u011fa, yirmi birinci y\u00fczy\u0131l d\u00fcnyas\u0131 korkutucu bir dizi uluslararas\u0131 g\u00fcvenlik sorunuyla ku\u015fat\u0131lm\u0131\u015f g\u00f6r\u00fcn\u00fcyor. Ayn\u0131 zamanda, yeni akt\u00f6rler, sorunlar ve teoriler geleneksel kavram ve yakla\u015f\u0131mlara giderek daha fazla meydan okuduk\u00e7a, g\u00fcvenlikle ilgili akademik \u00e7al\u0131\u015fmalar her zamankinden daha tart\u0131\u015fmal\u0131 bir hale geldi. Bu yenilik\u00e7i metin, uluslararas\u0131 g\u00fcvenlik siyasetine; sorunlar\u0131n nas\u0131l ve neden uluslararas\u0131 g\u00fcvenli\u011fe tehdit olarak yorumland\u0131\u011f\u0131na ve bu tehditlerin nas\u0131l y\u00f6netildi\u011fine odaklanmaktad\u0131r. Alana ve ana teori ve yakla\u015f\u0131mlar\u0131na k\u0131sa bir giri\u015f yapt\u0131ktan sonra, temel b\u00f6l\u00fcmlerde sistematik olarak \u00e7a\u011fda\u015f uluslararas\u0131 g\u00fcvenlik g\u00fcndemindeki ana konular analiz edilmektedir. Her bir konu, tehdidin do\u011fas\u0131 ve politika yap\u0131c\u0131lar\u0131n verdikleri kar\u015f\u0131l\u0131klar a\u00e7\u0131s\u0131ndan ortak bir \u00e7er\u00e7eveye g\u00f6re incelenir. Kitab\u0131n bu 2. edisyonu, Obama y\u00f6netiminin ve stratejik ortaklar\u0131n\u0131n bir dizi farkl\u0131 g\u00fcvenlik konular\u0131ndaki ba\u015far\u0131s\u0131zl\u0131klar\u0131n\u0131 ve d\u00fcnyada o zamandan beri ya\u015fanan s\u00fcrekli, geli\u015fen karga\u015fa \u00f6rneklerini tart\u0131\u015fmak i\u00e7in b\u00fcy\u00fck \u00f6l\u00e7\u00fcde revize edildi. Siber g\u00fcvenlik, &#8216;Arap Bahar\u0131&#8217; devrimleri, Ebola salg\u0131n\u0131 ve m\u00fclteci krizi, yazar\u0131n kitapta analiz etti\u011fi \u00e7ok say\u0131da konudan sadece birka\u00e7\u0131. Bu ders kitab\u0131, uluslararas\u0131 ili\u015fkiler, siyaset bilimi ve daha genel olarak di\u011fer sosyal bilimler alanlar\u0131nda lisans veya lisans\u00fcst\u00fc d\u00fczeyde uluslararas\u0131 g\u00fcvenlik e\u011fitimi alan \u00f6\u011frenciler i\u00e7in temel bir kaynakt\u0131r. Bu edisyondaki yenilikler \u015funlard\u0131r: &#8211; Siber g\u00fcvenlikle ilgili bir b\u00f6l\u00fcm &#8211; G\u00fcncel sorunlar ve kapsaml\u0131 incelemeleri &#8211; Her b\u00f6l\u00fcmde yeni &#8216;mini vaka \u00e7al\u0131\u015fmalar\u0131&#8217; &#8211; G\u00fcncellenmi\u015f analitik\/pedagojik \u00e7er\u00e7eve &#8211; \u00d6\u011frencilerin hem geleneksel hem de geleneksel olmayan g\u00fcvenlik konular\u0131yla ilgili analitik ve kar\u015f\u0131la\u015ft\u0131rmal\u0131 incelemelerin \u00fcstesinden gelmek i\u00e7in teoriyi ve empirik kan\u0131tlar\u0131 do\u011fru bir \u015fekilde uygulamalar\u0131na y\u00f6nelik \u00f6nc\u00fc \u00e7er\u00e7eve. <\/p>\n","protected":false},"excerpt":{"rendered":"<p>Sava\u015f, ter\u00f6rizm ve kitle imha silahlar\u0131ndan \u00e7evresel ve ekonomik krizlere, salg\u0131n hastal\u0131klara, siber sava\u015flara ve korsanl\u0131\u011fa, yirmi birinci y\u00fczy\u0131l d\u00fcnyas\u0131 korkutucu bir dizi uluslararas\u0131 g\u00fcvenlik sorunuyla<span class=\"excerpt-hellip\"> [\u2026]<\/span><\/p>\n","protected":false},"featured_media":0,"template":"","meta":{"_monsterinsights_skip_tracking":false,"_monsterinsights_sitenote_active":false,"_monsterinsights_sitenote_note":"","_monsterinsights_sitenote_category":0},"product_brand":[],"product_cat":[12337,17225],"product_tag":[],"class_list":{"0":"post-722446","1":"product","2":"type-product","3":"status-publish","5":"product_cat-politika-siyaset","6":"product_cat-uluslararasi-iliskiler","7":"pa_cilt-ciltsiz","8":"pa_tur-kitap","9":"pa_yayinevi-felix-kitap","10":"pa_yazar-michael-e-smith","12":"first","13":"instock","14":"sale","15":"shipping-taxable","16":"purchasable","17":"product-type-simple"},"_links":{"self":[{"href":"https:\/\/roveyayinevi.com.tr\/index.php\/wp-json\/wp\/v2\/product\/722446","targetHints":{"allow":["GET"]}}],"collection":[{"href":"https:\/\/roveyayinevi.com.tr\/index.php\/wp-json\/wp\/v2\/product"}],"about":[{"href":"https:\/\/roveyayinevi.com.tr\/index.php\/wp-json\/wp\/v2\/types\/product"}],"wp:attachment":[{"href":"https:\/\/roveyayinevi.com.tr\/index.php\/wp-json\/wp\/v2\/media?parent=722446"}],"wp:term":[{"taxonomy":"product_brand","embeddable":true,"href":"https:\/\/roveyayinevi.com.tr\/index.php\/wp-json\/wp\/v2\/product_brand?post=722446"},{"taxonomy":"product_cat","embeddable":true,"href":"https:\/\/roveyayinevi.com.tr\/index.php\/wp-json\/wp\/v2\/product_cat?post=722446"},{"taxonomy":"product_tag","embeddable":true,"href":"https:\/\/roveyayinevi.com.tr\/index.php\/wp-json\/wp\/v2\/product_tag?post=722446"}],"curies":[{"name":"wp","href":"https:\/\/api.w.org\/{rel}","templated":true}]}}