{"id":722445,"date":"2025-08-27T19:04:37","date_gmt":"2025-08-27T16:04:37","guid":{"rendered":"https:\/\/roveyayinevi.com.tr\/index.php\/urun\/kavgasiz-cozumler-ve-yasanmisliklar\/"},"modified":"2026-04-16T02:30:30","modified_gmt":"2026-04-15T23:30:30","slug":"kavgasiz-cozumler-ve-yasanmisliklar","status":"publish","type":"product","link":"https:\/\/roveyayinevi.com.tr\/index.php\/urun\/kavgasiz-cozumler-ve-yasanmisliklar\/","title":{"rendered":"Kavgas\u0131z \u00c7\u00f6z\u00fcmler ve Ya\u015fanm\u0131\u015fl\u0131klar"},"content":{"rendered":"<p>Ak\u0131c\u0131 bir \u00fcslupla kaleme ald\u0131\u011f\u0131 eserinde yazar, mizah ve ironi i\u00e7eren k\u0131sa anektotlar ile ya\u015fad\u0131\u011f\u0131 d\u00f6nemin siyasal, sosyal, k\u00fclt\u00fcrel yap\u0131s\u0131n\u0131 g\u00f6zler \u00f6n\u00fcne sererken okuyucuyu g\u00fcl\u00fcmseterek d\u00fc\u015f\u00fcnd\u00fcrmeye y\u00f6neltmi\u015f, ya\u015fanan sorunlar\u0131n insan psikolojisine uygun davranarak kolayl\u0131kla hatta e\u011flenerek \u00e7\u00f6z\u00fclebilece\u011fini de anlatm\u0131\u015ft\u0131r. Bu kitap \u00f6yk\u00fcleyici anlat\u0131m\u0131yla \u00fclkemizin yakla\u015f\u0131k yar\u0131m y\u00fczy\u0131ll\u0131k d\u00f6nemine \u0131\u015f\u0131k tutmaktad\u0131r.<\/p>\n","protected":false},"excerpt":{"rendered":"<p>Ak\u0131c\u0131 bir \u00fcslupla kaleme ald\u0131\u011f\u0131 eserinde yazar, mizah ve ironi i\u00e7eren k\u0131sa anektotlar ile ya\u015fad\u0131\u011f\u0131 d\u00f6nemin siyasal, sosyal, k\u00fclt\u00fcrel yap\u0131s\u0131n\u0131 g\u00f6zler \u00f6n\u00fcne sererken okuyucuyu g\u00fcl\u00fcmseterek d\u00fc\u015f\u00fcnd\u00fcrmeye<span class=\"excerpt-hellip\"> [\u2026]<\/span><\/p>\n","protected":false},"featured_media":0,"template":"","meta":{"_monsterinsights_skip_tracking":false,"_monsterinsights_sitenote_active":false,"_monsterinsights_sitenote_note":"","_monsterinsights_sitenote_category":0},"product_brand":[],"product_cat":[12291,12711],"product_tag":[],"class_list":{"0":"post-722445","1":"product","2":"type-product","3":"status-publish","5":"product_cat-edebiyat","6":"product_cat-roman-oyku","7":"pa_cilt-ciltsiz","8":"pa_tur-kitap","9":"pa_yayinevi-fa-yayinlari","10":"pa_yazar-atilla-yildiz","12":"first","13":"instock","14":"sale","15":"shipping-taxable","16":"purchasable","17":"product-type-simple"},"_links":{"self":[{"href":"https:\/\/roveyayinevi.com.tr\/index.php\/wp-json\/wp\/v2\/product\/722445","targetHints":{"allow":["GET"]}}],"collection":[{"href":"https:\/\/roveyayinevi.com.tr\/index.php\/wp-json\/wp\/v2\/product"}],"about":[{"href":"https:\/\/roveyayinevi.com.tr\/index.php\/wp-json\/wp\/v2\/types\/product"}],"wp:attachment":[{"href":"https:\/\/roveyayinevi.com.tr\/index.php\/wp-json\/wp\/v2\/media?parent=722445"}],"wp:term":[{"taxonomy":"product_brand","embeddable":true,"href":"https:\/\/roveyayinevi.com.tr\/index.php\/wp-json\/wp\/v2\/product_brand?post=722445"},{"taxonomy":"product_cat","embeddable":true,"href":"https:\/\/roveyayinevi.com.tr\/index.php\/wp-json\/wp\/v2\/product_cat?post=722445"},{"taxonomy":"product_tag","embeddable":true,"href":"https:\/\/roveyayinevi.com.tr\/index.php\/wp-json\/wp\/v2\/product_tag?post=722445"}],"curies":[{"name":"wp","href":"https:\/\/api.w.org\/{rel}","templated":true}]}}