{"id":722444,"date":"2025-08-27T19:04:36","date_gmt":"2025-08-27T16:04:36","guid":{"rendered":"https:\/\/roveyayinevi.com.tr\/index.php\/urun\/deliligin-sinirinda\/"},"modified":"2026-04-08T02:38:04","modified_gmt":"2026-04-07T23:38:04","slug":"deliligin-sinirinda","status":"publish","type":"product","link":"https:\/\/roveyayinevi.com.tr\/index.php\/urun\/deliligin-sinirinda\/","title":{"rendered":"Delili\u011fin S\u0131n\u0131r\u0131nda"},"content":{"rendered":"<p>\u00c7ok zeki ama \u015fizofren tan\u0131s\u0131 konmu\u015f kahraman\u0131n, ak\u0131l hastanesinde ya\u015fad\u0131\u011f\u0131 manevi olaylar\u0131 anlatan kitab\u0131n, nadir rastlanan anlat\u0131m tarz\u0131 ve ak\u0131c\u0131 dili okuyucuyu kitaba hapseder. Tarihe yolculu\u011fa \u00e7\u0131kars\u0131n\u0131z; kim bilir belki \u00d6mer Hayyam belki Tesla belki de Darwin ile sohbetlere kat\u0131lma \u015fans\u0131n\u0131z olur. Pos B\u0131y\u0131k, Salk\u0131m S\u00f6\u011f\u00fct ve G\u00fclen Y\u00fcz sizi bekliyor olacak g\u00f6z\u00fcn\u00fcz\u00fc a\u00e7t\u0131\u011f\u0131n\u0131zda.<\/p>\n","protected":false},"excerpt":{"rendered":"<p>\u00c7ok zeki ama \u015fizofren tan\u0131s\u0131 konmu\u015f kahraman\u0131n, ak\u0131l hastanesinde ya\u015fad\u0131\u011f\u0131 manevi olaylar\u0131 anlatan kitab\u0131n, nadir rastlanan anlat\u0131m tarz\u0131 ve ak\u0131c\u0131 dili okuyucuyu kitaba hapseder. Tarihe yolculu\u011fa<span class=\"excerpt-hellip\"> [\u2026]<\/span><\/p>\n","protected":false},"featured_media":0,"template":"","meta":{"_monsterinsights_skip_tracking":false,"_monsterinsights_sitenote_active":false,"_monsterinsights_sitenote_note":"","_monsterinsights_sitenote_category":0},"product_brand":[],"product_cat":[12291,12711],"product_tag":[],"class_list":{"0":"post-722444","1":"product","2":"type-product","3":"status-publish","5":"product_cat-edebiyat","6":"product_cat-roman-oyku","7":"pa_cilt-ciltsiz","8":"pa_tur-kitap","9":"pa_yayinevi-fa-yayinlari","10":"pa_yazar-ertugrul-bozkurt","12":"first","13":"instock","14":"sale","15":"shipping-taxable","16":"purchasable","17":"product-type-simple"},"_links":{"self":[{"href":"https:\/\/roveyayinevi.com.tr\/index.php\/wp-json\/wp\/v2\/product\/722444","targetHints":{"allow":["GET"]}}],"collection":[{"href":"https:\/\/roveyayinevi.com.tr\/index.php\/wp-json\/wp\/v2\/product"}],"about":[{"href":"https:\/\/roveyayinevi.com.tr\/index.php\/wp-json\/wp\/v2\/types\/product"}],"wp:attachment":[{"href":"https:\/\/roveyayinevi.com.tr\/index.php\/wp-json\/wp\/v2\/media?parent=722444"}],"wp:term":[{"taxonomy":"product_brand","embeddable":true,"href":"https:\/\/roveyayinevi.com.tr\/index.php\/wp-json\/wp\/v2\/product_brand?post=722444"},{"taxonomy":"product_cat","embeddable":true,"href":"https:\/\/roveyayinevi.com.tr\/index.php\/wp-json\/wp\/v2\/product_cat?post=722444"},{"taxonomy":"product_tag","embeddable":true,"href":"https:\/\/roveyayinevi.com.tr\/index.php\/wp-json\/wp\/v2\/product_tag?post=722444"}],"curies":[{"name":"wp","href":"https:\/\/api.w.org\/{rel}","templated":true}]}}