{"id":722442,"date":"2025-08-27T19:04:34","date_gmt":"2025-08-27T16:04:34","guid":{"rendered":"https:\/\/roveyayinevi.com.tr\/index.php\/urun\/gonulden-kopanlar\/"},"modified":"2026-04-16T02:30:30","modified_gmt":"2026-04-15T23:30:30","slug":"gonulden-kopanlar","status":"publish","type":"product","link":"https:\/\/roveyayinevi.com.tr\/index.php\/urun\/gonulden-kopanlar\/","title":{"rendered":"G\u00f6n\u00fclden Kopanlar"},"content":{"rendered":"<p>\u015eair Atilla Y\u0131ld\u0131z, kalbinden ve kaleminden ta\u015fan \u00f6zlem, hasret, ayr\u0131l\u0131k, \u00f6l\u00fcm temal\u0131, duygu y\u00fckl\u00fc \u015fiirlerinin yer ald\u0131\u011f\u0131 bu kitab\u0131 ile anlat\u0131r i\u00e7inde y\u0131llarca hapsetti\u011fi ac\u0131y\u0131, f\u0131rt\u0131nay\u0131, h\u00fczn\u00fc. Bardaktan bo\u015fan\u0131r ya\u011fmur misali akar akar dizeler birbiri ard\u0131na&#8230; \u0130stese de engel olamaz ruhunun derinliklerinden gelen duygular\u0131na&#8230; A\u011flat\u0131r kendi gibi yaral\u0131 y\u00fcrekleri&#8230; \u0130\u00e7inde f\u0131rt\u0131nalar kopan g\u00f6n\u00fcllere, ebedi ayr\u0131l\u0131k tasas\u0131 d\u00fc\u015fen y\u00fcreklere dokunarak, g\u00f6n\u00fclden g\u00f6n\u00fcle yol olur, ula\u015f\u0131r sevda ac\u0131s\u0131 \u00e7ekenlere&#8230; Besteler yapar pe\u015f pe\u015fe do\u011fa\u00e7lama&#8230; \u015eark\u0131larla ac\u0131y\u0131, h\u00fczn\u00fc payla\u015f\u0131r, beyho\u015f olur a\u015fk\u0131 anlat\u0131r, t\u00fcrk\u00fcler s\u00f6yler, a\u011f\u0131tlar yakar, oyun havalar\u0131 ile co\u015far&#8230; Elveda demeden gidiyor gen\u00e7lik diyerek arma\u011fan eder bestelerinin sevenlerine, sevdiklerine&#8230;Duygu y\u00fckl\u00fc besteleriyle T\u00fcrk Sanat M\u00fczi\u011finin de\u011ferli bestekarlar\u0131 aras\u0131nda yerini al\u0131r.<\/p>\n","protected":false},"excerpt":{"rendered":"<p>\u015eair Atilla Y\u0131ld\u0131z, kalbinden ve kaleminden ta\u015fan \u00f6zlem, hasret, ayr\u0131l\u0131k, \u00f6l\u00fcm temal\u0131, duygu y\u00fckl\u00fc \u015fiirlerinin yer ald\u0131\u011f\u0131 bu kitab\u0131 ile anlat\u0131r i\u00e7inde y\u0131llarca hapsetti\u011fi ac\u0131y\u0131, f\u0131rt\u0131nay\u0131,<span class=\"excerpt-hellip\"> [\u2026]<\/span><\/p>\n","protected":false},"featured_media":0,"template":"","meta":{"_monsterinsights_skip_tracking":false,"_monsterinsights_sitenote_active":false,"_monsterinsights_sitenote_note":"","_monsterinsights_sitenote_category":0},"product_brand":[],"product_cat":[27157,12291],"product_tag":[],"class_list":{"0":"post-722442","1":"product","2":"type-product","3":"status-publish","5":"product_cat-derleme","6":"product_cat-edebiyat","7":"pa_cilt-ciltsiz","8":"pa_tur-kitap","9":"pa_yayinevi-fa-yayinlari","10":"pa_yazar-atilla-yildiz","12":"first","13":"instock","14":"sale","15":"shipping-taxable","16":"purchasable","17":"product-type-simple"},"_links":{"self":[{"href":"https:\/\/roveyayinevi.com.tr\/index.php\/wp-json\/wp\/v2\/product\/722442","targetHints":{"allow":["GET"]}}],"collection":[{"href":"https:\/\/roveyayinevi.com.tr\/index.php\/wp-json\/wp\/v2\/product"}],"about":[{"href":"https:\/\/roveyayinevi.com.tr\/index.php\/wp-json\/wp\/v2\/types\/product"}],"wp:attachment":[{"href":"https:\/\/roveyayinevi.com.tr\/index.php\/wp-json\/wp\/v2\/media?parent=722442"}],"wp:term":[{"taxonomy":"product_brand","embeddable":true,"href":"https:\/\/roveyayinevi.com.tr\/index.php\/wp-json\/wp\/v2\/product_brand?post=722442"},{"taxonomy":"product_cat","embeddable":true,"href":"https:\/\/roveyayinevi.com.tr\/index.php\/wp-json\/wp\/v2\/product_cat?post=722442"},{"taxonomy":"product_tag","embeddable":true,"href":"https:\/\/roveyayinevi.com.tr\/index.php\/wp-json\/wp\/v2\/product_tag?post=722442"}],"curies":[{"name":"wp","href":"https:\/\/api.w.org\/{rel}","templated":true}]}}