{"id":722441,"date":"2025-08-27T19:04:33","date_gmt":"2025-08-27T16:04:33","guid":{"rendered":"https:\/\/roveyayinevi.com.tr\/index.php\/urun\/gelecek-bizim\/"},"modified":"2026-04-16T02:30:30","modified_gmt":"2026-04-15T23:30:30","slug":"gelecek-bizim","status":"publish","type":"product","link":"https:\/\/roveyayinevi.com.tr\/index.php\/urun\/gelecek-bizim\/","title":{"rendered":"Gelecek Bizim"},"content":{"rendered":"<p>&#8220;Gelecek Bizim&#8221; adl\u0131 bu Antoloji 6-12 ya\u015f aras\u0131ndaki 17 \u00e7ocu\u011fun \u015fiir ve \u00f6yk\u00fclerinin yer ald\u0131\u011f\u0131 bir kitapt\u0131r. \u00c7ocuklar\u0131n harikalar yaratt\u0131\u011f\u0131 bu kitab\u0131n yazma hevesi olan t\u00fcm \u00e7ocuklara cesaret vermesi ve \u00f6rnek olmas\u0131 ama\u00e7land\u0131. <\/p>\n","protected":false},"excerpt":{"rendered":"<p>&#8220;Gelecek Bizim&#8221; adl\u0131 bu Antoloji 6-12 ya\u015f aras\u0131ndaki 17 \u00e7ocu\u011fun \u015fiir ve \u00f6yk\u00fclerinin yer ald\u0131\u011f\u0131 bir kitapt\u0131r. \u00c7ocuklar\u0131n harikalar yaratt\u0131\u011f\u0131 bu kitab\u0131n yazma hevesi olan t\u00fcm<span class=\"excerpt-hellip\"> [\u2026]<\/span><\/p>\n","protected":false},"featured_media":0,"template":"","meta":{"_monsterinsights_skip_tracking":false,"_monsterinsights_sitenote_active":false,"_monsterinsights_sitenote_note":"","_monsterinsights_sitenote_category":0},"product_brand":[],"product_cat":[14060,12291],"product_tag":[],"class_list":{"0":"post-722441","1":"product","2":"type-product","3":"status-publish","5":"product_cat-antoloji","6":"product_cat-edebiyat","7":"pa_cilt-ciltsiz","8":"pa_tur-kitap","9":"pa_yayinevi-fa-yayinlari","10":"pa_yazar-kolektif","12":"first","13":"instock","14":"sale","15":"shipping-taxable","16":"purchasable","17":"product-type-simple"},"_links":{"self":[{"href":"https:\/\/roveyayinevi.com.tr\/index.php\/wp-json\/wp\/v2\/product\/722441","targetHints":{"allow":["GET"]}}],"collection":[{"href":"https:\/\/roveyayinevi.com.tr\/index.php\/wp-json\/wp\/v2\/product"}],"about":[{"href":"https:\/\/roveyayinevi.com.tr\/index.php\/wp-json\/wp\/v2\/types\/product"}],"wp:attachment":[{"href":"https:\/\/roveyayinevi.com.tr\/index.php\/wp-json\/wp\/v2\/media?parent=722441"}],"wp:term":[{"taxonomy":"product_brand","embeddable":true,"href":"https:\/\/roveyayinevi.com.tr\/index.php\/wp-json\/wp\/v2\/product_brand?post=722441"},{"taxonomy":"product_cat","embeddable":true,"href":"https:\/\/roveyayinevi.com.tr\/index.php\/wp-json\/wp\/v2\/product_cat?post=722441"},{"taxonomy":"product_tag","embeddable":true,"href":"https:\/\/roveyayinevi.com.tr\/index.php\/wp-json\/wp\/v2\/product_tag?post=722441"}],"curies":[{"name":"wp","href":"https:\/\/api.w.org\/{rel}","templated":true}]}}