{"id":722440,"date":"2025-08-27T19:04:32","date_gmt":"2025-08-27T16:04:32","guid":{"rendered":"https:\/\/roveyayinevi.com.tr\/index.php\/urun\/101-uguz-krali\/"},"modified":"2026-04-16T02:30:30","modified_gmt":"2026-04-15T23:30:30","slug":"101-uguz-krali","status":"publish","type":"product","link":"https:\/\/roveyayinevi.com.tr\/index.php\/urun\/101-uguz-krali\/","title":{"rendered":"101. \u00dc\u011f\u00fcz Kral\u0131"},"content":{"rendered":"<p>Yerden bir bu\u00e7uk metre kadar havada s\u00fcz\u00fcl\u00fcyordum. Ellerimi ve g\u00f6z kapaklar\u0131m\u0131 k\u0131p\u0131rdatmaya takatim yoktu. Uzaklarda bir \u0131\u015f\u0131k g\u00f6rd\u00fcm maviydi ama siyah gibiydi. Demek istiyorum ki siyah\u0131n mavile\u015fmi\u015f haliydi. Parl\u0131yordu. Sanki bir renk daha g\u00f6rd\u00fcm. Evet, bu bir da\u011f\u0131n tepesiydi. Saat sekiz sular\u0131.Kitab\u0131n yazar\u0131 Onur Mete \u00c7AM, 11 ya\u015f\u0131ndad\u0131r, b\u00fcy\u00fcklerin yer ald\u0131\u011f\u0131 BEN\u0130M DE B\u0130R \u00d6YK\u00dcM VAR isimli Antoloji&#8217;de ve 6-12 ya\u015f grubundaki \u00e7ocuklar\u0131n yer ald\u0131\u011f\u0131 GELECEK B\u0130Z\u0130M isimli Antoloji&#8217;de \u00f6yk\u00fcleri yay\u0131nlanm\u0131\u015ft\u0131r. <\/p>\n","protected":false},"excerpt":{"rendered":"<p>Yerden bir bu\u00e7uk metre kadar havada s\u00fcz\u00fcl\u00fcyordum. Ellerimi ve g\u00f6z kapaklar\u0131m\u0131 k\u0131p\u0131rdatmaya takatim yoktu. Uzaklarda bir \u0131\u015f\u0131k g\u00f6rd\u00fcm maviydi ama siyah gibiydi. Demek istiyorum ki siyah\u0131n<span class=\"excerpt-hellip\"> [\u2026]<\/span><\/p>\n","protected":false},"featured_media":0,"template":"","meta":{"_monsterinsights_skip_tracking":false,"_monsterinsights_sitenote_active":false,"_monsterinsights_sitenote_note":"","_monsterinsights_sitenote_category":0},"product_brand":[],"product_cat":[12274,12284],"product_tag":[],"class_list":{"0":"post-722440","1":"product","2":"type-product","3":"status-publish","5":"product_cat-cocuk-ve-genclik-kitaplari","6":"product_cat-hikayeler","7":"pa_cilt-ciltsiz","8":"pa_tur-kitap","9":"pa_yayinevi-fa-yayinlari","10":"pa_yazar-onur-mete-cam","12":"first","13":"instock","14":"sale","15":"shipping-taxable","16":"purchasable","17":"product-type-simple"},"_links":{"self":[{"href":"https:\/\/roveyayinevi.com.tr\/index.php\/wp-json\/wp\/v2\/product\/722440","targetHints":{"allow":["GET"]}}],"collection":[{"href":"https:\/\/roveyayinevi.com.tr\/index.php\/wp-json\/wp\/v2\/product"}],"about":[{"href":"https:\/\/roveyayinevi.com.tr\/index.php\/wp-json\/wp\/v2\/types\/product"}],"wp:attachment":[{"href":"https:\/\/roveyayinevi.com.tr\/index.php\/wp-json\/wp\/v2\/media?parent=722440"}],"wp:term":[{"taxonomy":"product_brand","embeddable":true,"href":"https:\/\/roveyayinevi.com.tr\/index.php\/wp-json\/wp\/v2\/product_brand?post=722440"},{"taxonomy":"product_cat","embeddable":true,"href":"https:\/\/roveyayinevi.com.tr\/index.php\/wp-json\/wp\/v2\/product_cat?post=722440"},{"taxonomy":"product_tag","embeddable":true,"href":"https:\/\/roveyayinevi.com.tr\/index.php\/wp-json\/wp\/v2\/product_tag?post=722440"}],"curies":[{"name":"wp","href":"https:\/\/api.w.org\/{rel}","templated":true}]}}