{"id":722439,"date":"2025-08-27T19:04:32","date_gmt":"2025-08-27T16:04:32","guid":{"rendered":"https:\/\/roveyayinevi.com.tr\/index.php\/urun\/yazar-adayinin-yolculugu\/"},"modified":"2026-04-06T12:51:57","modified_gmt":"2026-04-06T09:51:57","slug":"yazar-adayinin-yolculugu","status":"publish","type":"product","link":"https:\/\/roveyayinevi.com.tr\/index.php\/urun\/yazar-adayinin-yolculugu\/","title":{"rendered":"Yazar Aday\u0131n\u0131n Yolculu\u011fu"},"content":{"rendered":"<p>Yazarl\u0131k derslerine ya da seminerlerine olan ihtiyac\u0131n\u0131z, bu kitaba ya da yazarl\u0131k \u00fczerine herhangi ba\u015fka bir kitaba olan ihtiyac\u0131n\u0131zdan fazla de\u011fildir.  Okumal\u0131s\u0131n\u0131z. E\u011fer okumak i\u00e7in zaman\u0131n\u0131z yoksa yazmak i\u00e7in de yoktur. Okumak i\u00e7in zamana ihtiyac\u0131n\u0131z var ve televizyon \u00e7ok vaktinizi al\u0131yor. Yazd\u0131\u011f\u0131n\u0131z odada kesinlikle televizyon, telefon ya da oyunlar gibi size zaman kaybettirecek \u015feyler olmamal\u0131. E\u011fer bir pencereniz varsa ve bo\u015f duvara bakm\u0131yorsa, perdeleri \u00e7ekin ya da g\u00fcne\u015fli\u011fi indirin. \u00d6nce kendiniz i\u00e7in yaz\u0131n, sonra okuyacaklar i\u00e7in endi\u015felenin. Edilgen \u00e7at\u0131 kullanmay\u0131n. Belirte\u00e7 kullanmaktan ka\u00e7\u0131n\u0131n. &#8220;B\u00f6yle dedi&#8221;, &#8220;\u015f\u00f6yle dedi&#8221;gibi ifadeler insana mahsus olsa da Tanr\u0131&#8217;ya \u00f6zg\u00fcd\u00fcr. Gramer yap\u0131s\u0131n\u0131 saplant\u0131 haline getirmeyin. STEPHAN KING<\/p>\n","protected":false},"excerpt":{"rendered":"<p>Yazarl\u0131k derslerine ya da seminerlerine olan ihtiyac\u0131n\u0131z, bu kitaba ya da yazarl\u0131k \u00fczerine herhangi ba\u015fka bir kitaba olan ihtiyac\u0131n\u0131zdan fazla de\u011fildir. Okumal\u0131s\u0131n\u0131z. E\u011fer okumak i\u00e7in zaman\u0131n\u0131z<span class=\"excerpt-hellip\"> [\u2026]<\/span><\/p>\n","protected":false},"featured_media":0,"template":"","meta":{"_monsterinsights_skip_tracking":false,"_monsterinsights_sitenote_active":false,"_monsterinsights_sitenote_note":"","_monsterinsights_sitenote_category":0},"product_brand":[],"product_cat":[12567,12566],"product_tag":[],"class_list":{"0":"post-722439","1":"product","2":"type-product","3":"status-publish","5":"product_cat-diger-egitim","6":"product_cat-egitim","7":"pa_cilt-ciltsiz","8":"pa_tur-kitap","9":"pa_yayinevi-fa-yayinlari","10":"pa_yazar-ali-eryilmaz","12":"first","13":"instock","14":"sale","15":"shipping-taxable","16":"purchasable","17":"product-type-simple"},"_links":{"self":[{"href":"https:\/\/roveyayinevi.com.tr\/index.php\/wp-json\/wp\/v2\/product\/722439","targetHints":{"allow":["GET"]}}],"collection":[{"href":"https:\/\/roveyayinevi.com.tr\/index.php\/wp-json\/wp\/v2\/product"}],"about":[{"href":"https:\/\/roveyayinevi.com.tr\/index.php\/wp-json\/wp\/v2\/types\/product"}],"wp:attachment":[{"href":"https:\/\/roveyayinevi.com.tr\/index.php\/wp-json\/wp\/v2\/media?parent=722439"}],"wp:term":[{"taxonomy":"product_brand","embeddable":true,"href":"https:\/\/roveyayinevi.com.tr\/index.php\/wp-json\/wp\/v2\/product_brand?post=722439"},{"taxonomy":"product_cat","embeddable":true,"href":"https:\/\/roveyayinevi.com.tr\/index.php\/wp-json\/wp\/v2\/product_cat?post=722439"},{"taxonomy":"product_tag","embeddable":true,"href":"https:\/\/roveyayinevi.com.tr\/index.php\/wp-json\/wp\/v2\/product_tag?post=722439"}],"curies":[{"name":"wp","href":"https:\/\/api.w.org\/{rel}","templated":true}]}}