{"id":722437,"date":"2025-08-27T19:04:30","date_gmt":"2025-08-27T16:04:30","guid":{"rendered":"https:\/\/roveyayinevi.com.tr\/index.php\/urun\/mezar-odasi\/"},"modified":"2026-04-16T02:30:30","modified_gmt":"2026-04-15T23:30:30","slug":"mezar-odasi","status":"publish","type":"product","link":"https:\/\/roveyayinevi.com.tr\/index.php\/urun\/mezar-odasi\/","title":{"rendered":"Mezar Odas\u0131"},"content":{"rendered":"<p>-Son anda \u00f6l\u00fcm\u00fc akl\u0131na getiren neydi c\u00fcce?-Kral\u0131n mermer kadar so\u011fuk ve silik cesedine bakarken, boynuma do\u011fru inen k\u0131l\u0131\u00e7tan yans\u0131yan g\u00fcn \u0131\u015f\u0131\u011f\u0131yd\u0131.-K\u0131l\u0131\u00e7 de\u011fil miydi yani?K\u0131l\u0131c\u0131n, \u00f6l\u00fcm ile ya\u015fam aras\u0131nda bir arac\u0131 oldu\u011funu d\u00fc\u015f\u00fcnm\u00fcyordu. Alt\u0131n gibi, para gibi madde olan \u015feylere tak\u0131nt\u0131s\u0131, neyin ara\u00e7 ya da neyin ama\u00e7 oldu\u011fu hakk\u0131nda karar verme yetisini de bozmu\u015ftu. Nihat her zaman yapt\u0131\u011f\u0131 gibi, yere d\u00fc\u015fen g\u00f6lgeye bak\u0131yordu sadece, g\u00f6lgenin sahibi umurunda de\u011fildi. <\/p>\n","protected":false},"excerpt":{"rendered":"<p>-Son anda \u00f6l\u00fcm\u00fc akl\u0131na getiren neydi c\u00fcce?-Kral\u0131n mermer kadar so\u011fuk ve silik cesedine bakarken, boynuma do\u011fru inen k\u0131l\u0131\u00e7tan yans\u0131yan g\u00fcn \u0131\u015f\u0131\u011f\u0131yd\u0131.-K\u0131l\u0131\u00e7 de\u011fil miydi yani?K\u0131l\u0131c\u0131n, \u00f6l\u00fcm ile<span class=\"excerpt-hellip\"> [\u2026]<\/span><\/p>\n","protected":false},"featured_media":0,"template":"","meta":{"_monsterinsights_skip_tracking":false,"_monsterinsights_sitenote_active":false,"_monsterinsights_sitenote_note":"","_monsterinsights_sitenote_category":0},"product_brand":[],"product_cat":[12291,12711],"product_tag":[],"class_list":{"0":"post-722437","1":"product","2":"type-product","3":"status-publish","5":"product_cat-edebiyat","6":"product_cat-roman-oyku","7":"pa_cilt-ciltsiz","8":"pa_tur-kitap","9":"pa_yayinevi-fa-yayinlari","10":"pa_yazar-ali-eryilmaz","12":"first","13":"instock","14":"sale","15":"shipping-taxable","16":"purchasable","17":"product-type-simple"},"_links":{"self":[{"href":"https:\/\/roveyayinevi.com.tr\/index.php\/wp-json\/wp\/v2\/product\/722437","targetHints":{"allow":["GET"]}}],"collection":[{"href":"https:\/\/roveyayinevi.com.tr\/index.php\/wp-json\/wp\/v2\/product"}],"about":[{"href":"https:\/\/roveyayinevi.com.tr\/index.php\/wp-json\/wp\/v2\/types\/product"}],"wp:attachment":[{"href":"https:\/\/roveyayinevi.com.tr\/index.php\/wp-json\/wp\/v2\/media?parent=722437"}],"wp:term":[{"taxonomy":"product_brand","embeddable":true,"href":"https:\/\/roveyayinevi.com.tr\/index.php\/wp-json\/wp\/v2\/product_brand?post=722437"},{"taxonomy":"product_cat","embeddable":true,"href":"https:\/\/roveyayinevi.com.tr\/index.php\/wp-json\/wp\/v2\/product_cat?post=722437"},{"taxonomy":"product_tag","embeddable":true,"href":"https:\/\/roveyayinevi.com.tr\/index.php\/wp-json\/wp\/v2\/product_tag?post=722437"}],"curies":[{"name":"wp","href":"https:\/\/api.w.org\/{rel}","templated":true}]}}