{"id":722436,"date":"2025-08-27T19:04:29","date_gmt":"2025-08-27T16:04:29","guid":{"rendered":"https:\/\/roveyayinevi.com.tr\/index.php\/urun\/acilin-ben-anneyim\/"},"modified":"2026-04-16T02:30:30","modified_gmt":"2026-04-15T23:30:30","slug":"acilin-ben-anneyim","status":"publish","type":"product","link":"https:\/\/roveyayinevi.com.tr\/index.php\/urun\/acilin-ben-anneyim\/","title":{"rendered":"A\u00e7\u0131l\u0131n! Ben Anneyim"},"content":{"rendered":"<p>Bizler tarih yazanlar\u0131z, an\u0131 kay\u0131t\u00e7\u0131lar\u0131y\u0131z. Bizler s\u00fcm\u00fck yakalay\u0131c\u0131s\u0131y\u0131z, popo silicileriz. Bizler her \u015feyi g\u00f6rd\u00fck, her \u015feyi duyduk ve her \u015feyi koklad\u0131k ama ba\u015fka t\u00fcrl\u00fc yapamazd\u0131k. Bizler annelik ad\u0131 alt\u0131nda tek y\u00fcrek olan milyonlar\u0131z. Korkun\u00e7 ama gururluyuz.T\u00fcm re\u00e7etelerin bizi genelledi\u011fi \u015fu annelik yar\u0131\u015f\u0131nda en iyi annelik yapabildi\u011fin anneliktir. Jill Smokler bu kitab\u0131nda tozpembe hikayeleri ve m\u00fckemmel annelik ill\u00fczyonunu tozlanmaya b\u0131rak\u0131p d\u00fcnyan\u0131n d\u00f6rt bir yan\u0131ndan hepimizin ya\u015fad\u0131\u011f\u0131 ger\u00e7ek deneyimleri masaya yat\u0131r\u0131yor. Anneli\u011fin girdaplar\u0131nda bo\u011fuldu\u011funuzu hissetti\u011finizde bir cankurtaran halat\u0131 gibi tutup \u00e7ekmeniz i\u00e7in.Durun! A\u015fa\u011f\u0131daki Maddeleri Zihninize Kaz\u0131d\u0131\u011f\u0131n\u0131za Emin Olmadan Kitab\u0131n Kapa\u011f\u0131n\u0131 A\u00e7may\u0131n!-Hi\u00e7bir annenin m\u00fckemmel olmad\u0131\u011f\u0131n\u0131 ve \u00e7ocuklar\u0131m\u0131n benim sayemde ve hatta bazen de bana ra\u011fmen \u00e7ok b\u00fcy\u00fck i\u015fler ba\u015faracaklar\u0131n\u0131n fark\u0131nda olmal\u0131y\u0131m.-Bir ba\u015fka anneye fikrimi sormad\u0131\u011f\u0131 s\u00fcrece ak\u0131l vermekten ka\u00e7\u0131nmal\u0131y\u0131m \u00e7\u00fcnk\u00fc beni asla ilgilendirmez.-Annelikle ilgili her konuda mizah duygusuna sahip olmal\u0131y\u0131m.<\/p>\n","protected":false},"excerpt":{"rendered":"<p>Bizler tarih yazanlar\u0131z, an\u0131 kay\u0131t\u00e7\u0131lar\u0131y\u0131z. Bizler s\u00fcm\u00fck yakalay\u0131c\u0131s\u0131y\u0131z, popo silicileriz. Bizler her \u015feyi g\u00f6rd\u00fck, her \u015feyi duyduk ve her \u015feyi koklad\u0131k ama ba\u015fka t\u00fcrl\u00fc yapamazd\u0131k. Bizler<span class=\"excerpt-hellip\"> [\u2026]<\/span><\/p>\n","protected":false},"featured_media":0,"template":"","meta":{"_monsterinsights_skip_tracking":false,"_monsterinsights_sitenote_active":false,"_monsterinsights_sitenote_note":"","_monsterinsights_sitenote_category":0},"product_brand":[],"product_cat":[12831,12324],"product_tag":[],"class_list":{"0":"post-722436","1":"product","2":"type-product","3":"status-publish","5":"product_cat-aile-ve-cocuk","6":"product_cat-sosyoloji","7":"pa_cilt-ciltsiz","8":"pa_tur-kitap","9":"pa_yayinevi-beyaz-balina-yayinlari","10":"pa_yazar-jill-smokler","12":"first","13":"instock","14":"sale","15":"shipping-taxable","16":"purchasable","17":"product-type-simple"},"_links":{"self":[{"href":"https:\/\/roveyayinevi.com.tr\/index.php\/wp-json\/wp\/v2\/product\/722436","targetHints":{"allow":["GET"]}}],"collection":[{"href":"https:\/\/roveyayinevi.com.tr\/index.php\/wp-json\/wp\/v2\/product"}],"about":[{"href":"https:\/\/roveyayinevi.com.tr\/index.php\/wp-json\/wp\/v2\/types\/product"}],"wp:attachment":[{"href":"https:\/\/roveyayinevi.com.tr\/index.php\/wp-json\/wp\/v2\/media?parent=722436"}],"wp:term":[{"taxonomy":"product_brand","embeddable":true,"href":"https:\/\/roveyayinevi.com.tr\/index.php\/wp-json\/wp\/v2\/product_brand?post=722436"},{"taxonomy":"product_cat","embeddable":true,"href":"https:\/\/roveyayinevi.com.tr\/index.php\/wp-json\/wp\/v2\/product_cat?post=722436"},{"taxonomy":"product_tag","embeddable":true,"href":"https:\/\/roveyayinevi.com.tr\/index.php\/wp-json\/wp\/v2\/product_tag?post=722436"}],"curies":[{"name":"wp","href":"https:\/\/api.w.org\/{rel}","templated":true}]}}