{"id":722435,"date":"2025-08-27T19:04:28","date_gmt":"2025-08-27T16:04:28","guid":{"rendered":"https:\/\/roveyayinevi.com.tr\/index.php\/urun\/gokten-sarkan-oykuler\/"},"modified":"2026-04-16T02:30:30","modified_gmt":"2026-04-15T23:30:30","slug":"gokten-sarkan-oykuler","status":"publish","type":"product","link":"https:\/\/roveyayinevi.com.tr\/index.php\/urun\/gokten-sarkan-oykuler\/","title":{"rendered":"G\u00f6kten Sarkan \u00d6yk\u00fcler"},"content":{"rendered":"<p>1973 \u0130stanbul do\u011fumlu. 2004\u2019ten beri edebiyat \u00fcretiyor.2009\u2019dan beri Avustralya\u2019da ya\u015f\u0131yor. Evli ve bir k\u0131z babas\u0131.G\u00f6kten sarkan toplam 24 \u00f6yk\u00fc, okurun \u00f6zg\u00fcn birikimine g\u00f6re bi\u00e7imlenecek ve yeni anlamlar kazanacak. Sihirli de\u011fnek sizde.Gelecekteki An\u0131lar \u2013 \u201cTelefon \u00e7ald\u0131\u011f\u0131nda kimin arad\u0131\u011f\u0131n\u0131 bilirsiniz bazen. \u00d6yle bir \u015fey de\u011fil benimki. Daha b\u00fcy\u00fck bir g\u00fc\u00e7ten bahsediyorum.\u201dG\u00f6r\u00fcnmez Kenan \u2013 \u201cHastane koridorlar\u0131ndaki n\u00f6betine devam edebilmek i\u00e7in, ebedi yolculuk biletini teredd\u00fct etmeden ortadan ikiye y\u0131rtt\u0131.\u201dYa\u011fmurlu Bir \u0130stanbul Sabah\u0131 \u2013 \u201cM\u00fccadele eksik olmaz, tarihe tan\u0131kl\u0131k etmi\u015f co\u011frafyadan. Sarho\u015f edecek kadar g\u00fczel, yoldan \u00e7\u0131kartacak kadar ba\u015f d\u00f6nd\u00fcr\u00fcc\u00fc devasa \u015fehirde kal\u0131c\u0131 olman\u0131n bedeli ya a\u015f\u0131k ya tutsak olmakt\u0131r.\u201d<\/p>\n","protected":false},"excerpt":{"rendered":"<p>1973 \u0130stanbul do\u011fumlu. 2004\u2019ten beri edebiyat \u00fcretiyor.2009\u2019dan beri Avustralya\u2019da ya\u015f\u0131yor. Evli ve bir k\u0131z babas\u0131.G\u00f6kten sarkan toplam 24 \u00f6yk\u00fc, okurun \u00f6zg\u00fcn birikimine g\u00f6re bi\u00e7imlenecek ve yeni<span class=\"excerpt-hellip\"> [\u2026]<\/span><\/p>\n","protected":false},"featured_media":0,"template":"","meta":{"_monsterinsights_skip_tracking":false,"_monsterinsights_sitenote_active":false,"_monsterinsights_sitenote_note":"","_monsterinsights_sitenote_category":0},"product_brand":[],"product_cat":[12291,12711],"product_tag":[],"class_list":{"0":"post-722435","1":"product","2":"type-product","3":"status-publish","5":"product_cat-edebiyat","6":"product_cat-roman-oyku","7":"pa_cilt-ciltsiz","8":"pa_tur-kitap","9":"pa_yayinevi-perseus","10":"pa_yazar-murad-ertaylan","12":"first","13":"instock","14":"sale","15":"shipping-taxable","16":"purchasable","17":"product-type-simple"},"_links":{"self":[{"href":"https:\/\/roveyayinevi.com.tr\/index.php\/wp-json\/wp\/v2\/product\/722435","targetHints":{"allow":["GET"]}}],"collection":[{"href":"https:\/\/roveyayinevi.com.tr\/index.php\/wp-json\/wp\/v2\/product"}],"about":[{"href":"https:\/\/roveyayinevi.com.tr\/index.php\/wp-json\/wp\/v2\/types\/product"}],"wp:attachment":[{"href":"https:\/\/roveyayinevi.com.tr\/index.php\/wp-json\/wp\/v2\/media?parent=722435"}],"wp:term":[{"taxonomy":"product_brand","embeddable":true,"href":"https:\/\/roveyayinevi.com.tr\/index.php\/wp-json\/wp\/v2\/product_brand?post=722435"},{"taxonomy":"product_cat","embeddable":true,"href":"https:\/\/roveyayinevi.com.tr\/index.php\/wp-json\/wp\/v2\/product_cat?post=722435"},{"taxonomy":"product_tag","embeddable":true,"href":"https:\/\/roveyayinevi.com.tr\/index.php\/wp-json\/wp\/v2\/product_tag?post=722435"}],"curies":[{"name":"wp","href":"https:\/\/api.w.org\/{rel}","templated":true}]}}