{"id":722432,"date":"2025-08-27T19:04:25","date_gmt":"2025-08-27T16:04:25","guid":{"rendered":"https:\/\/roveyayinevi.com.tr\/index.php\/urun\/dev-civciv-ciltli\/"},"modified":"2025-08-31T16:23:16","modified_gmt":"2025-08-31T13:23:16","slug":"dev-civciv-ciltli","status":"publish","type":"product","link":"https:\/\/roveyayinevi.com.tr\/index.php\/urun\/dev-civciv-ciltli\/","title":{"rendered":"Dev Civciv (Ciltli)"},"content":{"rendered":"<p>Bir g\u00fcn k\u00fc\u00e7\u00fcc\u00fck bir \u00e7iftlikteki mini minnac\u0131k bir tavuk kocaman bir yumurta yumurtlar. Ve o kocaman yumurtadan dev gibi bir civciv \u00e7\u0131kar. Bu koca civcivi kar\u015f\u0131lar\u0131nda g\u00f6ren ufac\u0131k horoz ve tavuklar onun bir civciv olmad\u0131\u011f\u0131na karar verirler. Olsa olsa bir fil, bir sincap ya da belki bir \u015femsiyedir ama civciv de\u011fil. Bu duruma \u00e7ok \u00fcz\u00fclen Dev Civciv acaba bu \u015fa\u015fk\u0131n tavuklara onlardan biri oldu\u011funu kan\u0131tlayabilecek midir?<\/p>\n","protected":false},"excerpt":{"rendered":"<p>Bir g\u00fcn k\u00fc\u00e7\u00fcc\u00fck bir \u00e7iftlikteki mini minnac\u0131k bir tavuk kocaman bir yumurta yumurtlar. Ve o kocaman yumurtadan dev gibi bir civciv \u00e7\u0131kar. Bu koca civcivi kar\u015f\u0131lar\u0131nda<span class=\"excerpt-hellip\"> [\u2026]<\/span><\/p>\n","protected":false},"featured_media":0,"template":"","meta":{"_monsterinsights_skip_tracking":false,"_monsterinsights_sitenote_active":false,"_monsterinsights_sitenote_note":"","_monsterinsights_sitenote_category":0},"product_brand":[],"product_cat":[12274,12284],"product_tag":[],"class_list":{"0":"post-722432","1":"product","2":"type-product","3":"status-publish","5":"product_cat-cocuk-ve-genclik-kitaplari","6":"product_cat-hikayeler","7":"pa_cilt-ciltli","8":"pa_tur-kitap","9":"pa_yayinevi-beyaz-balina-yayinlari","10":"pa_yazar-keith-graves","12":"first","13":"instock","14":"sale","15":"shipping-taxable","16":"purchasable","17":"product-type-simple"},"_links":{"self":[{"href":"https:\/\/roveyayinevi.com.tr\/index.php\/wp-json\/wp\/v2\/product\/722432","targetHints":{"allow":["GET"]}}],"collection":[{"href":"https:\/\/roveyayinevi.com.tr\/index.php\/wp-json\/wp\/v2\/product"}],"about":[{"href":"https:\/\/roveyayinevi.com.tr\/index.php\/wp-json\/wp\/v2\/types\/product"}],"wp:attachment":[{"href":"https:\/\/roveyayinevi.com.tr\/index.php\/wp-json\/wp\/v2\/media?parent=722432"}],"wp:term":[{"taxonomy":"product_brand","embeddable":true,"href":"https:\/\/roveyayinevi.com.tr\/index.php\/wp-json\/wp\/v2\/product_brand?post=722432"},{"taxonomy":"product_cat","embeddable":true,"href":"https:\/\/roveyayinevi.com.tr\/index.php\/wp-json\/wp\/v2\/product_cat?post=722432"},{"taxonomy":"product_tag","embeddable":true,"href":"https:\/\/roveyayinevi.com.tr\/index.php\/wp-json\/wp\/v2\/product_tag?post=722432"}],"curies":[{"name":"wp","href":"https:\/\/api.w.org\/{rel}","templated":true}]}}