{"id":722429,"date":"2025-08-27T19:04:12","date_gmt":"2025-08-27T16:04:12","guid":{"rendered":"https:\/\/roveyayinevi.com.tr\/index.php\/urun\/kutadgu-bilig-ciltli\/"},"modified":"2026-02-02T02:34:06","modified_gmt":"2026-02-01T23:34:06","slug":"kutadgu-bilig-ciltli","status":"publish","type":"product","link":"https:\/\/roveyayinevi.com.tr\/index.php\/urun\/kutadgu-bilig-ciltli\/","title":{"rendered":"Kutadgu Bilig (Ciltli)"},"content":{"rendered":"<p>M\u00fcellifi Y\u00fbsuf H\u00e2s H\u00e2cib taraf\u0131ndan, \u201cher iki d\u00fcnyay\u0131 birden tutan bir el\u201d olarak nitelendirilen Kutadgu Bilig, Balasagun\u2019da telif edilmeye ba\u015flanm\u0131\u015f, on sekiz ay s\u00fcren bir yazma faaliyetinden sonra K\u00e2\u015fgar\u2019da 1069\/1070 y\u0131llar\u0131nda tamamlanarak Karahanl\u0131 h\u00fck\u00fcmdar\u0131 S\u00fcleyman Arslan Hakan o\u011flu Tavga\u00e7 Ulu\u011f Bu\u011fra Han\u2019a sunulup huzurunda okunmu\u015f b\u00fcy\u00fck bir siyasetnamedir. M\u00fcsl\u00fcman T\u00fcrk k\u00fclt\u00fcr\u00fcn\u00fcn temellerinin at\u0131ld\u0131\u011f\u0131, T\u00fcrk y\u00fckseli\u015finin u\u011furlu zaferlerle dolu bir y\u00fckseli\u015f devrinde, b\u00fcy\u00fck s\u00f6zl\u00fc\u011f\u00fcm\u00fcz Div\u00e2nu Lugati&#8217;t-T\u00fcrk&#8217;le \u00e7a\u011fda\u015f ve onun gibi abidevi bir eser olarak mill\u00ee k\u00fclt\u00fcr ve irfan\u0131m\u0131z\u0131n bur\u00e7lar\u0131ndan birini olu\u015fturan eserin amac\u0131, &#8220;ideal bir toplum ve bu toplumun y\u00f6netimi nas\u0131l olmal\u0131d\u0131r?&#8221; sorusunun cevab\u0131nda yatar. Zaman\u0131n ge\u00e7icili\u011finden bahsederken t\u00fcrl\u00fc sosyal ili\u015fkilerin normlar\u0131n\u0131 kurarak maddi d\u00fcnyaya da s\u0131k\u0131ca tutunan, ideal ya\u015fam esaslar\u0131n\u0131 tespit ederek T\u00fcrk halk\u0131n\u0131n ahlak, hukuk ve ki\u015filer aras\u0131 ili\u015fkileriyle birlikte y\u00f6netimin ideal bir bi\u00e7imde d\u00fczenlenmesi i\u00e7in gerekli olan hususlar\u0131 naz\u0131m diliyle ortaya koyan bu nasihatname, ayr\u0131ca \u0130slami T\u00fcrk edebiyat\u0131n\u0131n bilinen ilk b\u00fcy\u00fck eseri ve 6722 beytiyle dilimizde kaleme al\u0131nm\u0131\u015f mesnevi tarz\u0131nda ilk edeb\u00ee \u00fcr\u00fcnd\u00fcr. Onda d\u00fcnyevi iktidar ve uhrevi saadetin kab\u0131 olarak \u00e7at\u0131\u015fmak \u00fczere birbirine sokulan ferd\u00ee ve sosyal \u00e7eli\u015fkilerin dengeli bir ahlakla nas\u0131l telif edilece\u011finin yollar\u0131n\u0131 buluruz.Ki\u015fi kadrosunda, do\u011fru yasay\u0131 ve adaleti temsil eden ka\u011fan G\u00fcndo\u011fdu, siyasi hakimiyeti ve mutlulu\u011fu temsil eden vezir Aydoldu, onun o\u011flu olarak vezareti \u00fcstlenen ve anlay\u0131\u015f\u0131, akl\u0131 temsil eden \u00d6\u011fd\u00fclm\u00fc\u015f, kanaati, ak\u0131beti, tefekk\u00fcr ederek ger\u00e7e\u011fi bulmay\u0131 temsil eden ve \u00d6\u011fd\u00fclm\u00fc\u015f\u2019\u00fcn akrabas\u0131 olan Odgurmu\u015f\u2019un yer ald\u0131\u011f\u0131 Kutadgu Bilig, bu yan\u0131yla da yar\u0131 hik\u00e2ye yar\u0131 tiyatro tarz\u0131nda kurulmu\u015f alegorik bir eserdir.\u00d6mr\u00fcn\u00fcn k\u0131rk y\u0131l\u0131n\u0131 \u00d6t\u00fcken T\u00fcrk\u00e7e S\u00f6zl\u00fck\u2019\u00fcn derlenmesine hasreden Ya\u015far \u00c7a\u011fbay\u0131r taraf\u0131ndan hem \u00e7eviri yaz\u0131 hem de T\u00fcrkiye T\u00fcrk\u00e7esine aktar\u0131lm\u0131\u015f metniyle bak\u0131\u015f\u0131ml\u0131 olarak yay\u0131ma haz\u0131rlanan Kutadgu Bilig, yaz\u0131l\u0131\u015f\u0131n\u0131n 950. y\u0131l\u0131nda iki d\u00fcnya mutlulu\u011funun anahtar\u0131n\u0131 elinde tutmay\u0131 eskimeyen bilgeli\u011fiyle s\u00fcrd\u00fcr\u00fcyor.<\/p>\n","protected":false},"excerpt":{"rendered":"<p>M\u00fcellifi Y\u00fbsuf H\u00e2s H\u00e2cib taraf\u0131ndan, \u201cher iki d\u00fcnyay\u0131 birden tutan bir el\u201d olarak nitelendirilen Kutadgu Bilig, Balasagun\u2019da telif edilmeye ba\u015flanm\u0131\u015f, on sekiz ay s\u00fcren bir yazma<span class=\"excerpt-hellip\"> [\u2026]<\/span><\/p>\n","protected":false},"featured_media":0,"template":"","meta":{"_monsterinsights_skip_tracking":false,"_monsterinsights_sitenote_active":false,"_monsterinsights_sitenote_note":"","_monsterinsights_sitenote_category":0},"product_brand":[],"product_cat":[12388,15536],"product_tag":[],"class_list":{"0":"post-722429","1":"product","2":"type-product","3":"status-publish","5":"product_cat-felsefe","6":"product_cat-siyaset-felsefesi","7":"pa_cilt-ciltli","8":"pa_tur-kitap","9":"pa_yayinevi-otuken-nesriyat","10":"pa_yazar-yusuf-has-hacib","12":"first","13":"instock","14":"sale","15":"shipping-taxable","16":"purchasable","17":"product-type-simple"},"_links":{"self":[{"href":"https:\/\/roveyayinevi.com.tr\/index.php\/wp-json\/wp\/v2\/product\/722429","targetHints":{"allow":["GET"]}}],"collection":[{"href":"https:\/\/roveyayinevi.com.tr\/index.php\/wp-json\/wp\/v2\/product"}],"about":[{"href":"https:\/\/roveyayinevi.com.tr\/index.php\/wp-json\/wp\/v2\/types\/product"}],"wp:attachment":[{"href":"https:\/\/roveyayinevi.com.tr\/index.php\/wp-json\/wp\/v2\/media?parent=722429"}],"wp:term":[{"taxonomy":"product_brand","embeddable":true,"href":"https:\/\/roveyayinevi.com.tr\/index.php\/wp-json\/wp\/v2\/product_brand?post=722429"},{"taxonomy":"product_cat","embeddable":true,"href":"https:\/\/roveyayinevi.com.tr\/index.php\/wp-json\/wp\/v2\/product_cat?post=722429"},{"taxonomy":"product_tag","embeddable":true,"href":"https:\/\/roveyayinevi.com.tr\/index.php\/wp-json\/wp\/v2\/product_tag?post=722429"}],"curies":[{"name":"wp","href":"https:\/\/api.w.org\/{rel}","templated":true}]}}