{"id":722427,"date":"2025-08-27T19:04:10","date_gmt":"2025-08-27T16:04:10","guid":{"rendered":"https:\/\/roveyayinevi.com.tr\/index.php\/urun\/katip-bartleby-7\/"},"modified":"2026-04-16T02:30:30","modified_gmt":"2026-04-15T23:30:30","slug":"katip-bartleby-7","status":"publish","type":"product","link":"https:\/\/roveyayinevi.com.tr\/index.php\/urun\/katip-bartleby-7\/","title":{"rendered":"Katip Bartleby"},"content":{"rendered":"<p>Bartleby, Wall Street\u2019teki bir hukuk b\u00fcrosunda \u00e7al\u0131\u015f\u0131yor ama verilen g\u00f6revleri yapmamay\u0131 tercih ederek patronuna, kendisini kovmak d\u0131\u015f\u0131nda bir se\u00e7enek b\u0131rakm\u0131yor. Tabii bu o kadar kolay olmayacak, \u00e7\u00fcnk\u00fc Bartleby kovulmamay\u0131 da tercih edebilir. K\u00e2tip Bartleby\u2019de Herman Melville, edebiyata unutulmaz bir kahraman arma\u011fan ediyor.<\/p>\n","protected":false},"excerpt":{"rendered":"<p>Bartleby, Wall Street\u2019teki bir hukuk b\u00fcrosunda \u00e7al\u0131\u015f\u0131yor ama verilen g\u00f6revleri yapmamay\u0131 tercih ederek patronuna, kendisini kovmak d\u0131\u015f\u0131nda bir se\u00e7enek b\u0131rakm\u0131yor. Tabii bu o kadar kolay olmayacak,<span class=\"excerpt-hellip\"> [\u2026]<\/span><\/p>\n","protected":false},"featured_media":0,"template":"","meta":{"_monsterinsights_skip_tracking":false,"_monsterinsights_sitenote_active":false,"_monsterinsights_sitenote_note":"","_monsterinsights_sitenote_category":0},"product_brand":[],"product_cat":[12291,12711],"product_tag":[],"class_list":{"0":"post-722427","1":"product","2":"type-product","3":"status-publish","5":"product_cat-edebiyat","6":"product_cat-roman-oyku","7":"pa_cilt-ciltsiz","8":"pa_tur-kitap","9":"pa_yayinevi-turkuvaz-kitap","10":"pa_yazar-herman-melville","12":"first","13":"instock","14":"sale","15":"shipping-taxable","16":"purchasable","17":"product-type-simple"},"_links":{"self":[{"href":"https:\/\/roveyayinevi.com.tr\/index.php\/wp-json\/wp\/v2\/product\/722427","targetHints":{"allow":["GET"]}}],"collection":[{"href":"https:\/\/roveyayinevi.com.tr\/index.php\/wp-json\/wp\/v2\/product"}],"about":[{"href":"https:\/\/roveyayinevi.com.tr\/index.php\/wp-json\/wp\/v2\/types\/product"}],"wp:attachment":[{"href":"https:\/\/roveyayinevi.com.tr\/index.php\/wp-json\/wp\/v2\/media?parent=722427"}],"wp:term":[{"taxonomy":"product_brand","embeddable":true,"href":"https:\/\/roveyayinevi.com.tr\/index.php\/wp-json\/wp\/v2\/product_brand?post=722427"},{"taxonomy":"product_cat","embeddable":true,"href":"https:\/\/roveyayinevi.com.tr\/index.php\/wp-json\/wp\/v2\/product_cat?post=722427"},{"taxonomy":"product_tag","embeddable":true,"href":"https:\/\/roveyayinevi.com.tr\/index.php\/wp-json\/wp\/v2\/product_tag?post=722427"}],"curies":[{"name":"wp","href":"https:\/\/api.w.org\/{rel}","templated":true}]}}