{"id":722426,"date":"2025-08-27T19:04:09","date_gmt":"2025-08-27T16:04:09","guid":{"rendered":"https:\/\/roveyayinevi.com.tr\/index.php\/urun\/deniz-feneri-6\/"},"modified":"2026-04-08T02:38:04","modified_gmt":"2026-04-07T23:38:04","slug":"deniz-feneri-6","status":"publish","type":"product","link":"https:\/\/roveyayinevi.com.tr\/index.php\/urun\/deniz-feneri-6\/","title":{"rendered":"Deniz Feneri"},"content":{"rendered":"<p>Deniz Feneri, yazlar\u0131n\u0131 \u0130sko\u00e7ya\u2019da ge\u00e7iren \u0130ngiliz bir ailenin ve bu aileyi \u00e7evreleyen insanlar\u0131n g\u00fcnl\u00fck ya\u015fant\u0131s\u0131n\u0131 anlat\u0131r. Woolf\u2019un di\u011fer eserlerinde a\u011f\u0131rl\u0131kl\u0131 hissedilen bilin\u00e7 ak\u0131\u015f\u0131 bu kitab\u0131nda da kendisine yer bulurken, Woolf \u201cyazar bir kamerad\u0131r\u201d fikrinden \u201cyazar kahraman\u0131n ruhundad\u0131r\u201d anlay\u0131\u015f\u0131na ge\u00e7i\u015f yap\u0131yor ve okura kendi hayat\u0131ndan kesitler de i\u00e7eren bir anlat\u0131 sunuyor.<\/p>\n","protected":false},"excerpt":{"rendered":"<p>Deniz Feneri, yazlar\u0131n\u0131 \u0130sko\u00e7ya\u2019da ge\u00e7iren \u0130ngiliz bir ailenin ve bu aileyi \u00e7evreleyen insanlar\u0131n g\u00fcnl\u00fck ya\u015fant\u0131s\u0131n\u0131 anlat\u0131r. Woolf\u2019un di\u011fer eserlerinde a\u011f\u0131rl\u0131kl\u0131 hissedilen bilin\u00e7 ak\u0131\u015f\u0131 bu kitab\u0131nda da<span class=\"excerpt-hellip\"> [\u2026]<\/span><\/p>\n","protected":false},"featured_media":0,"template":"","meta":{"_monsterinsights_skip_tracking":false,"_monsterinsights_sitenote_active":false,"_monsterinsights_sitenote_note":"","_monsterinsights_sitenote_category":0},"product_brand":[],"product_cat":[12291,12711],"product_tag":[],"class_list":{"0":"post-722426","1":"product","2":"type-product","3":"status-publish","5":"product_cat-edebiyat","6":"product_cat-roman-oyku","7":"pa_cilt-ciltsiz","8":"pa_tur-kitap","9":"pa_yayinevi-turkuvaz-kitap","10":"pa_yazar-virginia-woolf","12":"first","13":"instock","14":"sale","15":"shipping-taxable","16":"purchasable","17":"product-type-simple"},"_links":{"self":[{"href":"https:\/\/roveyayinevi.com.tr\/index.php\/wp-json\/wp\/v2\/product\/722426","targetHints":{"allow":["GET"]}}],"collection":[{"href":"https:\/\/roveyayinevi.com.tr\/index.php\/wp-json\/wp\/v2\/product"}],"about":[{"href":"https:\/\/roveyayinevi.com.tr\/index.php\/wp-json\/wp\/v2\/types\/product"}],"wp:attachment":[{"href":"https:\/\/roveyayinevi.com.tr\/index.php\/wp-json\/wp\/v2\/media?parent=722426"}],"wp:term":[{"taxonomy":"product_brand","embeddable":true,"href":"https:\/\/roveyayinevi.com.tr\/index.php\/wp-json\/wp\/v2\/product_brand?post=722426"},{"taxonomy":"product_cat","embeddable":true,"href":"https:\/\/roveyayinevi.com.tr\/index.php\/wp-json\/wp\/v2\/product_cat?post=722426"},{"taxonomy":"product_tag","embeddable":true,"href":"https:\/\/roveyayinevi.com.tr\/index.php\/wp-json\/wp\/v2\/product_tag?post=722426"}],"curies":[{"name":"wp","href":"https:\/\/api.w.org\/{rel}","templated":true}]}}