{"id":722424,"date":"2025-08-27T19:04:08","date_gmt":"2025-08-27T16:04:08","guid":{"rendered":"https:\/\/roveyayinevi.com.tr\/index.php\/urun\/basarinin-yolu-yabancilar-icin-cince-ogretimi-kitap-serisi-cdli\/"},"modified":"2026-04-16T02:30:30","modified_gmt":"2026-04-15T23:30:30","slug":"basarinin-yolu-yabancilar-icin-cince-ogretimi-kitap-serisi-cdli","status":"publish","type":"product","link":"https:\/\/roveyayinevi.com.tr\/index.php\/urun\/basarinin-yolu-yabancilar-icin-cince-ogretimi-kitap-serisi-cdli\/","title":{"rendered":"Ba\u015far\u0131n\u0131n Yolu &#8211; Yabanc\u0131lar i\u00e7in \u00c7ince \u00d6\u011fretimi Kitap Serisi CD\u2019li"},"content":{"rendered":"<p>Ana dili \u00c7ince olmayanlar i\u00e7in haz\u0131rlanm\u0131\u015f \u00c7ince \u00f6\u011fretimi kitap serisi \u201cBa\u015far\u0131n\u0131n Yolu\u201d K\u0131rm\u0131z\u0131 Kedi Yay\u0131nlar\u0131 etiketiyle yay\u0131mland\u0131.  Alan\u0131nda uzman e\u011fitimciler ve edit\u00f6rler taraf\u0131ndan geli\u015ftirilen, \u00c7inceyi \u201ckendi kendine\u201d \u00f6\u011frenmek isteyenler i\u00e7in \u00f6zel olarak kapsaml\u0131 \u00f6\u011fretim metotlar\u0131 ile haz\u0131rlanan \u201cBa\u015far\u0131n\u0131n Yolu\u201d serisi, ayn\u0131 zamanda \u00c7in k\u00fclt\u00fcr\u00fcn\u00fc de yak\u0131ndan tan\u0131man\u0131z\u0131 sa\u011flayacak zengin i\u00e7eri\u011fe sahip.  Serinin \u201cba\u015flang\u0131\u00e7\u201d kitaplar\u0131n\u0131 olu\u015fturan ilk iki ciltte toplam yedi \u00fcnite ve 28 konu yer al\u0131yor. Her konu kendi i\u00e7inde Metin, Yeni Kelimeler, Konu\u015fmay\u0131 \u00d6\u011frenelim, P\u00fcf Noktas\u0131, \u00c7ince Karakterleri \u00d6\u011frenelim, Okuma ve Yazma Al\u0131\u015ft\u0131rmalar\u0131 ve Kapsaml\u0131 Al\u0131\u015ft\u0131rmalar ba\u015fl\u0131klar\u0131 alt\u0131nda b\u00f6l\u00fcmlere ayr\u0131l\u0131yor. \u0130ki kitaba ek olarak verilen al\u0131\u015ft\u0131rma kitaplar\u0131 ve CD ile daha fazla pratik yapabileceksiniz. Bu yo\u011funla\u015ft\u0131r\u0131lm\u0131\u015f metotla, iki cildi bitirdikten sonra 600\u2019den fazla \u00c7ince kelimeyi kullanabilir ve 400\u2019den fazla \u00c7ince karakteri yazabilir hale geleceksiniz.<\/p>\n","protected":false},"excerpt":{"rendered":"<p>Ana dili \u00c7ince olmayanlar i\u00e7in haz\u0131rlanm\u0131\u015f \u00c7ince \u00f6\u011fretimi kitap serisi \u201cBa\u015far\u0131n\u0131n Yolu\u201d K\u0131rm\u0131z\u0131 Kedi Yay\u0131nlar\u0131 etiketiyle yay\u0131mland\u0131. Alan\u0131nda uzman e\u011fitimciler ve edit\u00f6rler taraf\u0131ndan geli\u015ftirilen, \u00c7inceyi \u201ckendi<span class=\"excerpt-hellip\"> [\u2026]<\/span><\/p>\n","protected":false},"featured_media":0,"template":"","meta":{"_monsterinsights_skip_tracking":false,"_monsterinsights_sitenote_active":false,"_monsterinsights_sitenote_note":"","_monsterinsights_sitenote_category":0},"product_brand":[],"product_cat":[35333,14597,12566],"product_tag":[],"class_list":{"0":"post-722424","1":"product","2":"type-product","3":"status-publish","5":"product_cat-cince","6":"product_cat-dil-ogrenimi","7":"product_cat-egitim","8":"pa_cilt-ciltsiz","9":"pa_tur-kitap","10":"pa_yayinevi-kirmizi-kedi-yayinevi","11":"pa_yazar-li-zhang","13":"first","14":"instock","15":"sale","16":"shipping-taxable","17":"purchasable","18":"product-type-simple"},"_links":{"self":[{"href":"https:\/\/roveyayinevi.com.tr\/index.php\/wp-json\/wp\/v2\/product\/722424","targetHints":{"allow":["GET"]}}],"collection":[{"href":"https:\/\/roveyayinevi.com.tr\/index.php\/wp-json\/wp\/v2\/product"}],"about":[{"href":"https:\/\/roveyayinevi.com.tr\/index.php\/wp-json\/wp\/v2\/types\/product"}],"wp:attachment":[{"href":"https:\/\/roveyayinevi.com.tr\/index.php\/wp-json\/wp\/v2\/media?parent=722424"}],"wp:term":[{"taxonomy":"product_brand","embeddable":true,"href":"https:\/\/roveyayinevi.com.tr\/index.php\/wp-json\/wp\/v2\/product_brand?post=722424"},{"taxonomy":"product_cat","embeddable":true,"href":"https:\/\/roveyayinevi.com.tr\/index.php\/wp-json\/wp\/v2\/product_cat?post=722424"},{"taxonomy":"product_tag","embeddable":true,"href":"https:\/\/roveyayinevi.com.tr\/index.php\/wp-json\/wp\/v2\/product_tag?post=722424"}],"curies":[{"name":"wp","href":"https:\/\/api.w.org\/{rel}","templated":true}]}}