{"id":722423,"date":"2025-08-27T19:04:07","date_gmt":"2025-08-27T16:04:07","guid":{"rendered":"https:\/\/roveyayinevi.com.tr\/index.php\/urun\/simsiyah-soulages-ile-konusmak\/"},"modified":"2026-04-16T02:30:30","modified_gmt":"2026-04-15T23:30:30","slug":"simsiyah-soulages-ile-konusmak","status":"publish","type":"product","link":"https:\/\/roveyayinevi.com.tr\/index.php\/urun\/simsiyah-soulages-ile-konusmak\/","title":{"rendered":"Simsiyah Soulages ile Konu\u015fmak"},"content":{"rendered":"<p>Ya\u015fayan en \u201cde\u011ferli\u201d ressamlar aras\u0131nda ba\u015f\u0131 \u00e7eken Pierre Soulages i\u00e7in Louvre M\u00fczesi\u2019nde 2019\u2019dan 2020\u2019ye ge\u00e7erken bir retrospektif sergisi d\u00fczenlendi. Enis Batur, 20 y\u0131l \u00f6nce ustayla yapt\u0131\u011f\u0131 bug\u00fcne dek okura ula\u015fmam\u0131\u015f bir s\u00f6yle\u015fi etraf\u0131na Simsiyah\u2019a \u00f6vg\u00fc \u00f6rd\u00fc.<\/p>\n","protected":false},"excerpt":{"rendered":"<p>Ya\u015fayan en \u201cde\u011ferli\u201d ressamlar aras\u0131nda ba\u015f\u0131 \u00e7eken Pierre Soulages i\u00e7in Louvre M\u00fczesi\u2019nde 2019\u2019dan 2020\u2019ye ge\u00e7erken bir retrospektif sergisi d\u00fczenlendi. Enis Batur, 20 y\u0131l \u00f6nce ustayla yapt\u0131\u011f\u0131<span class=\"excerpt-hellip\"> [\u2026]<\/span><\/p>\n","protected":false},"featured_media":0,"template":"","meta":{"_monsterinsights_skip_tracking":false,"_monsterinsights_sitenote_active":false,"_monsterinsights_sitenote_note":"","_monsterinsights_sitenote_category":0},"product_brand":[],"product_cat":[12291,30969],"product_tag":[],"class_list":{"0":"post-722423","1":"product","2":"type-product","3":"status-publish","5":"product_cat-edebiyat","6":"product_cat-soylesi-edebiyat","7":"pa_cilt-ciltsiz","8":"pa_tur-kitap","9":"pa_yayinevi-kirmizi-kedi-yayinevi","10":"pa_yazar-enis-batur","12":"first","13":"instock","14":"sale","15":"shipping-taxable","16":"purchasable","17":"product-type-simple"},"_links":{"self":[{"href":"https:\/\/roveyayinevi.com.tr\/index.php\/wp-json\/wp\/v2\/product\/722423","targetHints":{"allow":["GET"]}}],"collection":[{"href":"https:\/\/roveyayinevi.com.tr\/index.php\/wp-json\/wp\/v2\/product"}],"about":[{"href":"https:\/\/roveyayinevi.com.tr\/index.php\/wp-json\/wp\/v2\/types\/product"}],"wp:attachment":[{"href":"https:\/\/roveyayinevi.com.tr\/index.php\/wp-json\/wp\/v2\/media?parent=722423"}],"wp:term":[{"taxonomy":"product_brand","embeddable":true,"href":"https:\/\/roveyayinevi.com.tr\/index.php\/wp-json\/wp\/v2\/product_brand?post=722423"},{"taxonomy":"product_cat","embeddable":true,"href":"https:\/\/roveyayinevi.com.tr\/index.php\/wp-json\/wp\/v2\/product_cat?post=722423"},{"taxonomy":"product_tag","embeddable":true,"href":"https:\/\/roveyayinevi.com.tr\/index.php\/wp-json\/wp\/v2\/product_tag?post=722423"}],"curies":[{"name":"wp","href":"https:\/\/api.w.org\/{rel}","templated":true}]}}