{"id":722420,"date":"2025-08-27T19:04:05","date_gmt":"2025-08-27T16:04:05","guid":{"rendered":"https:\/\/roveyayinevi.com.tr\/index.php\/urun\/damat\/"},"modified":"2026-04-16T02:30:30","modified_gmt":"2026-04-15T23:30:30","slug":"damat","status":"publish","type":"product","link":"https:\/\/roveyayinevi.com.tr\/index.php\/urun\/damat\/","title":{"rendered":"Damat"},"content":{"rendered":"<p>AKP\u2019lilerin Fet*hullah\u00e7\u0131 damatlar\u0131 ya da Fet*hullah\u00e7\u0131lar\u0131n AKP\u2019li kay\u0131npederleri&#8230; \u0130sim isim o damatlar, o kay\u0131npederler&#8230; Adil \u00d6ks\u00fcz\u2019\u00fcn kay\u0131npederi Cevat Y\u0131ld\u0131r\u0131m ve ailesinin s\u0131rlar\u0131&#8230; Adil \u00d6ks\u00fcz\u2019\u00fcn bilinmeyen son toplant\u0131s\u0131nda kimler vard\u0131? Adil \u00d6ks\u00fcz\u2019\u00fcn e\u015fi Aynur \u00d6ks\u00fcz\u2019\u00fcn 15 Temmuz darbe giri\u015fiminden 10 g\u00fcn \u00f6nce ailesine g\u00f6nderdi\u011fi \u00fc\u00e7 ayr\u0131 telefon mesaj\u0131nda ne yaz\u0131yor? AKP milletvekili telefonda kiminle \u201cT\u00fcrkiye Cumhuriyeti\u2019nin mafyas\u0131, Ye\u015fil\u2019in arkada\u015f\u0131\u201d diye konu\u015ftu? Ramazan Aky\u00fcrek\u2019in yard\u0131mc\u0131 istihbarat eleman\u0131ndan bu kitaba \u00f6zel itiraflar&#8230; Fe*thullah G\u00fclen\u2019in \u201csa\u011f kolu\u201d olarak bilinen isim nas\u0131l AKP\u2019ye damat oldu? Kadir Topba\u015f\u2019\u0131n o\u011flu, eni\u015ftesine destek i\u00e7in ne yazd\u0131? B\u00fclent Ar\u0131n\u00e7, damad\u0131na ra\u011fmen saraya nas\u0131l \u00e7\u0131kt\u0131? \u0130smail Kahraman\u2019\u0131n kamuoyundan saklad\u0131\u011f\u0131 ailesinin bilinmeyenleri&#8230; Ve di\u011fer damatlar, kay\u0131npederler&#8230; Hepsi bu kitapta&#8230; <\/p>\n","protected":false},"excerpt":{"rendered":"<p>AKP\u2019lilerin Fet*hullah\u00e7\u0131 damatlar\u0131 ya da Fet*hullah\u00e7\u0131lar\u0131n AKP\u2019li kay\u0131npederleri&#8230; \u0130sim isim o damatlar, o kay\u0131npederler&#8230; Adil \u00d6ks\u00fcz\u2019\u00fcn kay\u0131npederi Cevat Y\u0131ld\u0131r\u0131m ve ailesinin s\u0131rlar\u0131&#8230; Adil \u00d6ks\u00fcz\u2019\u00fcn bilinmeyen son<span class=\"excerpt-hellip\"> [\u2026]<\/span><\/p>\n","protected":false},"featured_media":0,"template":"","meta":{"_monsterinsights_skip_tracking":false,"_monsterinsights_sitenote_active":false,"_monsterinsights_sitenote_note":"","_monsterinsights_sitenote_category":0},"product_brand":[],"product_cat":[13590,12337],"product_tag":[],"class_list":{"0":"post-722420","1":"product","2":"type-product","3":"status-publish","5":"product_cat-arastirma-inceleme-politika-siyaset","6":"product_cat-politika-siyaset","7":"pa_cilt-ciltsiz","8":"pa_tur-kitap","9":"pa_yayinevi-kirmizi-kedi-yayinevi","10":"pa_yazar-caner-taspinar","12":"first","13":"instock","14":"sale","15":"shipping-taxable","16":"purchasable","17":"product-type-simple"},"_links":{"self":[{"href":"https:\/\/roveyayinevi.com.tr\/index.php\/wp-json\/wp\/v2\/product\/722420","targetHints":{"allow":["GET"]}}],"collection":[{"href":"https:\/\/roveyayinevi.com.tr\/index.php\/wp-json\/wp\/v2\/product"}],"about":[{"href":"https:\/\/roveyayinevi.com.tr\/index.php\/wp-json\/wp\/v2\/types\/product"}],"wp:attachment":[{"href":"https:\/\/roveyayinevi.com.tr\/index.php\/wp-json\/wp\/v2\/media?parent=722420"}],"wp:term":[{"taxonomy":"product_brand","embeddable":true,"href":"https:\/\/roveyayinevi.com.tr\/index.php\/wp-json\/wp\/v2\/product_brand?post=722420"},{"taxonomy":"product_cat","embeddable":true,"href":"https:\/\/roveyayinevi.com.tr\/index.php\/wp-json\/wp\/v2\/product_cat?post=722420"},{"taxonomy":"product_tag","embeddable":true,"href":"https:\/\/roveyayinevi.com.tr\/index.php\/wp-json\/wp\/v2\/product_tag?post=722420"}],"curies":[{"name":"wp","href":"https:\/\/api.w.org\/{rel}","templated":true}]}}