{"id":722418,"date":"2025-08-27T19:04:04","date_gmt":"2025-08-27T16:04:04","guid":{"rendered":"https:\/\/roveyayinevi.com.tr\/index.php\/urun\/50li-yillarda-turkiye-sazli-cazli-sozluk-simdiki-zaman-beledir\/"},"modified":"2026-04-16T02:30:30","modified_gmt":"2026-04-15T23:30:30","slug":"50li-yillarda-turkiye-sazli-cazli-sozluk-simdiki-zaman-beledir","status":"publish","type":"product","link":"https:\/\/roveyayinevi.com.tr\/index.php\/urun\/50li-yillarda-turkiye-sazli-cazli-sozluk-simdiki-zaman-beledir\/","title":{"rendered":"50\u2019li Y\u0131llarda T\u00fcrkiye: Sazl\u0131 Cazl\u0131 S\u00f6zl\u00fck &#8211; \u015eimdiki Zaman Beledir"},"content":{"rendered":"<p>Bu kitap, 1950\u2019li y\u0131llar\u0131 o d\u00f6nemin g\u00f6z\u00fc ve diliyle okumak isteyenler i\u00e7in, o d\u00f6nemin gazete ve dergilerinin rehberli\u011finde haz\u0131rland\u0131. \u201c\u015eimdiki zaman beledir\u201d dizesi, o d\u00f6nemin pop\u00fcler t\u00fcrk\u00fcs\u00fc \u201cHa bu diyar\u201ddan kopup geldi. \u201c\u015eimdiki zaman beledir\u201d, 50\u2019li y\u0131llar T\u00fcrkiyesi\u2019nin ritmi \u00fczerinde \u015fark\u0131lar, t\u00fcrk\u00fcler m\u0131r\u0131ldanan sazl\u0131 cazl\u0131 bir s\u00f6zl\u00fck. Bu s\u00f6zl\u00fck, memleket tarihinin belki de en hareketli perdesine yans\u0131yan renkli ve siyah beyaz manzaralara, ya\u015fanan olaylar\u0131n siyasal ve k\u00fclt\u00fcrel zeminine, k\u00f6y\u00fcne, kentine, ilklere, yeniliklere, romanlara, \u00f6yk\u00fclere, filmlere, \u015fark\u0131lara, danslara bak\u0131yor; insanlar\u0131n al\u0131\u015fkanl\u0131klar\u0131na, seslerine, s\u00f6zlerine, d\u00fc\u015flerine, d\u00fc\u015f\u00fcncelerine, Sal\u00e2h Birsel\u2019in deyi\u015fiyle, \u201cayran i\u00e7i\u015flerine\u201d e\u011filiyor. Elvis Presley, Zeki M\u00fcren, Leyla Gencer, Brigitte Bardot, Ayten Alpman, Dizzy Gillespie, Nana, 6-7 Eyl\u00fcl olaylar\u0131, Migros kamyonlar\u0131, k\u00f6y romanlar\u0131, Ye\u015fil\u00e7am\u2019\u0131n do\u011fum sanc\u0131lar\u0131, Kore\u2019ye giden askerler, all\u0131 ye\u015filli trakt\u00f6rler, \u00e7alg\u0131l\u0131 gazinolar, alaturka-alafranga \u00e7eki\u015fmesi, radyo g\u00fcnleri&#8230; <\/p>\n","protected":false},"excerpt":{"rendered":"<p>Bu kitap, 1950\u2019li y\u0131llar\u0131 o d\u00f6nemin g\u00f6z\u00fc ve diliyle okumak isteyenler i\u00e7in, o d\u00f6nemin gazete ve dergilerinin rehberli\u011finde haz\u0131rland\u0131. \u201c\u015eimdiki zaman beledir\u201d dizesi, o d\u00f6nemin pop\u00fcler<span class=\"excerpt-hellip\"> [\u2026]<\/span><\/p>\n","protected":false},"featured_media":0,"template":"","meta":{"_monsterinsights_skip_tracking":false,"_monsterinsights_sitenote_active":false,"_monsterinsights_sitenote_note":"","_monsterinsights_sitenote_category":0},"product_brand":[],"product_cat":[12312,12304],"product_tag":[],"class_list":{"0":"post-722418","1":"product","2":"type-product","3":"status-publish","5":"product_cat-diger","6":"product_cat-tarih","7":"pa_cilt-ciltsiz","8":"pa_tur-kitap","9":"pa_yayinevi-yapi-kredi-yayinlari","10":"pa_yazar-derya-bengi","12":"first","13":"instock","14":"sale","15":"shipping-taxable","16":"purchasable","17":"product-type-simple"},"_links":{"self":[{"href":"https:\/\/roveyayinevi.com.tr\/index.php\/wp-json\/wp\/v2\/product\/722418","targetHints":{"allow":["GET"]}}],"collection":[{"href":"https:\/\/roveyayinevi.com.tr\/index.php\/wp-json\/wp\/v2\/product"}],"about":[{"href":"https:\/\/roveyayinevi.com.tr\/index.php\/wp-json\/wp\/v2\/types\/product"}],"wp:attachment":[{"href":"https:\/\/roveyayinevi.com.tr\/index.php\/wp-json\/wp\/v2\/media?parent=722418"}],"wp:term":[{"taxonomy":"product_brand","embeddable":true,"href":"https:\/\/roveyayinevi.com.tr\/index.php\/wp-json\/wp\/v2\/product_brand?post=722418"},{"taxonomy":"product_cat","embeddable":true,"href":"https:\/\/roveyayinevi.com.tr\/index.php\/wp-json\/wp\/v2\/product_cat?post=722418"},{"taxonomy":"product_tag","embeddable":true,"href":"https:\/\/roveyayinevi.com.tr\/index.php\/wp-json\/wp\/v2\/product_tag?post=722418"}],"curies":[{"name":"wp","href":"https:\/\/api.w.org\/{rel}","templated":true}]}}