{"id":722417,"date":"2025-08-27T19:04:03","date_gmt":"2025-08-27T16:04:03","guid":{"rendered":"https:\/\/roveyayinevi.com.tr\/index.php\/urun\/geyikbocegi-buz-pateni-yapiyor-ugurbocegi-sevecen-ile-salyangoz-tomurcuk-32\/"},"modified":"2026-04-16T02:30:30","modified_gmt":"2026-04-15T23:30:30","slug":"geyikbocegi-buz-pateni-yapiyor-ugurbocegi-sevecen-ile-salyangoz-tomurcuk-32","status":"publish","type":"product","link":"https:\/\/roveyayinevi.com.tr\/index.php\/urun\/geyikbocegi-buz-pateni-yapiyor-ugurbocegi-sevecen-ile-salyangoz-tomurcuk-32\/","title":{"rendered":"Geyikb\u00f6ce\u011fi Buz Pateni Yap\u0131yor U\u011furb\u00f6ce\u011fi Sevecen \u0130le Salyangoz Tomurcuk 32"},"content":{"rendered":"<p>G\u00fczel bir k\u0131\u015f g\u00fcn\u00fc, buz tutmu\u015f g\u00f6l\u00fcn \u00fczerinde kaymak ne g\u00fczel! Salyangoz Tomurcuk, U\u011furb\u00f6ce\u011fi Sevecen ve Geyikb\u00f6ce\u011fi, hem yeni bir dost ediniyor hem de buzda dans etmeyi \u00f6\u011freniyor. <\/p>\n","protected":false},"excerpt":{"rendered":"<p>G\u00fczel bir k\u0131\u015f g\u00fcn\u00fc, buz tutmu\u015f g\u00f6l\u00fcn \u00fczerinde kaymak ne g\u00fczel! Salyangoz Tomurcuk, U\u011furb\u00f6ce\u011fi Sevecen ve Geyikb\u00f6ce\u011fi, hem yeni bir dost ediniyor hem de buzda dans<span class=\"excerpt-hellip\"> [\u2026]<\/span><\/p>\n","protected":false},"featured_media":0,"template":"","meta":{"_monsterinsights_skip_tracking":false,"_monsterinsights_sitenote_active":false,"_monsterinsights_sitenote_note":"","_monsterinsights_sitenote_category":0},"product_brand":[],"product_cat":[12274,12284],"product_tag":[],"class_list":{"0":"post-722417","1":"product","2":"type-product","3":"status-publish","5":"product_cat-cocuk-ve-genclik-kitaplari","6":"product_cat-hikayeler","7":"pa_cilt-ciltsiz","8":"pa_tur-kitap","9":"pa_yayinevi-yapi-kredi-yayinlari","10":"pa_yazar-erika-bartos","12":"first","13":"instock","14":"sale","15":"shipping-taxable","16":"purchasable","17":"product-type-simple"},"_links":{"self":[{"href":"https:\/\/roveyayinevi.com.tr\/index.php\/wp-json\/wp\/v2\/product\/722417","targetHints":{"allow":["GET"]}}],"collection":[{"href":"https:\/\/roveyayinevi.com.tr\/index.php\/wp-json\/wp\/v2\/product"}],"about":[{"href":"https:\/\/roveyayinevi.com.tr\/index.php\/wp-json\/wp\/v2\/types\/product"}],"wp:attachment":[{"href":"https:\/\/roveyayinevi.com.tr\/index.php\/wp-json\/wp\/v2\/media?parent=722417"}],"wp:term":[{"taxonomy":"product_brand","embeddable":true,"href":"https:\/\/roveyayinevi.com.tr\/index.php\/wp-json\/wp\/v2\/product_brand?post=722417"},{"taxonomy":"product_cat","embeddable":true,"href":"https:\/\/roveyayinevi.com.tr\/index.php\/wp-json\/wp\/v2\/product_cat?post=722417"},{"taxonomy":"product_tag","embeddable":true,"href":"https:\/\/roveyayinevi.com.tr\/index.php\/wp-json\/wp\/v2\/product_tag?post=722417"}],"curies":[{"name":"wp","href":"https:\/\/api.w.org\/{rel}","templated":true}]}}