{"id":722416,"date":"2025-08-27T19:04:02","date_gmt":"2025-08-27T16:04:02","guid":{"rendered":"https:\/\/roveyayinevi.com.tr\/index.php\/urun\/justice-adalet\/"},"modified":"2026-04-16T02:30:30","modified_gmt":"2026-04-15T23:30:30","slug":"justice-adalet","status":"publish","type":"product","link":"https:\/\/roveyayinevi.com.tr\/index.php\/urun\/justice-adalet\/","title":{"rendered":"Justice &#8211; Adalet"},"content":{"rendered":"<p>Herkes \u0130\u00e7in Adalet Mi?   Onlar D\u00fcnya\u2019n\u0131n En B\u00fcy\u00fck S\u00fcper Kahramanlar\u0131. Ama efsanevi Justice League\u2019in \u00fcyeleri ortak bir ama\u00e7 u\u011fruna bir araya gelebilen tek ekibin kendileri olmad\u0131\u011f\u0131n\u0131 \u00f6\u011frenmek \u00fczere. Zaman\u0131m\u0131z\u0131n en ac\u0131mas\u0131z su\u00e7 dehalar\u0131 beraber hareket ediyor gibi g\u00f6r\u00fcn\u00fcyor \u00fcstelik g\u00fcndemlerinde Justice League\u2019in \u015fimdiye dek ger\u00e7ekle\u015ftiremedi\u011fi kadar b\u00fcy\u00fck bir iyilik var! Fakat hainlerin gizli bir g\u00fcndemleri de var&#8230; Justice League \u00fcyeleri ger\u00e7ek ortaya \u00e7\u0131kana kadar hayatta kalabilecekler mi?   B\u00fcy\u00fck bir hayran kitlesine sahip \u00e7izer Alex Ross (WORLD\u2019S GREATEST SUPER-HEROES, KINGDOM COME) ve yazar Jim Krueger (Earth X, Universe X) DC\u2019nin en b\u00fcy\u00fck kahramanlar\u0131na yeni bir soluk getiriyor ve Doug Braithwaite\u2019in karakalemi \u00fczerine Ross\u2019un resimleriyle hayat bulan bu \u00e7ok satan dev seriyi sizlere sunuyor!   \u201cJust\u0131ce, Alex Ross\u2019un bug\u00fcne kadarki en \u00e7arp\u0131c\u0131 \u00e7izimlerini i\u00e7eriyor.\u201d \u2014 Boston Herald <\/p>\n","protected":false},"excerpt":{"rendered":"<p>Herkes \u0130\u00e7in Adalet Mi? Onlar D\u00fcnya\u2019n\u0131n En B\u00fcy\u00fck S\u00fcper Kahramanlar\u0131. Ama efsanevi Justice League\u2019in \u00fcyeleri ortak bir ama\u00e7 u\u011fruna bir araya gelebilen tek ekibin kendileri olmad\u0131\u011f\u0131n\u0131<span class=\"excerpt-hellip\"> [\u2026]<\/span><\/p>\n","protected":false},"featured_media":0,"template":"","meta":{"_monsterinsights_skip_tracking":false,"_monsterinsights_sitenote_active":false,"_monsterinsights_sitenote_note":"","_monsterinsights_sitenote_category":0},"product_brand":[],"product_cat":[12416,12291],"product_tag":[],"class_list":{"0":"post-722416","1":"product","2":"type-product","3":"status-publish","5":"product_cat-cizgi-roman","6":"product_cat-edebiyat","7":"pa_cilt-ciltsiz","8":"pa_tur-kitap","9":"pa_yayinevi-yapi-kredi-yayinlari","10":"pa_yazar-kolektif","12":"first","13":"instock","14":"sale","15":"shipping-taxable","16":"purchasable","17":"product-type-simple"},"_links":{"self":[{"href":"https:\/\/roveyayinevi.com.tr\/index.php\/wp-json\/wp\/v2\/product\/722416","targetHints":{"allow":["GET"]}}],"collection":[{"href":"https:\/\/roveyayinevi.com.tr\/index.php\/wp-json\/wp\/v2\/product"}],"about":[{"href":"https:\/\/roveyayinevi.com.tr\/index.php\/wp-json\/wp\/v2\/types\/product"}],"wp:attachment":[{"href":"https:\/\/roveyayinevi.com.tr\/index.php\/wp-json\/wp\/v2\/media?parent=722416"}],"wp:term":[{"taxonomy":"product_brand","embeddable":true,"href":"https:\/\/roveyayinevi.com.tr\/index.php\/wp-json\/wp\/v2\/product_brand?post=722416"},{"taxonomy":"product_cat","embeddable":true,"href":"https:\/\/roveyayinevi.com.tr\/index.php\/wp-json\/wp\/v2\/product_cat?post=722416"},{"taxonomy":"product_tag","embeddable":true,"href":"https:\/\/roveyayinevi.com.tr\/index.php\/wp-json\/wp\/v2\/product_tag?post=722416"}],"curies":[{"name":"wp","href":"https:\/\/api.w.org\/{rel}","templated":true}]}}