{"id":722414,"date":"2025-08-27T19:04:01","date_gmt":"2025-08-27T16:04:01","guid":{"rendered":"https:\/\/roveyayinevi.com.tr\/index.php\/urun\/umutsuzlar-parki\/"},"modified":"2026-04-16T02:30:30","modified_gmt":"2026-04-15T23:30:30","slug":"umutsuzlar-parki","status":"publish","type":"product","link":"https:\/\/roveyayinevi.com.tr\/index.php\/urun\/umutsuzlar-parki\/","title":{"rendered":"Umutsuzlar Park\u0131"},"content":{"rendered":"<p>Edip Cansever\u2019den kar\u015f\u0131 \u015fiirler Umutsuzlar Park\u0131   Edip Cansever \u015fiirinde toplum ele\u015ftirisinin belirginle\u015fti\u011fi, d\u00f6nemin muhalif duyarl\u0131\u011f\u0131n\u0131n yarg\u0131lay\u0131c\u0131 bir dile kavu\u015ftu\u011fu kitab\u0131 Umutsuzlar Park\u0131\u2019n\u0131n yeni bask\u0131s\u0131 Yap\u0131 Kredi Yay\u0131nlar\u0131\u2019ndan \u00e7\u0131kt\u0131. T\u00fcrk \u015fiirinin b\u00fcy\u00fck ustalar\u0131n\u0131n belli ba\u015fl\u0131 kitaplar\u0131n\u0131n ilk bask\u0131lar\u0131na g\u00f6re haz\u0131rlanm\u0131\u015f yeni bas\u0131mlar\u0131 s\u00fcr\u00fcyor. Edip Cansever\u2019in, ilk bask\u0131s\u0131 1958 y\u0131l\u0131nda Yeditepe Yay\u0131nlar\u0131 taraf\u0131ndan yap\u0131lan ve Sonras\u0131 Kal\u0131r I: B\u00fct\u00fcn \u015eiirleri i\u00e7inde yer alan Umutsuzlar Park\u0131 da yeni, ayr\u0131 bir bas\u0131mla \u015fiir okurlar\u0131n\u0131n be\u011fenisine sunuluyor. Sonra en b\u00fcy\u00fck denizler olur \u0130\u015fte o en b\u00fcy\u00fck denizler sonra Denizin bitti\u011fi yerde ba\u015flar Bu yol insana \u00e7\u0131kar. <\/p>\n","protected":false},"excerpt":{"rendered":"<p>Edip Cansever\u2019den kar\u015f\u0131 \u015fiirler Umutsuzlar Park\u0131 Edip Cansever \u015fiirinde toplum ele\u015ftirisinin belirginle\u015fti\u011fi, d\u00f6nemin muhalif duyarl\u0131\u011f\u0131n\u0131n yarg\u0131lay\u0131c\u0131 bir dile kavu\u015ftu\u011fu kitab\u0131 Umutsuzlar Park\u0131\u2019n\u0131n yeni bask\u0131s\u0131 Yap\u0131 Kredi<span class=\"excerpt-hellip\"> [\u2026]<\/span><\/p>\n","protected":false},"featured_media":0,"template":"","meta":{"_monsterinsights_skip_tracking":false,"_monsterinsights_sitenote_active":false,"_monsterinsights_sitenote_note":"","_monsterinsights_sitenote_category":0},"product_brand":[],"product_cat":[13661,12291],"product_tag":[],"class_list":{"0":"post-722414","1":"product","2":"type-product","3":"status-publish","5":"product_cat-diger-ulke-edebiyatlari","6":"product_cat-edebiyat","7":"pa_cilt-ciltsiz","8":"pa_tur-kitap","9":"pa_yayinevi-yapi-kredi-yayinlari","10":"pa_yazar-edip-cansever","12":"first","13":"instock","14":"sale","15":"shipping-taxable","16":"purchasable","17":"product-type-simple"},"_links":{"self":[{"href":"https:\/\/roveyayinevi.com.tr\/index.php\/wp-json\/wp\/v2\/product\/722414","targetHints":{"allow":["GET"]}}],"collection":[{"href":"https:\/\/roveyayinevi.com.tr\/index.php\/wp-json\/wp\/v2\/product"}],"about":[{"href":"https:\/\/roveyayinevi.com.tr\/index.php\/wp-json\/wp\/v2\/types\/product"}],"wp:attachment":[{"href":"https:\/\/roveyayinevi.com.tr\/index.php\/wp-json\/wp\/v2\/media?parent=722414"}],"wp:term":[{"taxonomy":"product_brand","embeddable":true,"href":"https:\/\/roveyayinevi.com.tr\/index.php\/wp-json\/wp\/v2\/product_brand?post=722414"},{"taxonomy":"product_cat","embeddable":true,"href":"https:\/\/roveyayinevi.com.tr\/index.php\/wp-json\/wp\/v2\/product_cat?post=722414"},{"taxonomy":"product_tag","embeddable":true,"href":"https:\/\/roveyayinevi.com.tr\/index.php\/wp-json\/wp\/v2\/product_tag?post=722414"}],"curies":[{"name":"wp","href":"https:\/\/api.w.org\/{rel}","templated":true}]}}