{"id":722412,"date":"2025-08-27T19:03:59","date_gmt":"2025-08-27T16:03:59","guid":{"rendered":"https:\/\/roveyayinevi.com.tr\/index.php\/urun\/tum-ruhlar\/"},"modified":"2026-04-16T02:30:30","modified_gmt":"2026-04-15T23:30:30","slug":"tum-ruhlar","status":"publish","type":"product","link":"https:\/\/roveyayinevi.com.tr\/index.php\/urun\/tum-ruhlar\/","title":{"rendered":"T\u00fcm Ruhlar"},"content":{"rendered":"<p>T\u00fcm Ruhlar anlat\u0131c\u0131n\u0131n, d\u00fcnyan\u0131n ve zaman\u0131n d\u0131\u015f\u0131ndaki bir \u015fehirde, Oxford \u00dcniversitesi\u2019nde ge\u00e7irdi\u011fi sislerle kapl\u0131, tuhaf iki y\u0131l\u0131n hik\u00e2yesidir. Bu roman\u0131n b\u00fcy\u00fcleyici kahramanlar\u0131 da d\u00fcnyan\u0131n ve zaman\u0131n d\u0131\u015f\u0131nda ya\u015far: B\u00fct\u00fcn hayat\u0131 boyunca, \u015fahit oldu\u011fu ama hat\u0131rlayamad\u0131\u011f\u0131 bir olay\u0131n etkisinde kalan, anlat\u0131c\u0131n\u0131n evli a\u015fk\u0131, esrarengiz Clare Bayes. Anlat\u0131c\u0131n\u0131n dostu Cromer-Blake. Tek ba\u015f\u0131na ge\u00e7irece\u011fini \u00f6ng\u00f6rd\u00fc\u011f\u00fc ya\u015fl\u0131l\u0131k g\u00fcnleri i\u00e7in yo\u011fun deneyimler biriktiren, alayc\u0131 e\u015fcinsel. Emekli olmu\u015f bilge profes\u00f6r Toby Rylands. Hepimizin sahip oldu\u011fu \u201ckorkun\u00e7 e\u015f\u201d hakk\u0131ndaki bilgisi ve \u00fc\u00e7 ayakl\u0131 k\u00f6pe\u011fiyle berdu\u015f Alan Marriott&#8230; Ve di\u011ferlerinin yan\u0131nda, ba\u015fka bir zamandan gelmi\u015f, gizemli yazar John Gawsworth. Muammalarla ve entrikalarla, resmi t\u00f6renlerle ve \u00e7\u0131lg\u0131n ak\u015fam yemekleriyle, gizli ge\u00e7mi\u015flerle ve hastal\u0131kl\u0131 \u015fimdiki zamanlarla dolu bir d\u00fcnyada anlat\u0131c\u0131, kendi \u201c\u00e7\u0131lg\u0131nl\u0131\u011f\u0131\u201dn\u0131 ve kendi hik\u00e2yesini \u201cnaftalinde saklanm\u0131\u015f\u201d bu \u015fehrin sakinlerinkiyle \u00f6rmeye koyulur ve sonunda, Hindistan\u2019da bir nehrin \u00fczerinden ge\u00e7en bir demiryolu k\u00f6pr\u00fcs\u00fc, birtak\u0131m talihsiz sevdal\u0131 \u00e7ift, ajanl\u0131k kariyeri ya da minik Redonda adas\u0131 gibi birbirleriyle alakas\u0131z g\u00f6r\u00fcnen bir\u00e7ok \u015feyin hayat\u0131n\u0131n bir par\u00e7as\u0131n\u0131 olu\u015fturaca\u011f\u0131n\u0131 ke\u015ffeder: \u00d6yle bir hayat ki t\u00fcm ruhlar aras\u0131ndaki bu umulmad\u0131k a\u015fk ve dostluk ili\u015fkilerinin izini sonsuza kadar ta\u015f\u0131yacakt\u0131r. \u201cBa\u015f d\u00f6nd\u00fcr\u00fcc\u00fc&#8230; Javier Mar\u00edas zarafetle, k\u0131vrak bir zek\u00e2yla yazarken okuru merakland\u0131rma sanat\u0131ndaki ustal\u0131\u011f\u0131n\u0131 da sergiliyor&#8230; The Times Literary Supplement <\/p>\n","protected":false},"excerpt":{"rendered":"<p>T\u00fcm Ruhlar anlat\u0131c\u0131n\u0131n, d\u00fcnyan\u0131n ve zaman\u0131n d\u0131\u015f\u0131ndaki bir \u015fehirde, Oxford \u00dcniversitesi\u2019nde ge\u00e7irdi\u011fi sislerle kapl\u0131, tuhaf iki y\u0131l\u0131n hik\u00e2yesidir. Bu roman\u0131n b\u00fcy\u00fcleyici kahramanlar\u0131 da d\u00fcnyan\u0131n ve zaman\u0131n<span class=\"excerpt-hellip\"> [\u2026]<\/span><\/p>\n","protected":false},"featured_media":0,"template":"","meta":{"_monsterinsights_skip_tracking":false,"_monsterinsights_sitenote_active":false,"_monsterinsights_sitenote_note":"","_monsterinsights_sitenote_category":0},"product_brand":[],"product_cat":[13661,12291],"product_tag":[],"class_list":{"0":"post-722412","1":"product","2":"type-product","3":"status-publish","5":"product_cat-diger-ulke-edebiyatlari","6":"product_cat-edebiyat","7":"pa_cilt-ciltsiz","8":"pa_tur-kitap","9":"pa_yayinevi-yapi-kredi-yayinlari","10":"pa_yazar-javier-marias","12":"first","13":"instock","14":"sale","15":"shipping-taxable","16":"purchasable","17":"product-type-simple"},"_links":{"self":[{"href":"https:\/\/roveyayinevi.com.tr\/index.php\/wp-json\/wp\/v2\/product\/722412","targetHints":{"allow":["GET"]}}],"collection":[{"href":"https:\/\/roveyayinevi.com.tr\/index.php\/wp-json\/wp\/v2\/product"}],"about":[{"href":"https:\/\/roveyayinevi.com.tr\/index.php\/wp-json\/wp\/v2\/types\/product"}],"wp:attachment":[{"href":"https:\/\/roveyayinevi.com.tr\/index.php\/wp-json\/wp\/v2\/media?parent=722412"}],"wp:term":[{"taxonomy":"product_brand","embeddable":true,"href":"https:\/\/roveyayinevi.com.tr\/index.php\/wp-json\/wp\/v2\/product_brand?post=722412"},{"taxonomy":"product_cat","embeddable":true,"href":"https:\/\/roveyayinevi.com.tr\/index.php\/wp-json\/wp\/v2\/product_cat?post=722412"},{"taxonomy":"product_tag","embeddable":true,"href":"https:\/\/roveyayinevi.com.tr\/index.php\/wp-json\/wp\/v2\/product_tag?post=722412"}],"curies":[{"name":"wp","href":"https:\/\/api.w.org\/{rel}","templated":true}]}}