{"id":722411,"date":"2025-08-27T19:03:58","date_gmt":"2025-08-27T16:03:58","guid":{"rendered":"https:\/\/roveyayinevi.com.tr\/index.php\/urun\/the-playbook-oyunun-el-kitabi\/"},"modified":"2026-02-03T02:44:53","modified_gmt":"2026-02-02T23:44:53","slug":"the-playbook-oyunun-el-kitabi","status":"publish","type":"product","link":"https:\/\/roveyayinevi.com.tr\/index.php\/urun\/the-playbook-oyunun-el-kitabi\/","title":{"rendered":"The Playbook: Oyunun El Kitab\u0131"},"content":{"rendered":"<p>\u201cThe Playbook: Oyunun El Kitab\u0131\u2019nda \u00e7\u0131t\u0131r tavlama konusunda akla gelen her t\u00fcrl\u00fc oyunu bulabilirsiniz. Bir oyun kurucu olarak, kitapta ate\u015fli \u00e7\u0131t\u0131rlar\u0131 tavlamak ve k\u00fcmese atmak i\u00e7in uygulad\u0131\u011f\u0131m ve uygulamay\u0131 d\u00fc\u015f\u00fcnd\u00fc\u011f\u00fcm oyunlar\u0131 anlat\u0131yorum. Deneyimlerimden s\u00fcz\u00fclerek olu\u015fturdu\u011fum bu bilgi hazinesini, her t\u00fcrl\u00fc yarat\u0131c\u0131 fikri bulabilece\u011finiz ve her an ba\u015fvurabilece\u011finiz bir el kitab\u0131 olarak yeniden d\u00fczenledim. Hayat\u0131n daha e\u011flenceli olmas\u0131 \u00fcmidiyle bu el kitab\u0131n\u0131 kamunun kullan\u0131m\u0131na sunuyorum. Bu iyili\u011fimi de unutmay\u0131n!\u201d Barney Stinson, Oyun Gurusu   \u201cThe Playbook: Oyunun El Kitab\u0131\u2019n\u0131 okumadan \u00f6nce tam bir \u00fcmitsiz vakayd\u0131m. \u015eimdi tek bir sorunum var: Bir \u00e7\u0131t\u0131r\u0131 k\u00fcmese att\u0131\u011f\u0131mda, \u00f6nceki geceden kalan hala uyumakta olan \u00e7\u0131t\u0131ra temiz bir hava almas\u0131 i\u00e7in park\u0131n yolunu g\u00f6stermek! Sorun \u015fu ki evin yak\u0131n\u0131nda park yok! Te\u015fekk\u00fcrler Barney.\u201d Abidin, T\u00fcrkiye\u2019den Usta\u2019ya selam g\u00f6nderen kanka   \u201cThe Playbook: Oyunun El Kitab\u0131 (\u00c7\u0131t\u0131rlar \u0130\u00e7in) ni\u00e7in haz\u0131rlamad\u0131\u011f\u0131n\u0131 merak ediyordum. Bir erke\u011fi ba\u015ftan \u00e7\u0131karmak i\u00e7in yeterli olan iki \u015feyi buldum sonunda\u2026 Te\u015fekk\u00fcrler Barney. Arad\u0131\u011f\u0131m\u0131 varsay&#8230;\u201d Pretty Bigboobs, Barney\u2019e yak\u0131ndan te\u015fekk\u00fcr etmek isteyen \u00e7\u0131t\u0131r   \u201cMonica ile s\u00fcrekli Oval Ofis oyunu oynamak ne kadar s\u0131k\u0131c\u0131ym\u0131\u015f, The Playbook: Oyunun El Kitab\u0131\u2019n\u0131 okuyunca anlad\u0131m. Te\u015fekk\u00fcrler Barney.\u201d Ba\u015fkan Bill Clinton, Oyunlarda de\u011fil ama oyunda ustala\u015fan kanka   Unutmay\u0131n bu oyunlar\u0131 oynayan her kanka, \u201cKanka Kurallar\u0131\u201dna uymakla m\u00fckelleftir. Bu nedenle her kanka, The Bro Code: Kanka Kurallar\u0131 kitab\u0131n\u0131 okumak ve gerekli durumlarda ba\u015fvurmak i\u00e7in saklamak zorundad\u0131r. Unutmay\u0131n, \u201cKural\u0131 bilmemek mazeret say\u0131lmaz.\u201d <\/p>\n","protected":false},"excerpt":{"rendered":"<p>\u201cThe Playbook: Oyunun El Kitab\u0131\u2019nda \u00e7\u0131t\u0131r tavlama konusunda akla gelen her t\u00fcrl\u00fc oyunu bulabilirsiniz. Bir oyun kurucu olarak, kitapta ate\u015fli \u00e7\u0131t\u0131rlar\u0131 tavlamak ve k\u00fcmese atmak i\u00e7in<span class=\"excerpt-hellip\"> [\u2026]<\/span><\/p>\n","protected":false},"featured_media":0,"template":"","meta":{"_monsterinsights_skip_tracking":false,"_monsterinsights_sitenote_active":false,"_monsterinsights_sitenote_note":"","_monsterinsights_sitenote_category":0},"product_brand":[],"product_cat":[12291,14825],"product_tag":[],"class_list":{"0":"post-722411","1":"product","2":"type-product","3":"status-publish","5":"product_cat-edebiyat","6":"product_cat-mizah","7":"pa_cilt-ciltsiz","8":"pa_tur-kitap","9":"pa_yayinevi-kurukafa","10":"pa_yazar-barney-stinson-matt-kuhn","12":"first","13":"instock","14":"sale","15":"shipping-taxable","16":"purchasable","17":"product-type-simple"},"_links":{"self":[{"href":"https:\/\/roveyayinevi.com.tr\/index.php\/wp-json\/wp\/v2\/product\/722411","targetHints":{"allow":["GET"]}}],"collection":[{"href":"https:\/\/roveyayinevi.com.tr\/index.php\/wp-json\/wp\/v2\/product"}],"about":[{"href":"https:\/\/roveyayinevi.com.tr\/index.php\/wp-json\/wp\/v2\/types\/product"}],"wp:attachment":[{"href":"https:\/\/roveyayinevi.com.tr\/index.php\/wp-json\/wp\/v2\/media?parent=722411"}],"wp:term":[{"taxonomy":"product_brand","embeddable":true,"href":"https:\/\/roveyayinevi.com.tr\/index.php\/wp-json\/wp\/v2\/product_brand?post=722411"},{"taxonomy":"product_cat","embeddable":true,"href":"https:\/\/roveyayinevi.com.tr\/index.php\/wp-json\/wp\/v2\/product_cat?post=722411"},{"taxonomy":"product_tag","embeddable":true,"href":"https:\/\/roveyayinevi.com.tr\/index.php\/wp-json\/wp\/v2\/product_tag?post=722411"}],"curies":[{"name":"wp","href":"https:\/\/api.w.org\/{rel}","templated":true}]}}