{"id":722409,"date":"2025-08-27T19:03:57","date_gmt":"2025-08-27T16:03:57","guid":{"rendered":"https:\/\/roveyayinevi.com.tr\/index.php\/urun\/franz-kafka-ve-sinema\/"},"modified":"2026-04-16T02:30:30","modified_gmt":"2026-04-15T23:30:30","slug":"franz-kafka-ve-sinema","status":"publish","type":"product","link":"https:\/\/roveyayinevi.com.tr\/index.php\/urun\/franz-kafka-ve-sinema\/","title":{"rendered":"Franz Kafka ve Sinema"},"content":{"rendered":"<p>Franz Kafka&#8217;n\u0131n \u00f6zge\u00e7mi\u015finden, Prag deneyiminden ve edebi eserlerinden hareketle yaz\u0131lan bu kitap, Kafka&#8217;n\u0131n sinemayla, sineman\u0131n da Kafka&#8217;yla ili\u015fkisini masaya yat\u0131r\u0131yor. Kafka&#8217;y\u0131 Theodor W. Adorno ve Georg Luk\u00e1cs&#8217;\u0131n \u00e7o\u011fu zaman birbiriyle \u00e7at\u0131\u015fan d\u00fc\u015f\u00fcncelerini baz alarak incelerken, \u201cKafka \u00e7a\u011f\u0131\u201dndaki sinemay\u0131, Martin Scorsese\u2019den Nuri Bilge Ceylan\u2019a, Michael Haneke\u2019den Terry Gilliam\u2019a Kafkaesk sinemay\u0131 ve Orson Welles&#8217;in Josef K. ile olan bitmeyen \u201cdava\u201ds\u0131n\u0131 incelikle analiz ediyor. Hakan B\u0131\u00e7akc\u0131\u2019n\u0131n \u00f6ns\u00f6z\u00fcyle.<\/p>\n","protected":false},"excerpt":{"rendered":"<p>Franz Kafka&#8217;n\u0131n \u00f6zge\u00e7mi\u015finden, Prag deneyiminden ve edebi eserlerinden hareketle yaz\u0131lan bu kitap, Kafka&#8217;n\u0131n sinemayla, sineman\u0131n da Kafka&#8217;yla ili\u015fkisini masaya yat\u0131r\u0131yor. Kafka&#8217;y\u0131 Theodor W. Adorno ve Georg<span class=\"excerpt-hellip\"> [\u2026]<\/span><\/p>\n","protected":false},"featured_media":0,"template":"","meta":{"_monsterinsights_skip_tracking":false,"_monsterinsights_sitenote_active":false,"_monsterinsights_sitenote_note":"","_monsterinsights_sitenote_category":0},"product_brand":[],"product_cat":[12409,12408],"product_tag":[],"class_list":{"0":"post-722409","1":"product","2":"type-product","3":"status-publish","5":"product_cat-fotograf-sinema-tiyatro","6":"product_cat-sanat","7":"pa_cilt-ciltsiz","8":"pa_tur-kitap","9":"pa_yayinevi-ithaki-yayinlari","10":"pa_yazar-mehmet-ozturk","12":"first","13":"instock","14":"sale","15":"shipping-taxable","16":"purchasable","17":"product-type-simple"},"_links":{"self":[{"href":"https:\/\/roveyayinevi.com.tr\/index.php\/wp-json\/wp\/v2\/product\/722409","targetHints":{"allow":["GET"]}}],"collection":[{"href":"https:\/\/roveyayinevi.com.tr\/index.php\/wp-json\/wp\/v2\/product"}],"about":[{"href":"https:\/\/roveyayinevi.com.tr\/index.php\/wp-json\/wp\/v2\/types\/product"}],"wp:attachment":[{"href":"https:\/\/roveyayinevi.com.tr\/index.php\/wp-json\/wp\/v2\/media?parent=722409"}],"wp:term":[{"taxonomy":"product_brand","embeddable":true,"href":"https:\/\/roveyayinevi.com.tr\/index.php\/wp-json\/wp\/v2\/product_brand?post=722409"},{"taxonomy":"product_cat","embeddable":true,"href":"https:\/\/roveyayinevi.com.tr\/index.php\/wp-json\/wp\/v2\/product_cat?post=722409"},{"taxonomy":"product_tag","embeddable":true,"href":"https:\/\/roveyayinevi.com.tr\/index.php\/wp-json\/wp\/v2\/product_tag?post=722409"}],"curies":[{"name":"wp","href":"https:\/\/api.w.org\/{rel}","templated":true}]}}