{"id":722408,"date":"2025-08-27T19:03:56","date_gmt":"2025-08-27T16:03:56","guid":{"rendered":"https:\/\/roveyayinevi.com.tr\/index.php\/urun\/sandman-8-dunyalarin-sonu\/"},"modified":"2026-04-16T02:30:30","modified_gmt":"2026-04-15T23:30:30","slug":"sandman-8-dunyalarin-sonu","status":"publish","type":"product","link":"https:\/\/roveyayinevi.com.tr\/index.php\/urun\/sandman-8-dunyalarin-sonu\/","title":{"rendered":"Sandman 8:  D\u00fcnyalar\u0131n Sonu"},"content":{"rendered":"<p>T\u00fcm zamanlar\u0131n hem en pop\u00fcler hem de ele\u015ftirmenlerce en \u00e7ok be\u011fenilen grafik romanlar\u0131ndan biri olan Sandman, \u00e7izgi roman d\u00fcnyas\u0131nda olgun ve lirik fantazinin d\u00f6n\u00fcm noktas\u0131 oldu. Mecran\u0131n en aranan sanat\u00e7\u0131lar\u0131n\u0131n resimlendirdi\u011fi seri, modern ve antik mitolojilerin \u00e7a\u011fda\u015f kurgularla, tarihi dramalarla ve efsanelerle beraber dokundu\u011fu zengin bir kar\u0131\u015f\u0131m.Sandman serisinin sekizinci cildi D\u00fcnyalar\u0131n sonu\u2019nda zaman\u0131n, mitlerin ve hayallerin farkl\u0131 noktalar\u0131ndan ge\u00e7erken ger\u00e7eklik f\u0131rt\u0131nas\u0131n\u0131n girdab\u0131na yakalanan yolcular gizemli bir konaklama yerinde bir araya geliyor. Chaucer\u2019\u0131n Canterbury Hik\u00e2yeleri\u2019nin izinden giden bu ciltte d\u0131\u015far\u0131daki f\u0131rt\u0131nan\u0131n dinmesini bekleyen gezginler bulunduklar\u0131 mek\u00e2nlar\u0131, g\u00f6rd\u00fckleri \u015feyleri ve r\u00fcyas\u0131n\u0131 g\u00f6rd\u00fcklerini birbirleriyle payla\u015f\u0131yor.Stephen King\u2019in \u00f6ns\u00f6z\u00fcyle \u201c\u00c7izgi roman okuyup okumaman\u0131z umurumda bile de\u011fil ama bu seriyi kesinlikle okumal\u0131s\u0131n\u0131z.\u201d- Patrick Rothfuss<\/p>\n","protected":false},"excerpt":{"rendered":"<p>T\u00fcm zamanlar\u0131n hem en pop\u00fcler hem de ele\u015ftirmenlerce en \u00e7ok be\u011fenilen grafik romanlar\u0131ndan biri olan Sandman, \u00e7izgi roman d\u00fcnyas\u0131nda olgun ve lirik fantazinin d\u00f6n\u00fcm noktas\u0131 oldu.<span class=\"excerpt-hellip\"> [\u2026]<\/span><\/p>\n","protected":false},"featured_media":0,"template":"","meta":{"_monsterinsights_skip_tracking":false,"_monsterinsights_sitenote_active":false,"_monsterinsights_sitenote_note":"","_monsterinsights_sitenote_category":0},"product_brand":[],"product_cat":[12416,12291],"product_tag":[],"class_list":{"0":"post-722408","1":"product","2":"type-product","3":"status-publish","5":"product_cat-cizgi-roman","6":"product_cat-edebiyat","7":"pa_cilt-ciltsiz","8":"pa_tur-kitap","9":"pa_yayinevi-ithaki-yayinlari","10":"pa_yazar-neil-gaiman","12":"first","13":"instock","14":"sale","15":"shipping-taxable","16":"purchasable","17":"product-type-simple"},"_links":{"self":[{"href":"https:\/\/roveyayinevi.com.tr\/index.php\/wp-json\/wp\/v2\/product\/722408","targetHints":{"allow":["GET"]}}],"collection":[{"href":"https:\/\/roveyayinevi.com.tr\/index.php\/wp-json\/wp\/v2\/product"}],"about":[{"href":"https:\/\/roveyayinevi.com.tr\/index.php\/wp-json\/wp\/v2\/types\/product"}],"wp:attachment":[{"href":"https:\/\/roveyayinevi.com.tr\/index.php\/wp-json\/wp\/v2\/media?parent=722408"}],"wp:term":[{"taxonomy":"product_brand","embeddable":true,"href":"https:\/\/roveyayinevi.com.tr\/index.php\/wp-json\/wp\/v2\/product_brand?post=722408"},{"taxonomy":"product_cat","embeddable":true,"href":"https:\/\/roveyayinevi.com.tr\/index.php\/wp-json\/wp\/v2\/product_cat?post=722408"},{"taxonomy":"product_tag","embeddable":true,"href":"https:\/\/roveyayinevi.com.tr\/index.php\/wp-json\/wp\/v2\/product_tag?post=722408"}],"curies":[{"name":"wp","href":"https:\/\/api.w.org\/{rel}","templated":true}]}}