{"id":722407,"date":"2025-08-27T19:03:55","date_gmt":"2025-08-27T16:03:55","guid":{"rendered":"https:\/\/roveyayinevi.com.tr\/index.php\/urun\/decameron-ciltli-tam-metin\/"},"modified":"2026-04-16T02:30:30","modified_gmt":"2026-04-15T23:30:30","slug":"decameron-ciltli-tam-metin","status":"publish","type":"product","link":"https:\/\/roveyayinevi.com.tr\/index.php\/urun\/decameron-ciltli-tam-metin\/","title":{"rendered":"Decameron (Ciltli, Tam Metin)"},"content":{"rendered":"<p>1348 yaz\u0131nda Avrupa\u2019y\u0131 toplu \u00f6l\u00fcmlerle sarsan veba salg\u0131n\u0131ndan ka\u00e7maya \u00e7al\u0131\u015fan yedi gen\u00e7 kad\u0131n ve \u00fc\u00e7 gen\u00e7 erkekten olu\u015fan bir grup, \u015fehri terk edip Floransa\u2019n\u0131n k\u0131rsal\u0131na s\u0131\u011f\u0131nmak i\u00e7in yola \u00e7\u0131kar. Birbirlerini e\u011flendirmek ve yolculu\u011fa devam edebilmek i\u00e7in on g\u00fcn boyunca her biri a\u015fk hik\u00e2yelerinden kahramanl\u0131k maceralar\u0131na uzanan onar \u00f6yk\u00fc anlatacakt\u0131r. Toplamda anlat\u0131lan bu y\u00fcz \u00f6yk\u00fc, orta\u00e7a\u011f\u0131n karma\u015f\u0131k ve zengin g\u00fcndelik hayat\u0131n\u0131 ortaya koyan bir derleme g\u00f6revi g\u00f6r\u00fcr. Decameron, Princeton \u00dcniversitesinden Leonard Barkan\u2019\u0131n da dedi\u011fi gibi \u201ct\u00fcm zamanlar\u0131n en iyi \u00f6yk\u00fc antolojisi\u201ddir. D\u00fcnya edebiyat\u0131n\u0131n ilk hik\u00e2yecisi ve \u0130talyan edebiyat\u0131nda d\u00fczyaz\u0131n\u0131n babas\u0131 olarak kabul edilen Boccaccio\u2019nun ba\u015fyap\u0131t\u0131 Decameron g\u00fc\u00e7l\u00fc bir d\u00fczyaz\u0131.   \u201dDecameron\u2019u okudu\u011fumda 16 ya\u015f\u0131ndayd\u0131m ve 10 hik\u00e2yecinin \u00e7o\u011funun kad\u0131n olmas\u0131 beni \u00e7ok memnun etmi\u015fti\u2026 Modern hik\u00e2ye anlat\u0131c\u0131l\u0131\u011f\u0131n\u0131n babas\u0131 olarak bilinen bu yazar yedi \u015fahane kad\u0131n anlat\u0131c\u0131 takdim ediyordu. Demek ki umut edilecek \u015feyler vard\u0131.\u201d \u2013Elena Ferrante   \u201dAvrupa hik\u00e2ye anlat\u0131c\u0131l\u0131\u011f\u0131n\u0131n ilk b\u00fcy\u00fck ba\u015fyap\u0131t\u0131.\u201d \u2013Hermann Hesse<\/p>\n","protected":false},"excerpt":{"rendered":"<p>1348 yaz\u0131nda Avrupa\u2019y\u0131 toplu \u00f6l\u00fcmlerle sarsan veba salg\u0131n\u0131ndan ka\u00e7maya \u00e7al\u0131\u015fan yedi gen\u00e7 kad\u0131n ve \u00fc\u00e7 gen\u00e7 erkekten olu\u015fan bir grup, \u015fehri terk edip Floransa\u2019n\u0131n k\u0131rsal\u0131na s\u0131\u011f\u0131nmak<span class=\"excerpt-hellip\"> [\u2026]<\/span><\/p>\n","protected":false},"featured_media":0,"template":"","meta":{"_monsterinsights_skip_tracking":false,"_monsterinsights_sitenote_active":false,"_monsterinsights_sitenote_note":"","_monsterinsights_sitenote_category":0},"product_brand":[],"product_cat":[12291,13872],"product_tag":[],"class_list":{"0":"post-722407","1":"product","2":"type-product","3":"status-publish","5":"product_cat-edebiyat","6":"product_cat-klasikler","7":"pa_cilt-ciltli","8":"pa_tur-kitap","9":"pa_yayinevi-alfa-yayinlari","10":"pa_yazar-giovanni-boccaccio","12":"first","13":"instock","14":"sale","15":"shipping-taxable","16":"purchasable","17":"product-type-simple"},"_links":{"self":[{"href":"https:\/\/roveyayinevi.com.tr\/index.php\/wp-json\/wp\/v2\/product\/722407","targetHints":{"allow":["GET"]}}],"collection":[{"href":"https:\/\/roveyayinevi.com.tr\/index.php\/wp-json\/wp\/v2\/product"}],"about":[{"href":"https:\/\/roveyayinevi.com.tr\/index.php\/wp-json\/wp\/v2\/types\/product"}],"wp:attachment":[{"href":"https:\/\/roveyayinevi.com.tr\/index.php\/wp-json\/wp\/v2\/media?parent=722407"}],"wp:term":[{"taxonomy":"product_brand","embeddable":true,"href":"https:\/\/roveyayinevi.com.tr\/index.php\/wp-json\/wp\/v2\/product_brand?post=722407"},{"taxonomy":"product_cat","embeddable":true,"href":"https:\/\/roveyayinevi.com.tr\/index.php\/wp-json\/wp\/v2\/product_cat?post=722407"},{"taxonomy":"product_tag","embeddable":true,"href":"https:\/\/roveyayinevi.com.tr\/index.php\/wp-json\/wp\/v2\/product_tag?post=722407"}],"curies":[{"name":"wp","href":"https:\/\/api.w.org\/{rel}","templated":true}]}}