{"id":722406,"date":"2025-08-27T19:03:55","date_gmt":"2025-08-27T16:03:55","guid":{"rendered":"https:\/\/roveyayinevi.com.tr\/index.php\/urun\/hiclikten-gelen-guc\/"},"modified":"2026-04-08T02:38:03","modified_gmt":"2026-04-07T23:38:03","slug":"hiclikten-gelen-guc","status":"publish","type":"product","link":"https:\/\/roveyayinevi.com.tr\/index.php\/urun\/hiclikten-gelen-guc\/","title":{"rendered":"Hi\u00e7\u2019likten Gelen G\u00fc\u00e7"},"content":{"rendered":"<p>Unutma!  Kaybedecek hi\u00e7bir \u015feyin kalmad\u0131\u011f\u0131 g\u00fcn,  i\u00e7indeki ger\u00e7ek g\u00fc\u00e7 a\u00e7\u0131\u011fa \u00e7\u0131kar.   Ger\u00e7ek g\u00fc\u00e7, hi\u00e7\u2019likten gelir.  Sana bu kitapta \u00f6yle \u015feyler anlatt\u0131m kiart\u0131k asla eskisi gibi olamazs\u0131n.    \u015eimdi git ve sana ait ne varsa, geri al bu hayattan.     G\u00dcC\u00dcN\u00dc, SANA EN B\u00dcY\u00dcK DARBEY\u0130 \u0130ND\u0130RENOLAYDAN ALACAKSIN     Bu kitap, sana t\u00fcm g\u00fcc\u00fcn\u00fc geri y\u00fckleyecek \u00f6zel i\u00e7erikle geliyor:   Kendi ya\u015fam\u0131n\u0131n Lideri olman i\u00e7in g\u00fc\u00e7l\u00fc form\u00fcller Bilin\u00e7alt\u0131na h\u00fckmederek \u201cyeni bir sen\u201d yaratma yollar\u0131 His Y\u00fcklemesi metodu ile gelecek mucizeler Paray\u0131 \u00e7eken uygulamalar G\u00fc\u00e7 sahibi olman i\u00e7in gizli \u00f6\u011fretiler H\u0131zl\u0131 Sonu\u00e7 veren Rit\u00fceller \u0130li\u015fkileri d\u00f6n\u00fc\u015ft\u00fcren y\u00fczle\u015fmeler Gizemli manevi re\u00e7eteler Hi\u00e7bir kitapta olmayan Spirit\u00fcel S\u0131rlar Binlerce Y\u0131ll\u0131k, \u00c7ok Etkili GER\u00c7EK TILSIMLAR   KEND\u0130 Z\u0130RVENE \u00c7IKMAYA HAZIR OL\u2026<\/p>\n","protected":false},"excerpt":{"rendered":"<p>Unutma! Kaybedecek hi\u00e7bir \u015feyin kalmad\u0131\u011f\u0131 g\u00fcn, i\u00e7indeki ger\u00e7ek g\u00fc\u00e7 a\u00e7\u0131\u011fa \u00e7\u0131kar. Ger\u00e7ek g\u00fc\u00e7, hi\u00e7\u2019likten gelir. Sana bu kitapta \u00f6yle \u015feyler anlatt\u0131m kiart\u0131k asla eskisi gibi olamazs\u0131n.<span class=\"excerpt-hellip\"> [\u2026]<\/span><\/p>\n","protected":false},"featured_media":0,"template":"","meta":{"_monsterinsights_skip_tracking":false,"_monsterinsights_sitenote_active":false,"_monsterinsights_sitenote_note":"","_monsterinsights_sitenote_category":0},"product_brand":[],"product_cat":[12364,12376],"product_tag":[],"class_list":{"0":"post-722406","1":"product","2":"type-product","3":"status-publish","5":"product_cat-genel-konular","6":"product_cat-kisisel-gelisim","7":"pa_cilt-ciltsiz","8":"pa_tur-kitap","9":"pa_yayinevi-feniks-yayinlari","10":"pa_yazar-tugce-isinsu","12":"first","13":"instock","14":"sale","15":"shipping-taxable","16":"purchasable","17":"product-type-simple"},"_links":{"self":[{"href":"https:\/\/roveyayinevi.com.tr\/index.php\/wp-json\/wp\/v2\/product\/722406","targetHints":{"allow":["GET"]}}],"collection":[{"href":"https:\/\/roveyayinevi.com.tr\/index.php\/wp-json\/wp\/v2\/product"}],"about":[{"href":"https:\/\/roveyayinevi.com.tr\/index.php\/wp-json\/wp\/v2\/types\/product"}],"wp:attachment":[{"href":"https:\/\/roveyayinevi.com.tr\/index.php\/wp-json\/wp\/v2\/media?parent=722406"}],"wp:term":[{"taxonomy":"product_brand","embeddable":true,"href":"https:\/\/roveyayinevi.com.tr\/index.php\/wp-json\/wp\/v2\/product_brand?post=722406"},{"taxonomy":"product_cat","embeddable":true,"href":"https:\/\/roveyayinevi.com.tr\/index.php\/wp-json\/wp\/v2\/product_cat?post=722406"},{"taxonomy":"product_tag","embeddable":true,"href":"https:\/\/roveyayinevi.com.tr\/index.php\/wp-json\/wp\/v2\/product_tag?post=722406"}],"curies":[{"name":"wp","href":"https:\/\/api.w.org\/{rel}","templated":true}]}}