{"id":722405,"date":"2025-08-27T19:03:54","date_gmt":"2025-08-27T16:03:54","guid":{"rendered":"https:\/\/roveyayinevi.com.tr\/index.php\/urun\/mogollarin-teskilat-ve-idari-tarihi\/"},"modified":"2026-04-16T02:30:30","modified_gmt":"2026-04-15T23:30:30","slug":"mogollarin-teskilat-ve-idari-tarihi","status":"publish","type":"product","link":"https:\/\/roveyayinevi.com.tr\/index.php\/urun\/mogollarin-teskilat-ve-idari-tarihi\/","title":{"rendered":"Mo\u011follar\u0131n Te\u015fkilat  Ve \u0130dari Tarihi"},"content":{"rendered":"<p>Bu \u00e7al\u0131\u015fmada belirledi\u011fimiz ilk hedef, Mo\u011fol idar\u00ee b\u00fcrokrasisinin ve Mo\u011fol idar\u00ee sisteminin nas\u0131l i\u015fledi\u011fini, organize oldu\u011funu anlamak, ayr\u0131ca devlet gelene\u011finde nas\u0131l bir yere sahip oldu\u011funu daha iyi kavrayabilmektir. Bu a\u00e7\u0131dan bakt\u0131\u011f\u0131m\u0131zda Asya ve Avrupa\u2019n\u0131n b\u00fcy\u00fck bir k\u0131sm\u0131nda ba\u015far\u0131l\u0131 say\u0131labilecek y\u00f6netimler kuran Mo\u011follar, bu ba\u015far\u0131lar\u0131n\u0131 sadece asker\u00ee \u00fcst\u00fcnl\u00fcklerine de\u011fil; ayn\u0131 zamanda yay\u0131lm\u0131\u015f olduklar\u0131 farkl\u0131 co\u011frafyalardaki d\u00fczenli te\u015fkilat yap\u0131lar\u0131na da bor\u00e7lu olduklar\u0131n\u0131 g\u00f6rmekteyiz. <\/p>\n","protected":false},"excerpt":{"rendered":"<p>Bu \u00e7al\u0131\u015fmada belirledi\u011fimiz ilk hedef, Mo\u011fol idar\u00ee b\u00fcrokrasisinin ve Mo\u011fol idar\u00ee sisteminin nas\u0131l i\u015fledi\u011fini, organize oldu\u011funu anlamak, ayr\u0131ca devlet gelene\u011finde nas\u0131l bir yere sahip oldu\u011funu daha<span class=\"excerpt-hellip\"> [\u2026]<\/span><\/p>\n","protected":false},"featured_media":0,"template":"","meta":{"_monsterinsights_skip_tracking":false,"_monsterinsights_sitenote_active":false,"_monsterinsights_sitenote_note":"","_monsterinsights_sitenote_category":0},"product_brand":[],"product_cat":[12312,12304],"product_tag":[],"class_list":{"0":"post-722405","1":"product","2":"type-product","3":"status-publish","5":"product_cat-diger","6":"product_cat-tarih","7":"pa_cilt-ciltsiz","8":"pa_tur-kitap","9":"pa_yayinevi-altinordu-yayinlari","10":"pa_yazar-ozkan-dayi","12":"first","13":"instock","14":"sale","15":"shipping-taxable","16":"purchasable","17":"product-type-simple"},"_links":{"self":[{"href":"https:\/\/roveyayinevi.com.tr\/index.php\/wp-json\/wp\/v2\/product\/722405","targetHints":{"allow":["GET"]}}],"collection":[{"href":"https:\/\/roveyayinevi.com.tr\/index.php\/wp-json\/wp\/v2\/product"}],"about":[{"href":"https:\/\/roveyayinevi.com.tr\/index.php\/wp-json\/wp\/v2\/types\/product"}],"wp:attachment":[{"href":"https:\/\/roveyayinevi.com.tr\/index.php\/wp-json\/wp\/v2\/media?parent=722405"}],"wp:term":[{"taxonomy":"product_brand","embeddable":true,"href":"https:\/\/roveyayinevi.com.tr\/index.php\/wp-json\/wp\/v2\/product_brand?post=722405"},{"taxonomy":"product_cat","embeddable":true,"href":"https:\/\/roveyayinevi.com.tr\/index.php\/wp-json\/wp\/v2\/product_cat?post=722405"},{"taxonomy":"product_tag","embeddable":true,"href":"https:\/\/roveyayinevi.com.tr\/index.php\/wp-json\/wp\/v2\/product_tag?post=722405"}],"curies":[{"name":"wp","href":"https:\/\/api.w.org\/{rel}","templated":true}]}}