{"id":722401,"date":"2025-08-27T19:03:51","date_gmt":"2025-08-27T16:03:51","guid":{"rendered":"https:\/\/roveyayinevi.com.tr\/index.php\/urun\/istanbul-3\/"},"modified":"2026-04-16T02:30:30","modified_gmt":"2026-04-15T23:30:30","slug":"istanbul-3","status":"publish","type":"product","link":"https:\/\/roveyayinevi.com.tr\/index.php\/urun\/istanbul-3\/","title":{"rendered":"\u0130stanbul"},"content":{"rendered":"<p>Osmanl\u0131 \u0130stanbul\u2019unun 460 y\u0131l\u0131&#8230;\u00dc\u00e7 bin y\u0131ll\u0131k bir kent olan \u0130stanbul, Do\u011fu-Roma\u2019n\u0131n ba\u015fkenti oldu. Fetih\u2019ten sonra, 460 y\u0131ll\u0131k Osmanl\u0131 \u0130mparatorlu\u011fu d\u00f6neminde de ayn\u0131 ihti\u015fam\u0131 s\u00fcrd\u00fcrd\u00fc. Camileri, k\u00fclliyeleri, \u00e7e\u015fme ve sebilleri, sosyal ya\u015fam\u0131 olu\u015fturan \u00e7ar\u015f\u0131lar\u0131 ve kahvehaneleriyle k\u00fclt\u00fcrel yap\u0131s\u0131 zenginle\u015fen pay\u0131taht, art\u0131k Dersaadet olarak an\u0131lmaya ba\u015flad\u0131.Ara\u015ft\u0131rmac\u0131 yazar Turan Ak\u0131nc\u0131, bu kitapta kentte bulunan 400\u2019\u00fc a\u015fk\u0131n Osmanl\u0131 yap\u0131s\u0131n\u0131 co\u011frafi konumlar\u0131yla tan\u0131t\u0131yor. Yazar ayr\u0131ca, di\u011fer kitaplar\u0131nda oldu\u011fu gibi, burada da Osmanl\u0131 g\u00fcnl\u00fck ya\u015fam\u0131ndan kesitler veriyor.<\/p>\n","protected":false},"excerpt":{"rendered":"<p>Osmanl\u0131 \u0130stanbul\u2019unun 460 y\u0131l\u0131&#8230;\u00dc\u00e7 bin y\u0131ll\u0131k bir kent olan \u0130stanbul, Do\u011fu-Roma\u2019n\u0131n ba\u015fkenti oldu. Fetih\u2019ten sonra, 460 y\u0131ll\u0131k Osmanl\u0131 \u0130mparatorlu\u011fu d\u00f6neminde de ayn\u0131 ihti\u015fam\u0131 s\u00fcrd\u00fcrd\u00fc. Camileri, k\u00fclliyeleri,<span class=\"excerpt-hellip\"> [\u2026]<\/span><\/p>\n","protected":false},"featured_media":0,"template":"","meta":{"_monsterinsights_skip_tracking":false,"_monsterinsights_sitenote_active":false,"_monsterinsights_sitenote_note":"","_monsterinsights_sitenote_category":0},"product_brand":[],"product_cat":[12370,12304],"product_tag":[],"class_list":{"0":"post-722401","1":"product","2":"type-product","3":"status-publish","5":"product_cat-arastirma-inceleme","6":"product_cat-tarih","7":"pa_cilt-ciltsiz","8":"pa_tur-kitap","9":"pa_yayinevi-remzi-kitabevi","10":"pa_yazar-turan-akinci","12":"first","13":"instock","14":"sale","15":"shipping-taxable","16":"purchasable","17":"product-type-simple"},"_links":{"self":[{"href":"https:\/\/roveyayinevi.com.tr\/index.php\/wp-json\/wp\/v2\/product\/722401","targetHints":{"allow":["GET"]}}],"collection":[{"href":"https:\/\/roveyayinevi.com.tr\/index.php\/wp-json\/wp\/v2\/product"}],"about":[{"href":"https:\/\/roveyayinevi.com.tr\/index.php\/wp-json\/wp\/v2\/types\/product"}],"wp:attachment":[{"href":"https:\/\/roveyayinevi.com.tr\/index.php\/wp-json\/wp\/v2\/media?parent=722401"}],"wp:term":[{"taxonomy":"product_brand","embeddable":true,"href":"https:\/\/roveyayinevi.com.tr\/index.php\/wp-json\/wp\/v2\/product_brand?post=722401"},{"taxonomy":"product_cat","embeddable":true,"href":"https:\/\/roveyayinevi.com.tr\/index.php\/wp-json\/wp\/v2\/product_cat?post=722401"},{"taxonomy":"product_tag","embeddable":true,"href":"https:\/\/roveyayinevi.com.tr\/index.php\/wp-json\/wp\/v2\/product_tag?post=722401"}],"curies":[{"name":"wp","href":"https:\/\/api.w.org\/{rel}","templated":true}]}}