{"id":722400,"date":"2025-08-27T19:03:51","date_gmt":"2025-08-27T16:03:51","guid":{"rendered":"https:\/\/roveyayinevi.com.tr\/index.php\/urun\/mineraller-ve-degerli-taslar\/"},"modified":"2026-04-16T02:30:30","modified_gmt":"2026-04-15T23:30:30","slug":"mineraller-ve-degerli-taslar","status":"publish","type":"product","link":"https:\/\/roveyayinevi.com.tr\/index.php\/urun\/mineraller-ve-degerli-taslar\/","title":{"rendered":"Mineraller ve De\u011ferli Ta\u015flar"},"content":{"rendered":"<p>Mineralleri ke\u015ffetmek i\u00e7in bir rehber Minerallerin renkleri nas\u0131l olu\u015fuyor? Koleksiyon yaparken nas\u0131l ba\u015flayal\u0131m? Mineraller ve de\u011ferli ta\u015flar\u0131 nas\u0131l tan\u0131r\u0131z? <\/p>\n","protected":false},"excerpt":{"rendered":"<p>Mineralleri ke\u015ffetmek i\u00e7in bir rehber Minerallerin renkleri nas\u0131l olu\u015fuyor? Koleksiyon yaparken nas\u0131l ba\u015flayal\u0131m? Mineraller ve de\u011ferli ta\u015flar\u0131 nas\u0131l tan\u0131r\u0131z?<\/p>\n","protected":false},"featured_media":0,"template":"","meta":{"_monsterinsights_skip_tracking":false,"_monsterinsights_sitenote_active":false,"_monsterinsights_sitenote_note":"","_monsterinsights_sitenote_category":0},"product_brand":[],"product_cat":[13005,13010],"product_tag":[],"class_list":{"0":"post-722400","1":"product","2":"type-product","3":"status-publish","5":"product_cat-bilim-muhendislik","6":"product_cat-doga-bilimleri","7":"pa_cilt-ciltsiz","8":"pa_tur-kitap","9":"pa_yayinevi-bilge-kultur-sanat","10":"pa_yazar-francois-farges","12":"first","13":"instock","14":"sale","15":"shipping-taxable","16":"purchasable","17":"product-type-simple"},"_links":{"self":[{"href":"https:\/\/roveyayinevi.com.tr\/index.php\/wp-json\/wp\/v2\/product\/722400","targetHints":{"allow":["GET"]}}],"collection":[{"href":"https:\/\/roveyayinevi.com.tr\/index.php\/wp-json\/wp\/v2\/product"}],"about":[{"href":"https:\/\/roveyayinevi.com.tr\/index.php\/wp-json\/wp\/v2\/types\/product"}],"wp:attachment":[{"href":"https:\/\/roveyayinevi.com.tr\/index.php\/wp-json\/wp\/v2\/media?parent=722400"}],"wp:term":[{"taxonomy":"product_brand","embeddable":true,"href":"https:\/\/roveyayinevi.com.tr\/index.php\/wp-json\/wp\/v2\/product_brand?post=722400"},{"taxonomy":"product_cat","embeddable":true,"href":"https:\/\/roveyayinevi.com.tr\/index.php\/wp-json\/wp\/v2\/product_cat?post=722400"},{"taxonomy":"product_tag","embeddable":true,"href":"https:\/\/roveyayinevi.com.tr\/index.php\/wp-json\/wp\/v2\/product_tag?post=722400"}],"curies":[{"name":"wp","href":"https:\/\/api.w.org\/{rel}","templated":true}]}}