{"id":722398,"date":"2025-08-27T19:03:49","date_gmt":"2025-08-27T16:03:49","guid":{"rendered":"https:\/\/roveyayinevi.com.tr\/index.php\/urun\/alice-harikalar-diyarinda-8\/"},"modified":"2026-04-16T02:30:29","modified_gmt":"2026-04-15T23:30:29","slug":"alice-harikalar-diyarinda-8","status":"publish","type":"product","link":"https:\/\/roveyayinevi.com.tr\/index.php\/urun\/alice-harikalar-diyarinda-8\/","title":{"rendered":"Alice Harikalar Diyar\u0131nda"},"content":{"rendered":"<p>Alice i\u00e7in gayet s\u0131radan bir \u015fekilde ba\u015flayan g\u00fcn tav\u015fan deli\u011finden a\u015fa\u011f\u0131 yuvarlan\u0131p kendini Harikalar Diyar\u0131\u2019nda bulmas\u0131yla gittik\u00e7e tuhafla\u015f\u0131r. Birbirinden acayip karakterlerle tan\u0131\u015faca\u011f\u0131 bu diyarda onu ola\u011fan\u00fcst\u00fc maceralar beklemektedir.Uzman isimlerce sadele\u015ftirilip yay\u0131na haz\u0131rlanan ve her biri usta \u00e7izerler taraf\u0131ndan resimlenen klasik dizi kitaplar\u0131 minik kitapseverleri hi\u00e7 eskimeyen klasiklerle tan\u0131\u015ft\u0131r\u0131yor.<\/p>\n","protected":false},"excerpt":{"rendered":"<p>Alice i\u00e7in gayet s\u0131radan bir \u015fekilde ba\u015flayan g\u00fcn tav\u015fan deli\u011finden a\u015fa\u011f\u0131 yuvarlan\u0131p kendini Harikalar Diyar\u0131\u2019nda bulmas\u0131yla gittik\u00e7e tuhafla\u015f\u0131r. Birbirinden acayip karakterlerle tan\u0131\u015faca\u011f\u0131 bu diyarda onu ola\u011fan\u00fcst\u00fc<span class=\"excerpt-hellip\"> [\u2026]<\/span><\/p>\n","protected":false},"featured_media":0,"template":"","meta":{"_monsterinsights_skip_tracking":false,"_monsterinsights_sitenote_active":false,"_monsterinsights_sitenote_note":"","_monsterinsights_sitenote_category":0},"product_brand":[],"product_cat":[12274,12467],"product_tag":[],"class_list":{"0":"post-722398","1":"product","2":"type-product","3":"status-publish","5":"product_cat-cocuk-ve-genclik-kitaplari","6":"product_cat-dunya-klasikleri","7":"pa_cilt-ciltsiz","8":"pa_tur-kitap","9":"pa_yayinevi-ucan-at","10":"pa_yazar-lewis-carroll","12":"first","13":"instock","14":"sale","15":"shipping-taxable","16":"purchasable","17":"product-type-simple"},"_links":{"self":[{"href":"https:\/\/roveyayinevi.com.tr\/index.php\/wp-json\/wp\/v2\/product\/722398","targetHints":{"allow":["GET"]}}],"collection":[{"href":"https:\/\/roveyayinevi.com.tr\/index.php\/wp-json\/wp\/v2\/product"}],"about":[{"href":"https:\/\/roveyayinevi.com.tr\/index.php\/wp-json\/wp\/v2\/types\/product"}],"wp:attachment":[{"href":"https:\/\/roveyayinevi.com.tr\/index.php\/wp-json\/wp\/v2\/media?parent=722398"}],"wp:term":[{"taxonomy":"product_brand","embeddable":true,"href":"https:\/\/roveyayinevi.com.tr\/index.php\/wp-json\/wp\/v2\/product_brand?post=722398"},{"taxonomy":"product_cat","embeddable":true,"href":"https:\/\/roveyayinevi.com.tr\/index.php\/wp-json\/wp\/v2\/product_cat?post=722398"},{"taxonomy":"product_tag","embeddable":true,"href":"https:\/\/roveyayinevi.com.tr\/index.php\/wp-json\/wp\/v2\/product_tag?post=722398"}],"curies":[{"name":"wp","href":"https:\/\/api.w.org\/{rel}","templated":true}]}}