{"id":722397,"date":"2025-08-27T19:03:48","date_gmt":"2025-08-27T16:03:48","guid":{"rendered":"https:\/\/roveyayinevi.com.tr\/index.php\/urun\/gulliverin-gezileri-7\/"},"modified":"2026-04-16T02:30:29","modified_gmt":"2026-04-15T23:30:29","slug":"gulliverin-gezileri-7","status":"publish","type":"product","link":"https:\/\/roveyayinevi.com.tr\/index.php\/urun\/gulliverin-gezileri-7\/","title":{"rendered":"Gulliver\u2019in Gezileri"},"content":{"rendered":"<p>Macera i\u00e7in uzak denizlere a\u00e7\u0131lan Gulliver, gemisi f\u0131rt\u0131nada kayal\u0131klara \u00e7arp\u0131p bat\u0131nca kendini akl\u0131na hayaline gelmeyecek bir yer olan Lilliput\u2019ta bulur. Bu \u00fclkenin insanlar\u0131 daha \u00f6nce g\u00f6rd\u00fc\u011f\u00fc insanlara hi\u00e7 mi hi\u00e7 benzemez. Bu benzersiz insanlar\u0131n aras\u0131nda Gulliver\u2019i heyecanl\u0131 g\u00fcnler beklemektedir.Uzman isimlerce sadele\u015ftirilip yay\u0131na haz\u0131rlanan ve her biri usta \u00e7izerler taraf\u0131ndan resimlenen klasik dizi kitaplar\u0131 minik kitapseverleri hi\u00e7 eskimeyen klasiklerle tan\u0131\u015ft\u0131r\u0131yor.<\/p>\n","protected":false},"excerpt":{"rendered":"<p>Macera i\u00e7in uzak denizlere a\u00e7\u0131lan Gulliver, gemisi f\u0131rt\u0131nada kayal\u0131klara \u00e7arp\u0131p bat\u0131nca kendini akl\u0131na hayaline gelmeyecek bir yer olan Lilliput\u2019ta bulur. Bu \u00fclkenin insanlar\u0131 daha \u00f6nce g\u00f6rd\u00fc\u011f\u00fc<span class=\"excerpt-hellip\"> [\u2026]<\/span><\/p>\n","protected":false},"featured_media":0,"template":"","meta":{"_monsterinsights_skip_tracking":false,"_monsterinsights_sitenote_active":false,"_monsterinsights_sitenote_note":"","_monsterinsights_sitenote_category":0},"product_brand":[],"product_cat":[12274,12467],"product_tag":[],"class_list":{"0":"post-722397","1":"product","2":"type-product","3":"status-publish","5":"product_cat-cocuk-ve-genclik-kitaplari","6":"product_cat-dunya-klasikleri","7":"pa_cilt-ciltsiz","8":"pa_tur-kitap","9":"pa_yayinevi-ucan-at","10":"pa_yazar-jonathan-swift","12":"first","13":"instock","14":"sale","15":"shipping-taxable","16":"purchasable","17":"product-type-simple"},"_links":{"self":[{"href":"https:\/\/roveyayinevi.com.tr\/index.php\/wp-json\/wp\/v2\/product\/722397","targetHints":{"allow":["GET"]}}],"collection":[{"href":"https:\/\/roveyayinevi.com.tr\/index.php\/wp-json\/wp\/v2\/product"}],"about":[{"href":"https:\/\/roveyayinevi.com.tr\/index.php\/wp-json\/wp\/v2\/types\/product"}],"wp:attachment":[{"href":"https:\/\/roveyayinevi.com.tr\/index.php\/wp-json\/wp\/v2\/media?parent=722397"}],"wp:term":[{"taxonomy":"product_brand","embeddable":true,"href":"https:\/\/roveyayinevi.com.tr\/index.php\/wp-json\/wp\/v2\/product_brand?post=722397"},{"taxonomy":"product_cat","embeddable":true,"href":"https:\/\/roveyayinevi.com.tr\/index.php\/wp-json\/wp\/v2\/product_cat?post=722397"},{"taxonomy":"product_tag","embeddable":true,"href":"https:\/\/roveyayinevi.com.tr\/index.php\/wp-json\/wp\/v2\/product_tag?post=722397"}],"curies":[{"name":"wp","href":"https:\/\/api.w.org\/{rel}","templated":true}]}}