{"id":722396,"date":"2025-08-27T19:03:47","date_gmt":"2025-08-27T16:03:47","guid":{"rendered":"https:\/\/roveyayinevi.com.tr\/index.php\/urun\/gazeteci\/"},"modified":"2026-04-16T02:30:29","modified_gmt":"2026-04-15T23:30:29","slug":"gazeteci","status":"publish","type":"product","link":"https:\/\/roveyayinevi.com.tr\/index.php\/urun\/gazeteci\/","title":{"rendered":"Gazeteci"},"content":{"rendered":"<p>12 Eyl\u00fcl askeri m\u00fcdahalesine giden yolun hikayesi&#8230;Bir suikast sonucu hayat\u0131n\u0131 yitiren Abdi \u0130pek\u00e7i\u2019nin ya\u015fam\u0131n\u0131 anlatan bu kitab\u0131n iki yazar\u0131 Tufan T\u00fcren\u00e7 ve Erhan Aky\u0131ld\u0131z, gazetecilik mesle\u011fine Milliyet\u2019te ba\u015flam\u0131\u015flard\u0131. Yan\u0131nda yeti\u015ftikleri genel yay\u0131n y\u00f6netmenleri \u0130pek\u00e7i\u2019ye b\u00fcy\u00fck bir sevgi ve sayg\u0131yla ba\u011fl\u0131yd\u0131lar. Abdi \u0130pek\u00e7i onlara meslek ilke ve kurallar\u0131na \u00f6d\u00fcns\u00fcz ba\u011fl\u0131 kalmalar\u0131n\u0131 \u00f6\u011fretmi\u015f, d\u00fcr\u00fcst ve titiz gazetecilik yapmalar\u0131n\u0131 \u00f6\u011f\u00fctlemi\u015fti. Gazeteci de ayn\u0131 titizlikle haz\u0131rland\u0131 ve ilk yay\u0131nland\u0131\u011f\u0131nda k\u0131sa s\u00fcrede \u00e7ok satan kitaplar aras\u0131na girdi. Bu kitab\u0131n, gazetecilik mesle\u011finin \u00f6v\u00fcn\u00e7 kayna\u011f\u0131 olan de\u011ferlerin a\u015f\u0131nd\u0131\u011f\u0131 bir d\u00f6nemde, \u00f6nemli bir bo\u015flu\u011fu dolduraca\u011f\u0131n\u0131 umuyoruz.<\/p>\n","protected":false},"excerpt":{"rendered":"<p>12 Eyl\u00fcl askeri m\u00fcdahalesine giden yolun hikayesi&#8230;Bir suikast sonucu hayat\u0131n\u0131 yitiren Abdi \u0130pek\u00e7i\u2019nin ya\u015fam\u0131n\u0131 anlatan bu kitab\u0131n iki yazar\u0131 Tufan T\u00fcren\u00e7 ve Erhan Aky\u0131ld\u0131z, gazetecilik mesle\u011fine<span class=\"excerpt-hellip\"> [\u2026]<\/span><\/p>\n","protected":false},"featured_media":0,"template":"","meta":{"_monsterinsights_skip_tracking":false,"_monsterinsights_sitenote_active":false,"_monsterinsights_sitenote_note":"","_monsterinsights_sitenote_category":0},"product_brand":[],"product_cat":[14009,12291],"product_tag":[],"class_list":{"0":"post-722396","1":"product","2":"type-product","3":"status-publish","5":"product_cat-biyografi-otobiyografi-edebiyat","6":"product_cat-edebiyat","7":"pa_cilt-ciltsiz","8":"pa_tur-kitap","9":"pa_yayinevi-remzi-kitabevi","10":"pa_yazar-tufan-turenc-erhan-akyildiz","12":"first","13":"instock","14":"sale","15":"shipping-taxable","16":"purchasable","17":"product-type-simple"},"_links":{"self":[{"href":"https:\/\/roveyayinevi.com.tr\/index.php\/wp-json\/wp\/v2\/product\/722396","targetHints":{"allow":["GET"]}}],"collection":[{"href":"https:\/\/roveyayinevi.com.tr\/index.php\/wp-json\/wp\/v2\/product"}],"about":[{"href":"https:\/\/roveyayinevi.com.tr\/index.php\/wp-json\/wp\/v2\/types\/product"}],"wp:attachment":[{"href":"https:\/\/roveyayinevi.com.tr\/index.php\/wp-json\/wp\/v2\/media?parent=722396"}],"wp:term":[{"taxonomy":"product_brand","embeddable":true,"href":"https:\/\/roveyayinevi.com.tr\/index.php\/wp-json\/wp\/v2\/product_brand?post=722396"},{"taxonomy":"product_cat","embeddable":true,"href":"https:\/\/roveyayinevi.com.tr\/index.php\/wp-json\/wp\/v2\/product_cat?post=722396"},{"taxonomy":"product_tag","embeddable":true,"href":"https:\/\/roveyayinevi.com.tr\/index.php\/wp-json\/wp\/v2\/product_tag?post=722396"}],"curies":[{"name":"wp","href":"https:\/\/api.w.org\/{rel}","templated":true}]}}