{"id":722394,"date":"2025-08-27T19:03:46","date_gmt":"2025-08-27T16:03:46","guid":{"rendered":"https:\/\/roveyayinevi.com.tr\/index.php\/urun\/kadim-cadilik-ogretisi\/"},"modified":"2026-04-16T02:30:29","modified_gmt":"2026-04-15T23:30:29","slug":"kadim-cadilik-ogretisi","status":"publish","type":"product","link":"https:\/\/roveyayinevi.com.tr\/index.php\/urun\/kadim-cadilik-ogretisi\/","title":{"rendered":"Kadim Cad\u0131l\u0131k \u00d6\u011fretisi"},"content":{"rendered":"<p>Yeni\u00e7a\u011f\u0131n b\u00fcy\u00fcc\u00fcleri, s\u00fcp\u00fcrgesiz cad\u0131lar&#8230;   G\u00fcn\u00fcm\u00fczde cad\u0131l\u0131ktan ya da b\u00fcy\u00fcc\u00fcl\u00fckten s\u00f6z etmek h\u00e2l\u00e2 \u00e7ok ki\u015fiye garip gelebilir, oysa insanl\u0131k tarihi boyunca, son y\u00fczy\u0131la kadar, cad\u0131l\u0131ktan s\u00f6z eden biri hi\u00e7 de garip kar\u015f\u0131lanm\u0131yordu. D\u00fcnyan\u0131n pek \u00e7ok yerinde kendilerine &#8220;cad\u0131&#8221; diyenlerin ve cad\u0131 topluluklar\u0131 olu\u015fturanlar\u0131n say\u0131s\u0131 g\u00fcn ge\u00e7tik\u00e7e artmaya devam ediyor. \u00dcstelik \u00e7a\u011f\u0131m\u0131z\u0131n cad\u0131lar\u0131 \u00f6yle filmlerdeki gibi ellerinde u\u00e7an s\u00fcp\u00fcrgeler, \u00fczerlerinde pelerinler ta\u015f\u0131yan, kazanlar kaynatan &#8220;kocakar\u0131lar&#8221; de\u011filler. Her \u0131rktan, her cinsiyetten, d\u00fcnyay\u0131 seven ayd\u0131n insanlar&#8230; &#8220;Cad\u0131&#8221; dendi\u011finde ba\u015fkalar\u0131na b\u00fcy\u00fc yapan insanlar akl\u0131n\u0131za geliyor olabilir. Oysa insan\u0131n evrimi boyunca b\u00fcy\u00fc ve b\u00fcy\u00fcc\u00fc kavramlar\u0131 her zaman her yerde k\u00fclt\u00fcr kal\u0131plar\u0131 i\u00e7inde var olmu\u015ftur. Paganizmde b\u00fcy\u00fc, Wicca\u2019n\u0131n da kabul etti\u011fi gibi, bir ba\u015fkas\u0131n\u0131n iradesine kar\u015f\u0131 yap\u0131lan bir eylem de\u011fil, ki\u015finin kendini geli\u015ftirmesinin bir yoludur. Yani bir \u00e7e\u015fit ayindir. S\u00f6z konusu ayinin ya da daha genel bir ifadeyle rit\u00fcelin amac\u0131 sadece yapan ki\u015finin hayr\u0131 ve geli\u015fimi i\u00e7indir. Dolay\u0131s\u0131yla Wicca yolunu se\u00e7en bir Wiccan, asl\u0131nda b\u00fcy\u00fcy\u00fc kendini geli\u015ftirmek ad\u0131na yapan ki\u015fidir&#8230; Ara\u015ft\u0131rmac\u0131 yazar Erhan Altunay\u2019\u0131n kaleme ald\u0131\u011f\u0131 KAD\u0130M CADILIK \u00d6\u011eRET\u0130S\u0130 binlerce y\u0131ld\u0131r yery\u00fcz\u00fcnde ifade bulmu\u015f, g\u00fcn\u00fcm\u00fczde de halen kar\u015f\u0131l\u0131k bulmaya devam eden kadim rit\u00fcelleri, k\u00fcltleri ve mitleri anla\u015f\u0131l\u0131r ve uygulanabilir \u015fekilde tarafs\u0131z ve yorumsuz bir bi\u00e7imde sunuyor. <\/p>\n","protected":false},"excerpt":{"rendered":"<p>Yeni\u00e7a\u011f\u0131n b\u00fcy\u00fcc\u00fcleri, s\u00fcp\u00fcrgesiz cad\u0131lar&#8230; G\u00fcn\u00fcm\u00fczde cad\u0131l\u0131ktan ya da b\u00fcy\u00fcc\u00fcl\u00fckten s\u00f6z etmek h\u00e2l\u00e2 \u00e7ok ki\u015fiye garip gelebilir, oysa insanl\u0131k tarihi boyunca, son y\u00fczy\u0131la kadar, cad\u0131l\u0131ktan s\u00f6z eden<span class=\"excerpt-hellip\"> [\u2026]<\/span><\/p>\n","protected":false},"featured_media":0,"template":"","meta":{"_monsterinsights_skip_tracking":false,"_monsterinsights_sitenote_active":false,"_monsterinsights_sitenote_note":"","_monsterinsights_sitenote_category":0},"product_brand":[],"product_cat":[52477],"product_tag":[],"class_list":{"0":"post-722394","1":"product","2":"type-product","3":"status-publish","5":"product_cat-arastirma","6":"pa_cilt-ciltsiz","7":"pa_tur-kitap","8":"pa_yayinevi-destek-yayinlari","9":"pa_yazar-erhan-altunay","11":"first","12":"instock","13":"sale","14":"shipping-taxable","15":"purchasable","16":"product-type-simple"},"_links":{"self":[{"href":"https:\/\/roveyayinevi.com.tr\/index.php\/wp-json\/wp\/v2\/product\/722394","targetHints":{"allow":["GET"]}}],"collection":[{"href":"https:\/\/roveyayinevi.com.tr\/index.php\/wp-json\/wp\/v2\/product"}],"about":[{"href":"https:\/\/roveyayinevi.com.tr\/index.php\/wp-json\/wp\/v2\/types\/product"}],"wp:attachment":[{"href":"https:\/\/roveyayinevi.com.tr\/index.php\/wp-json\/wp\/v2\/media?parent=722394"}],"wp:term":[{"taxonomy":"product_brand","embeddable":true,"href":"https:\/\/roveyayinevi.com.tr\/index.php\/wp-json\/wp\/v2\/product_brand?post=722394"},{"taxonomy":"product_cat","embeddable":true,"href":"https:\/\/roveyayinevi.com.tr\/index.php\/wp-json\/wp\/v2\/product_cat?post=722394"},{"taxonomy":"product_tag","embeddable":true,"href":"https:\/\/roveyayinevi.com.tr\/index.php\/wp-json\/wp\/v2\/product_tag?post=722394"}],"curies":[{"name":"wp","href":"https:\/\/api.w.org\/{rel}","templated":true}]}}