{"id":722391,"date":"2025-08-27T19:03:43","date_gmt":"2025-08-27T16:03:43","guid":{"rendered":"https:\/\/roveyayinevi.com.tr\/index.php\/urun\/gogsundeki-uykumu-bolme\/"},"modified":"2026-04-16T02:30:29","modified_gmt":"2026-04-15T23:30:29","slug":"gogsundeki-uykumu-bolme","status":"publish","type":"product","link":"https:\/\/roveyayinevi.com.tr\/index.php\/urun\/gogsundeki-uykumu-bolme\/","title":{"rendered":"G\u00f6\u011fs\u00fcndeki Uykumu B\u2019\u00f6lme"},"content":{"rendered":"<p>Yazar\u0131n deyimi ile;\u0130nsanlar mutlu oldu\u011fumu sanacak kadar tan\u0131yor, mutsuzlu\u011fumu g\u00f6recek kadar de\u011fil&#8230;\u00c7ocuklu\u011funuzu yorgan\u0131n alt\u0131nda kulaklar\u0131n\u0131z kapal\u0131 b\u0131rakmay\u0131n. Sak\u0131n b\u00fcy\u00fcmeyin \u00e7\u00fcnk\u00fc k\u00fc\u00e7\u00fclemeyeceksiniz! E\u011fer b\u00fcy\u00fcyorsan\u0131z da hayallerinizi k\u00fc\u00e7\u00fck g\u00f6renleri k\u00fc\u00e7\u00fcltecek kadar b\u00fcy\u00fcy\u00fcn.Reng\u00e2renk umutlar saklay\u0131n k\u0131r\u0131lan sa\u00e7 tellerinizin ard\u0131ndan l\u00e2kin onlar\u0131 k\u0131rmay\u0131n.\u00d6yle bir sevin ki, kalbini k\u0131\u015fl\u0131klar\u0131n aras\u0131na kald\u0131ran insanlar\u0131 utand\u0131r\u0131n.Birini d\u00fczeltmek i\u00e7in de\u011fil gerekirse beraber bozulmak i\u00e7in sevin.Eski alb\u00fcmlerin kurcalanmaya ihtiyac\u0131 var.Ka\u00e7 paketlik ac\u0131n\u0131z varsa s\u00f6nd\u00fcrmeden yak\u0131n.Hi\u00e7bir \u015fey de\u011fil hep bir \u015fey olsun.Yokmu\u015f gibi ya\u015famay\u0131n varm\u0131\u015f gibi de yapmay\u0131n.Zaten hi\u00e7 kimsemiz yok hi\u00e7 kimse olmayal\u0131m bari.Bu kitap ger\u00e7ek bir hayat hik\u00e2yesidir&#8230;<\/p>\n","protected":false},"excerpt":{"rendered":"<p>Yazar\u0131n deyimi ile;\u0130nsanlar mutlu oldu\u011fumu sanacak kadar tan\u0131yor, mutsuzlu\u011fumu g\u00f6recek kadar de\u011fil&#8230;\u00c7ocuklu\u011funuzu yorgan\u0131n alt\u0131nda kulaklar\u0131n\u0131z kapal\u0131 b\u0131rakmay\u0131n. Sak\u0131n b\u00fcy\u00fcmeyin \u00e7\u00fcnk\u00fc k\u00fc\u00e7\u00fclemeyeceksiniz! E\u011fer b\u00fcy\u00fcyorsan\u0131z da hayallerinizi k\u00fc\u00e7\u00fck<span class=\"excerpt-hellip\"> [\u2026]<\/span><\/p>\n","protected":false},"featured_media":0,"template":"","meta":{"_monsterinsights_skip_tracking":false,"_monsterinsights_sitenote_active":false,"_monsterinsights_sitenote_note":"","_monsterinsights_sitenote_category":0},"product_brand":[],"product_cat":[12291,12711],"product_tag":[],"class_list":{"0":"post-722391","1":"product","2":"type-product","3":"status-publish","5":"product_cat-edebiyat","6":"product_cat-roman-oyku","7":"pa_cilt-ciltsiz","8":"pa_tur-kitap","9":"pa_yayinevi-dokuz-yayinlari","10":"pa_yazar-dilara-kacmaz","12":"first","13":"instock","14":"sale","15":"shipping-taxable","16":"purchasable","17":"product-type-simple"},"_links":{"self":[{"href":"https:\/\/roveyayinevi.com.tr\/index.php\/wp-json\/wp\/v2\/product\/722391","targetHints":{"allow":["GET"]}}],"collection":[{"href":"https:\/\/roveyayinevi.com.tr\/index.php\/wp-json\/wp\/v2\/product"}],"about":[{"href":"https:\/\/roveyayinevi.com.tr\/index.php\/wp-json\/wp\/v2\/types\/product"}],"wp:attachment":[{"href":"https:\/\/roveyayinevi.com.tr\/index.php\/wp-json\/wp\/v2\/media?parent=722391"}],"wp:term":[{"taxonomy":"product_brand","embeddable":true,"href":"https:\/\/roveyayinevi.com.tr\/index.php\/wp-json\/wp\/v2\/product_brand?post=722391"},{"taxonomy":"product_cat","embeddable":true,"href":"https:\/\/roveyayinevi.com.tr\/index.php\/wp-json\/wp\/v2\/product_cat?post=722391"},{"taxonomy":"product_tag","embeddable":true,"href":"https:\/\/roveyayinevi.com.tr\/index.php\/wp-json\/wp\/v2\/product_tag?post=722391"}],"curies":[{"name":"wp","href":"https:\/\/api.w.org\/{rel}","templated":true}]}}