{"id":722390,"date":"2025-08-27T19:03:43","date_gmt":"2025-08-27T16:03:43","guid":{"rendered":"https:\/\/roveyayinevi.com.tr\/index.php\/urun\/babama-kamera-vermeyin\/"},"modified":"2026-04-16T02:30:29","modified_gmt":"2026-04-15T23:30:29","slug":"babama-kamera-vermeyin","status":"publish","type":"product","link":"https:\/\/roveyayinevi.com.tr\/index.php\/urun\/babama-kamera-vermeyin\/","title":{"rendered":"Babama Kamera Vermeyin"},"content":{"rendered":"<p>\u00d6yk\u00fclerin g\u00fclen y\u00fcz\u00fc hi\u00e7 solmas\u0131n!\u00c7ocuklara \u201chayal kurma dersleri\u201d veren yazar Pelin G\u00fcne\u015f\u2019in \u00f6d\u00fcll\u00fc kitab\u0131 Babama Kamera Vermeyin, gen\u00e7 ill\u00fcstrat\u00f6r G\u00f6zde Eyce\u2019nin ne\u015feli \u00e7izimleri ve g\u00f6zden ge\u00e7irilmi\u015f bask\u0131s\u0131yla yeniden raflara giriyor.Bilgi \u00e7a\u011f\u0131 \u00e7ocuklar\u0131n\u0131n, okul ve aile ya\u015fant\u0131lar\u0131n\u0131 ince ve tatl\u0131 bir mizahla i\u015fleyen on \u00f6yk\u00fcn\u00fcn yer ald\u0131\u011f\u0131 bu ele avuca s\u0131\u011fmaz kitap, yeti\u015fkin d\u00fcnyas\u0131n\u0131 anlamaya \u00e7al\u0131\u015fan \u00e7ocuklar\u0131n ba\u015f\u0131ndan ge\u00e7en komik ve d\u00fc\u015f\u00fcnd\u00fcr\u00fcc\u00fc olaylar\u0131 konu ediniyor.Teknoloji ba\u011f\u0131ml\u0131l\u0131\u011f\u0131, enflasyon gibi g\u00fcnceli yakalayan evrensel meselelere temas eden yazar; \u00f6yk\u00fclerini kaleme al\u0131rken \u015fiir, g\u00fcnl\u00fck, roman ve masal gibi farkl\u0131 edebi t\u00fcrlerden beslenerek, \u00e7ocuklar\u0131 yeni okumalar yapmaya heveslendiriyor.Yeni do\u011fan \u00e7ocuklar\u0131na dair her geli\u015fmeyi bir g\u00fcnl\u00fc\u011fe kaydeden tela\u015fl\u0131 bir anne-baba, dedesinin t\u0131rnaklar\u0131n\u0131 boyay\u0131p su\u00e7u perilerde arayan R\u00fcya, Tom Sawyer\u2019a yepyeni bir kader bi\u00e7en Sinan, \u00f6zel hayat\u0131na sayg\u0131 isteyip babas\u0131n\u0131 \u00fcst mercilere \u015fik\u00e2yete haz\u0131rlanan Kutay, gazete haberleri ile ilgili makaleler yazmaya koyulan g\u00f6zlemci \u00f6\u011frenciler ve di\u011ferleri&#8230; Herkese bir yerden tan\u0131d\u0131k gelecek bu \u00e7ocuklar, g\u00fclmeyi ya\u015fam\u0131n her \u00e2n\u0131nda yakalamay\u0131 ba\u015faran, e\u011flencenin tad\u0131n\u0131 \u00e7\u0131karan \u00f6zg\u00fcr ruhlar. Gelin onlara hep birlikte kulak verelim ve h\u0131zla de\u011fi\u015fen d\u00fcnyaya nas\u0131l da ilham verici bir \u015fekilde ayak uydurduklar\u0131na tan\u0131kl\u0131k edelim&#8230;G\u00fcn\u00fcm\u00fcz \u00e7ocuklar\u0131n\u0131n keskin zek\u00e2lar\u0131na bir kez daha hayran b\u0131rakan Babama Kamera Vermeyin, yaz\u0131l\u0131\u015f\u0131n\u0131n \u00fcst\u00fcnden yakla\u015f\u0131k yirmi y\u0131l ge\u00e7mesine ra\u011fmen g\u00fcncelli\u011finden hi\u00e7bir \u015fey yitirmiyor, k\u00fc\u00e7\u00fck kalpleri ve beyinleri me\u015fgul eden \u201chassas\u201d mevzulara e\u011filerek, asla eskimeyecek bir anlat\u0131 sunuyor.<\/p>\n","protected":false},"excerpt":{"rendered":"<p>\u00d6yk\u00fclerin g\u00fclen y\u00fcz\u00fc hi\u00e7 solmas\u0131n!\u00c7ocuklara \u201chayal kurma dersleri\u201d veren yazar Pelin G\u00fcne\u015f\u2019in \u00f6d\u00fcll\u00fc kitab\u0131 Babama Kamera Vermeyin, gen\u00e7 ill\u00fcstrat\u00f6r G\u00f6zde Eyce\u2019nin ne\u015feli \u00e7izimleri ve g\u00f6zden ge\u00e7irilmi\u015f<span class=\"excerpt-hellip\"> [\u2026]<\/span><\/p>\n","protected":false},"featured_media":0,"template":"","meta":{"_monsterinsights_skip_tracking":false,"_monsterinsights_sitenote_active":false,"_monsterinsights_sitenote_note":"","_monsterinsights_sitenote_category":0},"product_brand":[],"product_cat":[12274,12284],"product_tag":[],"class_list":{"0":"post-722390","1":"product","2":"type-product","3":"status-publish","5":"product_cat-cocuk-ve-genclik-kitaplari","6":"product_cat-hikayeler","7":"pa_cilt-ciltsiz","8":"pa_tur-kitap","9":"pa_yayinevi-tudem-yayinlari","10":"pa_yazar-pelin-gunes","12":"first","13":"instock","14":"sale","15":"shipping-taxable","16":"purchasable","17":"product-type-simple"},"_links":{"self":[{"href":"https:\/\/roveyayinevi.com.tr\/index.php\/wp-json\/wp\/v2\/product\/722390","targetHints":{"allow":["GET"]}}],"collection":[{"href":"https:\/\/roveyayinevi.com.tr\/index.php\/wp-json\/wp\/v2\/product"}],"about":[{"href":"https:\/\/roveyayinevi.com.tr\/index.php\/wp-json\/wp\/v2\/types\/product"}],"wp:attachment":[{"href":"https:\/\/roveyayinevi.com.tr\/index.php\/wp-json\/wp\/v2\/media?parent=722390"}],"wp:term":[{"taxonomy":"product_brand","embeddable":true,"href":"https:\/\/roveyayinevi.com.tr\/index.php\/wp-json\/wp\/v2\/product_brand?post=722390"},{"taxonomy":"product_cat","embeddable":true,"href":"https:\/\/roveyayinevi.com.tr\/index.php\/wp-json\/wp\/v2\/product_cat?post=722390"},{"taxonomy":"product_tag","embeddable":true,"href":"https:\/\/roveyayinevi.com.tr\/index.php\/wp-json\/wp\/v2\/product_tag?post=722390"}],"curies":[{"name":"wp","href":"https:\/\/api.w.org\/{rel}","templated":true}]}}