{"id":722386,"date":"2025-08-27T19:03:39","date_gmt":"2025-08-27T16:03:39","guid":{"rendered":"https:\/\/roveyayinevi.com.tr\/index.php\/urun\/kanatlanmis-kadinlar\/"},"modified":"2026-04-01T02:38:11","modified_gmt":"2026-03-31T23:38:11","slug":"kanatlanmis-kadinlar","status":"publish","type":"product","link":"https:\/\/roveyayinevi.com.tr\/index.php\/urun\/kanatlanmis-kadinlar\/","title":{"rendered":"Kanatlanm\u0131\u015f Kad\u0131nlar"},"content":{"rendered":"<p>\u201cBiz T\u00fcrkiye\u2019de toplan\u0131p \u0130ngiliz kad\u0131nlar\u0131ndan s\u00f6z etti\u011fimiz zaman, bu d\u00fcnyada isteyecekleri hi\u00e7bir \u015fey kalmad\u0131\u011f\u0131n\u0131 d\u00fc\u015f\u00fcn\u00fcrd\u00fck. Ama ya\u015fam sava\u015f\u0131n\u0131n onlar i\u00e7in ne anlama geldi\u011fini, ya da bu ebedi mutluluk aray\u0131\u015f\u0131n\u0131n ne kadar korkun\u00e7 bir \u015fey oldu\u011funu bilmiyorduk.\u0130kisinden hangisi daha g\u00fc\u00e7 bir sava\u015f\u0131m? Biz T\u00fcrkiye\u2019de yaln\u0131zca bu ikinci sava\u015f\u0131m\u0131 biliyoruz ve t\u00fcm d\u00fcnyada ayn\u0131 yarars\u0131z \u00e7aba s\u00fcr\u00fcp gidiyor.\u201d\u201cZeynep\u201d\/Hatice Zinnur han\u0131m \u2013 1906Ge\u00e7 Osmanl\u0131 d\u00f6neminin kad\u0131n yazarlar\u0131 Avrupa\u2019daki, Bat\u0131\u2019daki kad\u0131nlar\u0131n durumunu nas\u0131l g\u00f6r\u00fcyorlard\u0131? \u0130stanbul\u2019a gezgin olarak gelen Frans\u0131z kad\u0131n yazarlar, ba\u015fta harem olmak \u00fczere, Osmanl\u0131 kad\u0131nlar\u0131n\u0131n hayat\u0131n\u0131 nas\u0131l g\u00f6r\u00fcyorlard\u0131? Bu g\u00f6rd\u00fcklerinden, genel olarak, kad\u0131nl\u0131k durumuna ve kad\u0131nlar\u0131n \u00f6zg\u00fcrl\u00fck taleplerine dair, ne gibi sonu\u00e7lar \u00e7\u0131kart\u0131yorlard\u0131?\u201cAtaerkil k\u0131ska\u00e7lar,\u201d bu kad\u0131nlar\u0131n fikirlerini, eylemlerini ve onlar hakk\u0131nda olu\u015fturulan imgeleri nas\u0131l etkiliyordu?Senem Timuro\u011flu, ge\u00e7 Osmanl\u0131 d\u00f6neminde olu\u015fmu\u015f bu heyecanl\u0131, incelikli ili\u015fki ve ileti\u015fim a\u011f\u0131 i\u00e7inde, Avrupa feminizmi ile \u201cayd\u0131nlanm\u0131\u015f dindar\u201d kad\u0131n haklar\u0131 s\u00f6ylemi aras\u0131ndaki etkile\u015fimin bir portresini \u00e7iziyor. Bu kar\u015f\u0131la\u015fma ve etkile\u015fim i\u00e7inde \u00e7\u0131k\u0131lan \u201c\u00f6zg\u00fcr kad\u0131n\u201d\u0131 arama yolculu\u011funu takip ediyor.\u201c\u00d6nc\u00fc\u201d s\u0131fat\u0131n\u0131 hak eden kad\u0131nlar\u0131n fikirleriyle, ki\u015filikleriyle ve hikayeleriyle tan\u0131\u015ft\u0131r\u0131yor bizi kitap: Fatma Aliye, Selma R\u0131za, Hayriye Ben-Ayad, \u015eeref, Hatice Zinnur, Nuriye han\u0131mlar ve George Sand, Marc H\u00e9lys, Marcelle Tinayre, Grace Ellison \u201cmadamlar\u201d&#8230; Bu hayranl\u0131k uyand\u0131r\u0131c\u0131 kad\u0131nlar aras\u0131ndaki arkada\u015fl\u0131\u011f\u0131n yer yer romana benzer hik\u00e2yesi&#8230;<\/p>\n","protected":false},"excerpt":{"rendered":"<p>\u201cBiz T\u00fcrkiye\u2019de toplan\u0131p \u0130ngiliz kad\u0131nlar\u0131ndan s\u00f6z etti\u011fimiz zaman, bu d\u00fcnyada isteyecekleri hi\u00e7bir \u015fey kalmad\u0131\u011f\u0131n\u0131 d\u00fc\u015f\u00fcn\u00fcrd\u00fck. Ama ya\u015fam sava\u015f\u0131n\u0131n onlar i\u00e7in ne anlama geldi\u011fini, ya da bu<span class=\"excerpt-hellip\"> [\u2026]<\/span><\/p>\n","protected":false},"featured_media":0,"template":"","meta":{"_monsterinsights_skip_tracking":false,"_monsterinsights_sitenote_active":false,"_monsterinsights_sitenote_note":"","_monsterinsights_sitenote_category":0},"product_brand":[],"product_cat":[12370,12304],"product_tag":[],"class_list":{"0":"post-722386","1":"product","2":"type-product","3":"status-publish","5":"product_cat-arastirma-inceleme","6":"product_cat-tarih","7":"pa_cilt-ciltsiz","8":"pa_tur-kitap","9":"pa_yayinevi-iletisim-yayinlari","10":"pa_yazar-senem-timuroglu","12":"first","13":"instock","14":"sale","15":"shipping-taxable","16":"purchasable","17":"product-type-simple"},"_links":{"self":[{"href":"https:\/\/roveyayinevi.com.tr\/index.php\/wp-json\/wp\/v2\/product\/722386","targetHints":{"allow":["GET"]}}],"collection":[{"href":"https:\/\/roveyayinevi.com.tr\/index.php\/wp-json\/wp\/v2\/product"}],"about":[{"href":"https:\/\/roveyayinevi.com.tr\/index.php\/wp-json\/wp\/v2\/types\/product"}],"wp:attachment":[{"href":"https:\/\/roveyayinevi.com.tr\/index.php\/wp-json\/wp\/v2\/media?parent=722386"}],"wp:term":[{"taxonomy":"product_brand","embeddable":true,"href":"https:\/\/roveyayinevi.com.tr\/index.php\/wp-json\/wp\/v2\/product_brand?post=722386"},{"taxonomy":"product_cat","embeddable":true,"href":"https:\/\/roveyayinevi.com.tr\/index.php\/wp-json\/wp\/v2\/product_cat?post=722386"},{"taxonomy":"product_tag","embeddable":true,"href":"https:\/\/roveyayinevi.com.tr\/index.php\/wp-json\/wp\/v2\/product_tag?post=722386"}],"curies":[{"name":"wp","href":"https:\/\/api.w.org\/{rel}","templated":true}]}}