{"id":722385,"date":"2025-08-27T19:03:39","date_gmt":"2025-08-27T16:03:39","guid":{"rendered":"https:\/\/roveyayinevi.com.tr\/index.php\/urun\/terorsuz-ozgurluk\/"},"modified":"2026-04-16T02:30:29","modified_gmt":"2026-04-15T23:30:29","slug":"terorsuz-ozgurluk","status":"publish","type":"product","link":"https:\/\/roveyayinevi.com.tr\/index.php\/urun\/terorsuz-ozgurluk\/","title":{"rendered":"Ter\u00f6rs\u00fcz \u00d6zg\u00fcrl\u00fck"},"content":{"rendered":"<p>\u2018\u2019U\u011fur Mumcu\u2019nun T\u00fcrk k\u00f6\u015fe yazarl\u0131\u011f\u0131na yepyeni bir hava getirdi\u011fini rahatl\u0131kla s\u00f6yleyebiliriz. Keskin bak\u0131\u015fl\u0131 bir g\u00f6zlemci, belgesel bir ele\u015ftiricidir o \u00e7\u00fcnk\u00fc. G\u00fc\u00e7l\u00fc hukuk mant\u0131\u011f\u0131n\u0131 \u00e7ok kez ince bir mizah \u00e7izgisi ile \u00e7er\u00e7eveledi\u011fi i\u00e7in, yaz\u0131lar\u0131 ne denli a\u011f\u0131r olsa da okura ferahl\u0131k verir.U\u011fur Mumcu\u2019nun yaz\u0131lar\u0131 bug\u00fcn g\u00fcnceldir. Bunlar, yar\u0131nki ku\u015faklar hesab\u0131na ku\u015fkusuz ibret al\u0131nmas\u0131 gereken birer tarih dersi yerine ge\u00e7ecektir.\u2019\u2019-Nadir Nadi\u201cKarde\u015fin karde\u015fi k\u0131rmas\u0131na son verdi\u201d denilerek pek \u00e7ok ki\u015fi taraf\u0131ndan alk\u0131\u015flanan 12 Eyl\u00fcl cuntas\u0131n\u0131 o y\u0131llarda ele\u015ftirmek kolay de\u011fildir. Zira darbe \u00f6ncesi y\u0131llar, \u00f6zg\u00fcrl\u00fck ad\u0131na ter\u00f6r\u00fcn kol gezdi\u011fi y\u0131llard\u0131r. Bu nedenle hem cuntay\u0131 hem de 80 \u00f6ncesi siyasal iklimini ve ter\u00f6r ortam\u0131n\u0131 ayn\u0131 anda ele\u015ftirebilmek \u00e7ok m\u00fcmk\u00fcn olmaz. Cuntay\u0131 ele\u015ftirirseniz ter\u00f6rist, ter\u00f6r\u00fc ele\u015ftirirseniz cuntac\u0131 ilan edilirsiniz. U\u011fur Mumcu kitab\u0131nda her ikisini de ele\u015ftirebilmeyi ba\u015far\u0131yor.<\/p>\n","protected":false},"excerpt":{"rendered":"<p>\u2018\u2019U\u011fur Mumcu\u2019nun T\u00fcrk k\u00f6\u015fe yazarl\u0131\u011f\u0131na yepyeni bir hava getirdi\u011fini rahatl\u0131kla s\u00f6yleyebiliriz. Keskin bak\u0131\u015fl\u0131 bir g\u00f6zlemci, belgesel bir ele\u015ftiricidir o \u00e7\u00fcnk\u00fc. G\u00fc\u00e7l\u00fc hukuk mant\u0131\u011f\u0131n\u0131 \u00e7ok kez ince<span class=\"excerpt-hellip\"> [\u2026]<\/span><\/p>\n","protected":false},"featured_media":0,"template":"","meta":{"_monsterinsights_skip_tracking":false,"_monsterinsights_sitenote_active":false,"_monsterinsights_sitenote_note":"","_monsterinsights_sitenote_category":0},"product_brand":[],"product_cat":[12337,14543],"product_tag":[],"class_list":{"0":"post-722385","1":"product","2":"type-product","3":"status-publish","5":"product_cat-politika-siyaset","6":"product_cat-turkiye-siyaseti-ve-politikasi","7":"pa_cilt-ciltsiz","8":"pa_tur-kitap","9":"pa_yayinevi-umag-yayinevi","10":"pa_yazar-ugur-mumcu","12":"first","13":"instock","14":"sale","15":"shipping-taxable","16":"purchasable","17":"product-type-simple"},"_links":{"self":[{"href":"https:\/\/roveyayinevi.com.tr\/index.php\/wp-json\/wp\/v2\/product\/722385","targetHints":{"allow":["GET"]}}],"collection":[{"href":"https:\/\/roveyayinevi.com.tr\/index.php\/wp-json\/wp\/v2\/product"}],"about":[{"href":"https:\/\/roveyayinevi.com.tr\/index.php\/wp-json\/wp\/v2\/types\/product"}],"wp:attachment":[{"href":"https:\/\/roveyayinevi.com.tr\/index.php\/wp-json\/wp\/v2\/media?parent=722385"}],"wp:term":[{"taxonomy":"product_brand","embeddable":true,"href":"https:\/\/roveyayinevi.com.tr\/index.php\/wp-json\/wp\/v2\/product_brand?post=722385"},{"taxonomy":"product_cat","embeddable":true,"href":"https:\/\/roveyayinevi.com.tr\/index.php\/wp-json\/wp\/v2\/product_cat?post=722385"},{"taxonomy":"product_tag","embeddable":true,"href":"https:\/\/roveyayinevi.com.tr\/index.php\/wp-json\/wp\/v2\/product_tag?post=722385"}],"curies":[{"name":"wp","href":"https:\/\/api.w.org\/{rel}","templated":true}]}}