{"id":722384,"date":"2025-08-27T19:03:38","date_gmt":"2025-08-27T16:03:38","guid":{"rendered":"https:\/\/roveyayinevi.com.tr\/index.php\/urun\/sonu-yoktur\/"},"modified":"2026-01-22T02:52:40","modified_gmt":"2026-01-21T23:52:40","slug":"sonu-yoktur","status":"publish","type":"product","link":"https:\/\/roveyayinevi.com.tr\/index.php\/urun\/sonu-yoktur\/","title":{"rendered":"Sonu Yoktur"},"content":{"rendered":"<p>Ben sana dolanan halatlar\u0131mdan ba\u015fkaSeni \u00e7ekmeliyim s\u0131ral\u0131 k\u0131y\u0131lar\u0131maHrant Dink\u2019in ru\u0308tbesi s\u00f6ku\u0308lmu\u0308\u015fVe sa\u00e7lar\u0131 u\u0308\u00e7e vurulmu\u015f askerlik foto\u011fraf\u0131ndaBak \u00f6yle durmadan kendine sapland\u0131\u011f\u0131nda bir son yokturTeybet Anan\u0131n \u00f6lu\u0308su\u0308 gu\u0308nlerce sokaklarda b\u0131rak\u0131ld\u0131\u011f\u0131 s\u0131rada\u201cUygun \u015fu\u0308phenin\u201d \u00f6ldu\u0308ru\u0308lme bahanesi s\u0131ras\u0131ndaBo\u015flu\u011funa s\u0131\u011famamana hayat denmesi s\u0131ras\u0131ndaDenizat\u0131 olsayd\u0131n anneni daha az severdin belli ki\u00c7u\u0308nku\u0308 ta\u015f\u0131nman\u0131n b\u0131rak\u0131lmaktan daha hayati olmas\u0131ndaKatip Bartebly\u2019nin iskemlesininVarl\u0131\u011fa do\u011frulttu\u011fu silahla e\u015fitlenmesi s\u0131ras\u0131ndaNecatigil\u2019in sen olmadan ben olamama s\u0131ralar\u0131nda<\/p>\n","protected":false},"excerpt":{"rendered":"<p>Ben sana dolanan halatlar\u0131mdan ba\u015fkaSeni \u00e7ekmeliyim s\u0131ral\u0131 k\u0131y\u0131lar\u0131maHrant Dink\u2019in ru\u0308tbesi s\u00f6ku\u0308lmu\u0308\u015fVe sa\u00e7lar\u0131 u\u0308\u00e7e vurulmu\u015f askerlik foto\u011fraf\u0131ndaBak \u00f6yle durmadan kendine sapland\u0131\u011f\u0131nda bir son yokturTeybet Anan\u0131n \u00f6lu\u0308su\u0308 gu\u0308nlerce<span class=\"excerpt-hellip\"> [\u2026]<\/span><\/p>\n","protected":false},"featured_media":0,"template":"","meta":{"_monsterinsights_skip_tracking":false,"_monsterinsights_sitenote_active":false,"_monsterinsights_sitenote_note":"","_monsterinsights_sitenote_category":0},"product_brand":[],"product_cat":[12291,12509],"product_tag":[],"class_list":{"0":"post-722384","1":"product","2":"type-product","3":"status-publish","5":"product_cat-edebiyat","6":"product_cat-siir","7":"pa_cilt-ciltsiz","8":"pa_tur-kitap","9":"pa_yayinevi-edebi-seyler","10":"pa_yazar-ali-ozgur-ozkarci","12":"first","13":"instock","14":"sale","15":"shipping-taxable","16":"purchasable","17":"product-type-simple"},"_links":{"self":[{"href":"https:\/\/roveyayinevi.com.tr\/index.php\/wp-json\/wp\/v2\/product\/722384","targetHints":{"allow":["GET"]}}],"collection":[{"href":"https:\/\/roveyayinevi.com.tr\/index.php\/wp-json\/wp\/v2\/product"}],"about":[{"href":"https:\/\/roveyayinevi.com.tr\/index.php\/wp-json\/wp\/v2\/types\/product"}],"wp:attachment":[{"href":"https:\/\/roveyayinevi.com.tr\/index.php\/wp-json\/wp\/v2\/media?parent=722384"}],"wp:term":[{"taxonomy":"product_brand","embeddable":true,"href":"https:\/\/roveyayinevi.com.tr\/index.php\/wp-json\/wp\/v2\/product_brand?post=722384"},{"taxonomy":"product_cat","embeddable":true,"href":"https:\/\/roveyayinevi.com.tr\/index.php\/wp-json\/wp\/v2\/product_cat?post=722384"},{"taxonomy":"product_tag","embeddable":true,"href":"https:\/\/roveyayinevi.com.tr\/index.php\/wp-json\/wp\/v2\/product_tag?post=722384"}],"curies":[{"name":"wp","href":"https:\/\/api.w.org\/{rel}","templated":true}]}}