{"id":722383,"date":"2025-08-27T19:03:37","date_gmt":"2025-08-27T16:03:37","guid":{"rendered":"https:\/\/roveyayinevi.com.tr\/index.php\/urun\/altincayir-vadisinin-cocuklari\/"},"modified":"2026-04-16T02:30:29","modified_gmt":"2026-04-15T23:30:29","slug":"altincayir-vadisinin-cocuklari","status":"publish","type":"product","link":"https:\/\/roveyayinevi.com.tr\/index.php\/urun\/altincayir-vadisinin-cocuklari\/","title":{"rendered":"Alt\u0131n\u00e7ay\u0131r Vadisi\u2019nin \u00c7ocuklar\u0131"},"content":{"rendered":"<p>\u201cSemocum, hayalciler cesur olmak zorunda m\u0131? Bilge olmam\u0131z gerekiyor mu?\u201d   Alt\u0131n\u00e7ay\u0131r Vadisi\u2019nin menek\u015fe boyal\u0131 evinde annesi, babas\u0131, b\u00fcy\u00fckannesi ve kedisiyle ya\u015fayan Asinaz, can dostu Semag\u00fcl\u2019\u00fcn \u00f6zlemiyle doludur. Babas\u0131n\u0131n y\u0131llar \u00f6nce kaza ge\u00e7irmesine neden olan alt\u0131n madeni yeniden a\u00e7\u0131lm\u0131\u015f, pek \u00e7ok aile vadiden ta\u015f\u0131nmak zorunda kalm\u0131\u015ft\u0131r. Vadinin \u00e7ocuk gruplar\u0131 Hayalciler, Bilimciler, Ku\u015f\u00e7ular ve Alt\u0131nc\u0131lar oyunlar\u0131n\u0131 s\u00fcrd\u00fcr\u00fcr, yeti\u015fkinler maden konusunda ne yapacaklar\u0131n\u0131 d\u00fc\u015f\u00fcn\u00fcrken, Asinaz\u2019\u0131n akl\u0131 Semag\u00fcl\u2019de ve g\u00fcnden g\u00fcne suskunla\u015fan annesindedir. Arad\u0131\u011f\u0131 cevaplar\u0131n onu zamanda bir yolculu\u011fa \u00e7\u0131karaca\u011f\u0131ndan ise hen\u00fcz habersizdir\u2026   Dil ustas\u0131 Latife Tekin \u00e7ocuklar i\u00e7in yazd\u0131\u011f\u0131 ilk roman\u0131nda, do\u011fay\u0131 ve insan\u0131 masals\u0131 bir anlat\u0131mda bulu\u015fturuyor. <\/p>\n","protected":false},"excerpt":{"rendered":"<p>\u201cSemocum, hayalciler cesur olmak zorunda m\u0131? Bilge olmam\u0131z gerekiyor mu?\u201d Alt\u0131n\u00e7ay\u0131r Vadisi\u2019nin menek\u015fe boyal\u0131 evinde annesi, babas\u0131, b\u00fcy\u00fckannesi ve kedisiyle ya\u015fayan Asinaz, can dostu Semag\u00fcl\u2019\u00fcn \u00f6zlemiyle<span class=\"excerpt-hellip\"> [\u2026]<\/span><\/p>\n","protected":false},"featured_media":0,"template":"","meta":{"_monsterinsights_skip_tracking":false,"_monsterinsights_sitenote_active":false,"_monsterinsights_sitenote_note":"","_monsterinsights_sitenote_category":0},"product_brand":[],"product_cat":[12274,12284],"product_tag":[],"class_list":{"0":"post-722383","1":"product","2":"type-product","3":"status-publish","5":"product_cat-cocuk-ve-genclik-kitaplari","6":"product_cat-hikayeler","7":"pa_cilt-ciltsiz","8":"pa_tur-kitap","9":"pa_yayinevi-can-cocuk-yayinlari","10":"pa_yazar-latife-tekin","12":"first","13":"instock","14":"sale","15":"shipping-taxable","16":"purchasable","17":"product-type-simple"},"_links":{"self":[{"href":"https:\/\/roveyayinevi.com.tr\/index.php\/wp-json\/wp\/v2\/product\/722383","targetHints":{"allow":["GET"]}}],"collection":[{"href":"https:\/\/roveyayinevi.com.tr\/index.php\/wp-json\/wp\/v2\/product"}],"about":[{"href":"https:\/\/roveyayinevi.com.tr\/index.php\/wp-json\/wp\/v2\/types\/product"}],"wp:attachment":[{"href":"https:\/\/roveyayinevi.com.tr\/index.php\/wp-json\/wp\/v2\/media?parent=722383"}],"wp:term":[{"taxonomy":"product_brand","embeddable":true,"href":"https:\/\/roveyayinevi.com.tr\/index.php\/wp-json\/wp\/v2\/product_brand?post=722383"},{"taxonomy":"product_cat","embeddable":true,"href":"https:\/\/roveyayinevi.com.tr\/index.php\/wp-json\/wp\/v2\/product_cat?post=722383"},{"taxonomy":"product_tag","embeddable":true,"href":"https:\/\/roveyayinevi.com.tr\/index.php\/wp-json\/wp\/v2\/product_tag?post=722383"}],"curies":[{"name":"wp","href":"https:\/\/api.w.org\/{rel}","templated":true}]}}