{"id":722382,"date":"2025-08-27T19:03:36","date_gmt":"2025-08-27T16:03:36","guid":{"rendered":"https:\/\/roveyayinevi.com.tr\/index.php\/urun\/kis-ortasinda\/"},"modified":"2026-04-16T02:30:29","modified_gmt":"2026-04-15T23:30:29","slug":"kis-ortasinda","status":"publish","type":"product","link":"https:\/\/roveyayinevi.com.tr\/index.php\/urun\/kis-ortasinda\/","title":{"rendered":"K\u0131\u015f Ortas\u0131nda"},"content":{"rendered":"<p>\u00d6l\u00fcm a\u015f\u0131lmas\u0131 gereken bir e\u015fiktir.  T\u0131pk\u0131 do\u011fum gibi&#8230; Gizleyecek ya da rol yapacak hi\u00e7bir \u015feyi olmadan kabul edilmeyi istiyordu; kar\u015f\u0131s\u0131ndakini ruhunun derinliklerine kadar tan\u0131mak ve onu ayn\u0131 \u015fekilde kabul etmek istiyordu. Pazar sabah\u0131n\u0131 yatakta birlikte gazeteleri okuyarak ge\u00e7irece\u011fi, sinemada elini tutaca\u011f\u0131, aptalca \u015feylere birlikte g\u00fclece\u011fi ve farkl\u0131 fikirler \u00fczerine tart\u0131\u015fabilece\u011fi birini istiyordu. Ka\u00e7amak maceralara duydu\u011fu hevesi geride b\u0131rakm\u0131\u015ft\u0131. New York\u2019ta \u015fiddetli bir kar f\u0131rt\u0131nas\u0131n\u0131n ortas\u0131nda, g\u00f6r\u00fcn\u00fc\u015fte \u00f6nemsiz bir araba kazas\u0131 sonucunda ya\u015famlar\u0131 de\u011fi\u015fen \u00fc\u00e7 insan; Guatemala, \u015eili ve Brezilya\u2019da trajedilerle yo\u011frulmu\u015f ge\u00e7mi\u015fler, g\u00f6\u00e7 etmek, hayatta kalmak ve kendini yuvada hissetmek\u2026 Isabel Allende bu roman\u0131nda, k\u0131\u015f ortas\u0131nda i\u00e7lerindeki yenilmez yaz\u0131 ke\u015ffedenlerin beklenmedik ve dokunakl\u0131 a\u015fk\u0131n\u0131 anlat\u0131yor. <\/p>\n","protected":false},"excerpt":{"rendered":"<p>\u00d6l\u00fcm a\u015f\u0131lmas\u0131 gereken bir e\u015fiktir. T\u0131pk\u0131 do\u011fum gibi&#8230; Gizleyecek ya da rol yapacak hi\u00e7bir \u015feyi olmadan kabul edilmeyi istiyordu; kar\u015f\u0131s\u0131ndakini ruhunun derinliklerine kadar tan\u0131mak ve onu<span class=\"excerpt-hellip\"> [\u2026]<\/span><\/p>\n","protected":false},"featured_media":0,"template":"","meta":{"_monsterinsights_skip_tracking":false,"_monsterinsights_sitenote_active":false,"_monsterinsights_sitenote_note":"","_monsterinsights_sitenote_category":0},"product_brand":[],"product_cat":[12291,12711],"product_tag":[],"class_list":{"0":"post-722382","1":"product","2":"type-product","3":"status-publish","5":"product_cat-edebiyat","6":"product_cat-roman-oyku","7":"pa_cilt-ciltsiz","8":"pa_tur-kitap","9":"pa_yayinevi-can-yayinlari","10":"pa_yazar-isabel-allende","12":"first","13":"instock","14":"sale","15":"shipping-taxable","16":"purchasable","17":"product-type-simple"},"_links":{"self":[{"href":"https:\/\/roveyayinevi.com.tr\/index.php\/wp-json\/wp\/v2\/product\/722382","targetHints":{"allow":["GET"]}}],"collection":[{"href":"https:\/\/roveyayinevi.com.tr\/index.php\/wp-json\/wp\/v2\/product"}],"about":[{"href":"https:\/\/roveyayinevi.com.tr\/index.php\/wp-json\/wp\/v2\/types\/product"}],"wp:attachment":[{"href":"https:\/\/roveyayinevi.com.tr\/index.php\/wp-json\/wp\/v2\/media?parent=722382"}],"wp:term":[{"taxonomy":"product_brand","embeddable":true,"href":"https:\/\/roveyayinevi.com.tr\/index.php\/wp-json\/wp\/v2\/product_brand?post=722382"},{"taxonomy":"product_cat","embeddable":true,"href":"https:\/\/roveyayinevi.com.tr\/index.php\/wp-json\/wp\/v2\/product_cat?post=722382"},{"taxonomy":"product_tag","embeddable":true,"href":"https:\/\/roveyayinevi.com.tr\/index.php\/wp-json\/wp\/v2\/product_tag?post=722382"}],"curies":[{"name":"wp","href":"https:\/\/api.w.org\/{rel}","templated":true}]}}