{"id":722381,"date":"2025-08-27T19:03:35","date_gmt":"2025-08-27T16:03:35","guid":{"rendered":"https:\/\/roveyayinevi.com.tr\/index.php\/urun\/bize-gore-orjinal-metin\/"},"modified":"2026-04-16T02:30:29","modified_gmt":"2026-04-15T23:30:29","slug":"bize-gore-orjinal-metin","status":"publish","type":"product","link":"https:\/\/roveyayinevi.com.tr\/index.php\/urun\/bize-gore-orjinal-metin\/","title":{"rendered":"Bize G\u00f6re (Orjinal Metin)"},"content":{"rendered":"<p>Ahmet Ha\u015fim\u2019in yaz\u0131lar\u0131ndan al\u0131nacak estetik haz elbette her devirde son derece y\u00fcksektir ancak bu yaz\u0131lar bize ayn\u0131 zamanda erken Cumhuriyet d\u00f6neminin g\u00fcncel meselelerini \u00f6\u011frenme, o y\u0131llar\u0131n \u015fehir hayat\u0131 hakk\u0131nda fikir sahibi olma, entelekt\u00fcel tart\u0131\u015fmalar\u0131n i\u00e7ine h\u0131zla ve b\u00fcy\u00fck bir kolayl\u0131kla kat\u0131lma f\u0131rsat\u0131 da sunar. Dahas\u0131, Ahmet Ha\u015fim\u2019in ele ald\u0131\u011f\u0131 ve pek \u00e7o\u011fu ufak de\u011fi\u015fikliklerle bug\u00fcn de g\u00fcndemimizi i\u015fgal etmeyi s\u00fcrd\u00fcren bu konular, yazar\u0131n zaman\u0131 a\u015fan, evrensel d\u00fc\u015f\u00fcn\u00fc\u015f\u00fcn\u00fc bize g\u00f6stermektedir. Bir ba\u015fka deyi\u015fle, Ahmet Ha\u015fim\u2019in yaz\u0131lar\u0131, g\u00fcn\u00fcm\u00fcz\u00fcn okuruna da h\u00e2l\u00e2 yeni bir \u015feyler \u00f6\u011fretmeyi fazlas\u0131yla vaat etmektedir. Erkan Irmak T\u00fcrk \u015fiirinin dev ismi Ahmet Ha\u015fim\u2019in ilk defa 1928\u2019de bas\u0131lan Bize G\u00f6re ve Gurebahane-i Laklakan kitaplar\u0131 ile 1933\u2019te bas\u0131lan Frankfurt Seyahatnamesi, titizlikle haz\u0131rlanm\u0131\u015f bir bask\u0131yla bir araya getirildi. Yazar\u0131n diline m\u00fcdahale edilmeden haz\u0131rlanan bu yaz\u0131larda \u015fairin, d\u00f6nemini \u2013belki t\u00fcm d\u00f6nemleri\u2013 etkilemi\u015f geli\u015fmelere dair ilgin\u00e7 fikirlerini keyifle okuyacaks\u0131n\u0131z. <\/p>\n","protected":false},"excerpt":{"rendered":"<p>Ahmet Ha\u015fim\u2019in yaz\u0131lar\u0131ndan al\u0131nacak estetik haz elbette her devirde son derece y\u00fcksektir ancak bu yaz\u0131lar bize ayn\u0131 zamanda erken Cumhuriyet d\u00f6neminin g\u00fcncel meselelerini \u00f6\u011frenme, o y\u0131llar\u0131n<span class=\"excerpt-hellip\"> [\u2026]<\/span><\/p>\n","protected":false},"featured_media":0,"template":"","meta":{"_monsterinsights_skip_tracking":false,"_monsterinsights_sitenote_active":false,"_monsterinsights_sitenote_note":"","_monsterinsights_sitenote_category":0},"product_brand":[],"product_cat":[12777,12291],"product_tag":[],"class_list":{"0":"post-722381","1":"product","2":"type-product","3":"status-publish","5":"product_cat-deneme","6":"product_cat-edebiyat","7":"pa_cilt-ciltsiz","8":"pa_tur-kitap","9":"pa_yayinevi-can-yayinlari","10":"pa_yazar-ahmet-hasim","12":"first","13":"instock","14":"sale","15":"shipping-taxable","16":"purchasable","17":"product-type-simple"},"_links":{"self":[{"href":"https:\/\/roveyayinevi.com.tr\/index.php\/wp-json\/wp\/v2\/product\/722381","targetHints":{"allow":["GET"]}}],"collection":[{"href":"https:\/\/roveyayinevi.com.tr\/index.php\/wp-json\/wp\/v2\/product"}],"about":[{"href":"https:\/\/roveyayinevi.com.tr\/index.php\/wp-json\/wp\/v2\/types\/product"}],"wp:attachment":[{"href":"https:\/\/roveyayinevi.com.tr\/index.php\/wp-json\/wp\/v2\/media?parent=722381"}],"wp:term":[{"taxonomy":"product_brand","embeddable":true,"href":"https:\/\/roveyayinevi.com.tr\/index.php\/wp-json\/wp\/v2\/product_brand?post=722381"},{"taxonomy":"product_cat","embeddable":true,"href":"https:\/\/roveyayinevi.com.tr\/index.php\/wp-json\/wp\/v2\/product_cat?post=722381"},{"taxonomy":"product_tag","embeddable":true,"href":"https:\/\/roveyayinevi.com.tr\/index.php\/wp-json\/wp\/v2\/product_tag?post=722381"}],"curies":[{"name":"wp","href":"https:\/\/api.w.org\/{rel}","templated":true}]}}