{"id":722378,"date":"2025-08-27T19:03:32","date_gmt":"2025-08-27T16:03:32","guid":{"rendered":"https:\/\/roveyayinevi.com.tr\/index.php\/urun\/19\/"},"modified":"2026-04-16T02:30:29","modified_gmt":"2026-04-15T23:30:29","slug":"19","status":"publish","type":"product","link":"https:\/\/roveyayinevi.com.tr\/index.php\/urun\/19\/","title":{"rendered":"19"},"content":{"rendered":"<p>K\u00fc\u00e7\u00fck ruhluydu. Ruhu iyi bir ruhtu belki, olduk\u00e7a temiz kullan\u0131lm\u0131\u015ft\u0131, kendi s\u0131n\u0131rlar\u0131 i\u00e7inde sa\u011flam, i\u015fe yarar bir ruhtu, ama yetmiyordu; kalk\u0131\u015ft\u0131\u011f\u0131 i\u015fi ba\u015farabilmek, bu ruhun harc\u0131 de\u011fildi. M, ruhundan intikam alman\u0131n yollar\u0131n\u0131 aramaya ba\u015flad\u0131. M, vahiy bekleyen peygamber tedirginli\u011fiyle, \u201cGer\u00e7ek\u2019ten daha edebi, Edebiyat\u2019tan daha ger\u00e7ek\u201d roman\u0131n\u0131 yazmak i\u00e7in ilham bekliyor. Kendi i\u00e7ine, sokaklara, geceye, ta\u015fraya, kaya kiliselerine y\u00f6neliyor ama bir t\u00fcrl\u00fc yazam\u0131yor. Sonra \u00f6n\u00fcnde bir a\u015fk ve bir kap\u0131 a\u00e7\u0131l\u0131yor \u2013 o kap\u0131dan ge\u00e7meyi se\u00e7ince geliyor y\u0131k\u0131m; M \u00f6yle bir da\u011f\u0131l\u0131yor ve da\u011f\u0131t\u0131yor ki, onun nas\u0131l bir insan oldu\u011funu ve ilahi adaletin ona nas\u0131l bir son haz\u0131rlad\u0131\u011f\u0131n\u0131 merak etmeye ba\u015fl\u0131yor okur. Kuran\u2019\u0131n sure yap\u0131s\u0131 \u00fczerine kurulu olan 19, bu asal say\u0131n\u0131n katlar\u0131na dayan\u0131yor. 19&#215;11=114 b\u00f6l\u00fcm 19&#215;50=950 c\u00fcmle 19&#215;1353=25707 s\u00f6zc\u00fck 19&#215;8456=160664 karakter <\/p>\n","protected":false},"excerpt":{"rendered":"<p>K\u00fc\u00e7\u00fck ruhluydu. Ruhu iyi bir ruhtu belki, olduk\u00e7a temiz kullan\u0131lm\u0131\u015ft\u0131, kendi s\u0131n\u0131rlar\u0131 i\u00e7inde sa\u011flam, i\u015fe yarar bir ruhtu, ama yetmiyordu; kalk\u0131\u015ft\u0131\u011f\u0131 i\u015fi ba\u015farabilmek, bu ruhun harc\u0131<span class=\"excerpt-hellip\"> [\u2026]<\/span><\/p>\n","protected":false},"featured_media":0,"template":"","meta":{"_monsterinsights_skip_tracking":false,"_monsterinsights_sitenote_active":false,"_monsterinsights_sitenote_note":"","_monsterinsights_sitenote_category":0},"product_brand":[],"product_cat":[12291,12711],"product_tag":[],"class_list":{"0":"post-722378","1":"product","2":"type-product","3":"status-publish","5":"product_cat-edebiyat","6":"product_cat-roman-oyku","7":"pa_cilt-ciltsiz","8":"pa_tur-kitap","9":"pa_yayinevi-can-yayinlari","10":"pa_yazar-cem-akas","12":"first","13":"instock","14":"sale","15":"shipping-taxable","16":"purchasable","17":"product-type-simple"},"_links":{"self":[{"href":"https:\/\/roveyayinevi.com.tr\/index.php\/wp-json\/wp\/v2\/product\/722378","targetHints":{"allow":["GET"]}}],"collection":[{"href":"https:\/\/roveyayinevi.com.tr\/index.php\/wp-json\/wp\/v2\/product"}],"about":[{"href":"https:\/\/roveyayinevi.com.tr\/index.php\/wp-json\/wp\/v2\/types\/product"}],"wp:attachment":[{"href":"https:\/\/roveyayinevi.com.tr\/index.php\/wp-json\/wp\/v2\/media?parent=722378"}],"wp:term":[{"taxonomy":"product_brand","embeddable":true,"href":"https:\/\/roveyayinevi.com.tr\/index.php\/wp-json\/wp\/v2\/product_brand?post=722378"},{"taxonomy":"product_cat","embeddable":true,"href":"https:\/\/roveyayinevi.com.tr\/index.php\/wp-json\/wp\/v2\/product_cat?post=722378"},{"taxonomy":"product_tag","embeddable":true,"href":"https:\/\/roveyayinevi.com.tr\/index.php\/wp-json\/wp\/v2\/product_tag?post=722378"}],"curies":[{"name":"wp","href":"https:\/\/api.w.org\/{rel}","templated":true}]}}