{"id":722377,"date":"2025-08-27T19:03:32","date_gmt":"2025-08-27T16:03:32","guid":{"rendered":"https:\/\/roveyayinevi.com.tr\/index.php\/urun\/7-yedi-2\/"},"modified":"2026-04-16T02:30:29","modified_gmt":"2026-04-15T23:30:29","slug":"7-yedi-2","status":"publish","type":"product","link":"https:\/\/roveyayinevi.com.tr\/index.php\/urun\/7-yedi-2\/","title":{"rendered":"7 (Yedi)"},"content":{"rendered":"<p>&#8230; ya\u015fam anlaml\u0131 ya da anlams\u0131z de\u011fildir ya\u015fam yaln\u0131zca vard\u0131r o kadar dolay\u0131s\u0131yla siz insans\u0131n\u0131z kafan\u0131z \u00e7al\u0131\u015f\u0131yor geli\u015fiyor(mu\u015f)sunuz ilerliyor(mu\u015f)sunuz g\u00fcn\u00fcn birinde b\u00fcy\u00fck harfle adam olmay\u0131 umuyorsunuz diye diyelim ki kendi a\u011f\u0131rl\u0131\u011f\u0131n\u0131n bilmem ka\u00e7 kat\u0131n\u0131 ta\u015f\u0131yan kar\u0131ncadan ya da boyunun \u015fu kadar kat\u0131 z\u0131playabilen pireden daha anlaml\u0131 ya\u015famlar ya\u015fad\u0131\u011f\u0131n\u0131z\u0131 sanman\u0131z ile bulutlu bir bahar sabah\u0131 k\u0131rm\u0131z\u0131 turp bulmu\u015f gibi bu san\u0131ya sar\u0131lman\u0131z pek e\u011flenceli\u2026 27 ya\u015f\u0131ndaki fizik asistan\u0131 Hakan, bir sahaf d\u00fckkan\u0131 sahibi olan Ya\u011fmur&#8217;la tan\u0131\u015f\u0131yor, sevgili oluyorlar. Ya\u011fmur, yeralt\u0131nda \u00f6rg\u00fctlenen Kronk dininin ikinci ki\u015fisi. Bunu Hakan&#8217;a s\u00f6ylemiyor, fakat Hakan&#8217;\u0131n beklenen ikinci peygamber oldu\u011funu s\u00f6yl\u00fcyor. \u0130lk peygamber ortada yok. Hakan \u00f6nce bu peygamberlik i\u015fini e\u011flenceli buluyor fakat sonra sa\u00e7ma oldu\u011funa karar verip istifa etmeye kalk\u0131yor. O i\u015flerin \u00f6yle kolay olmad\u0131\u011f\u0131n\u0131 \u00f6\u011freniyor. Hakan&#8217;\u0131n arkada\u015f\u0131 Cem i\u015fin i\u00e7ine giriyor. Biraz Cem Aka\u015f\u2019a benziyor Cem. Ya\u011fmur, Kronk&#8217;un peygamberini tan\u0131m\u0131yor (kimse tan\u0131m\u0131yor) ama Cem olmas\u0131ndan \u015f\u00fcpheleniyor. A\u015fk-tutku-iktidar e\u011frileri \u00fczerinden ilerleyen, y\u00fckselen ve \u00e7\u00f6ken hikayesiyle 7, kimilerine g\u00f6re yazar\u0131n k\u00fclt yap\u0131t\u0131.  <\/p>\n","protected":false},"excerpt":{"rendered":"<p>&#8230; ya\u015fam anlaml\u0131 ya da anlams\u0131z de\u011fildir ya\u015fam yaln\u0131zca vard\u0131r o kadar dolay\u0131s\u0131yla siz insans\u0131n\u0131z kafan\u0131z \u00e7al\u0131\u015f\u0131yor geli\u015fiyor(mu\u015f)sunuz ilerliyor(mu\u015f)sunuz g\u00fcn\u00fcn birinde b\u00fcy\u00fck harfle adam olmay\u0131 umuyorsunuz<span class=\"excerpt-hellip\"> [\u2026]<\/span><\/p>\n","protected":false},"featured_media":0,"template":"","meta":{"_monsterinsights_skip_tracking":false,"_monsterinsights_sitenote_active":false,"_monsterinsights_sitenote_note":"","_monsterinsights_sitenote_category":0},"product_brand":[],"product_cat":[12291,12711],"product_tag":[],"class_list":{"0":"post-722377","1":"product","2":"type-product","3":"status-publish","5":"product_cat-edebiyat","6":"product_cat-roman-oyku","7":"pa_cilt-ciltsiz","8":"pa_tur-kitap","9":"pa_yayinevi-can-yayinlari","10":"pa_yazar-cem-akas","12":"first","13":"instock","14":"sale","15":"shipping-taxable","16":"purchasable","17":"product-type-simple"},"_links":{"self":[{"href":"https:\/\/roveyayinevi.com.tr\/index.php\/wp-json\/wp\/v2\/product\/722377","targetHints":{"allow":["GET"]}}],"collection":[{"href":"https:\/\/roveyayinevi.com.tr\/index.php\/wp-json\/wp\/v2\/product"}],"about":[{"href":"https:\/\/roveyayinevi.com.tr\/index.php\/wp-json\/wp\/v2\/types\/product"}],"wp:attachment":[{"href":"https:\/\/roveyayinevi.com.tr\/index.php\/wp-json\/wp\/v2\/media?parent=722377"}],"wp:term":[{"taxonomy":"product_brand","embeddable":true,"href":"https:\/\/roveyayinevi.com.tr\/index.php\/wp-json\/wp\/v2\/product_brand?post=722377"},{"taxonomy":"product_cat","embeddable":true,"href":"https:\/\/roveyayinevi.com.tr\/index.php\/wp-json\/wp\/v2\/product_cat?post=722377"},{"taxonomy":"product_tag","embeddable":true,"href":"https:\/\/roveyayinevi.com.tr\/index.php\/wp-json\/wp\/v2\/product_tag?post=722377"}],"curies":[{"name":"wp","href":"https:\/\/api.w.org\/{rel}","templated":true}]}}