{"id":722376,"date":"2025-08-27T19:03:31","date_gmt":"2025-08-27T16:03:31","guid":{"rendered":"https:\/\/roveyayinevi.com.tr\/index.php\/urun\/gitmeyecekler-icin-urbino\/"},"modified":"2026-04-16T02:30:29","modified_gmt":"2026-04-15T23:30:29","slug":"gitmeyecekler-icin-urbino","status":"publish","type":"product","link":"https:\/\/roveyayinevi.com.tr\/index.php\/urun\/gitmeyecekler-icin-urbino\/","title":{"rendered":"Gitmeyecekler \u0130\u00e7in Urbino"},"content":{"rendered":"<p>Marx\u2019\u0131n doktora tezinde mealen dedi\u011fi gibi, baz\u0131 \u015feyleri bilmek istemeyi\u015fimizin iyi nedenleri olabilir, insan do\u011fas\u0131 kendini korumaya g\u00fcd\u00fcml\u00fcd\u00fcr, yine de bu, istemedi\u011fimiz baz\u0131 \u015feyleri m\u00fcthi\u015f bir kesinlikle bildi\u011fimiz ve bu bilgi kar\u015f\u0131s\u0131nda t\u00fcm\u00fcyle g\u00fc\u00e7s\u00fcz kald\u0131\u011f\u0131m\u0131z ger\u00e7e\u011fini de\u011fi\u015ftirmez\u2026 Orta\u00e7a\u011f Avrupa\u2019s\u0131n\u0131n k\u00fclt\u00fcr ba\u015fkentlerinden, bug\u00fcn\u00fcn k\u00fclt\u00fcr turizmi merkezlerinden Urbino, bir gecede kan g\u00f6l\u00fcne d\u00f6n\u00fcyor \u2013 nereden \u00e7\u0131kt\u0131\u011f\u0131 belli olmayan iki gen\u00e7 kad\u0131n, nedeni ancak kitab\u0131n yapbozu tamamland\u0131\u011f\u0131nda anla\u015f\u0131lan bir katliama imza at\u0131yor. Gitmeyecekler \u0130\u00e7in Urbino, bu katliam\u0131 bizzat d\u00fczenleyicilerinin a\u011fz\u0131ndan aktar\u0131yor, katliamdan sa\u011f \u00e7\u0131kanlar\u0131n tan\u0131kl\u0131klar\u0131na ba\u015fvuruyor, son olarak da en az yar\u0131s\u0131 uydurma bir \u015fehir rehberiyle daireyi tamaml\u0131yor. <\/p>\n","protected":false},"excerpt":{"rendered":"<p>Marx\u2019\u0131n doktora tezinde mealen dedi\u011fi gibi, baz\u0131 \u015feyleri bilmek istemeyi\u015fimizin iyi nedenleri olabilir, insan do\u011fas\u0131 kendini korumaya g\u00fcd\u00fcml\u00fcd\u00fcr, yine de bu, istemedi\u011fimiz baz\u0131 \u015feyleri m\u00fcthi\u015f bir<span class=\"excerpt-hellip\"> [\u2026]<\/span><\/p>\n","protected":false},"featured_media":0,"template":"","meta":{"_monsterinsights_skip_tracking":false,"_monsterinsights_sitenote_active":false,"_monsterinsights_sitenote_note":"","_monsterinsights_sitenote_category":0},"product_brand":[],"product_cat":[12291,12711],"product_tag":[],"class_list":{"0":"post-722376","1":"product","2":"type-product","3":"status-publish","5":"product_cat-edebiyat","6":"product_cat-roman-oyku","7":"pa_cilt-ciltsiz","8":"pa_tur-kitap","9":"pa_yayinevi-can-yayinlari","10":"pa_yazar-cem-akas","12":"first","13":"instock","14":"sale","15":"shipping-taxable","16":"purchasable","17":"product-type-simple"},"_links":{"self":[{"href":"https:\/\/roveyayinevi.com.tr\/index.php\/wp-json\/wp\/v2\/product\/722376","targetHints":{"allow":["GET"]}}],"collection":[{"href":"https:\/\/roveyayinevi.com.tr\/index.php\/wp-json\/wp\/v2\/product"}],"about":[{"href":"https:\/\/roveyayinevi.com.tr\/index.php\/wp-json\/wp\/v2\/types\/product"}],"wp:attachment":[{"href":"https:\/\/roveyayinevi.com.tr\/index.php\/wp-json\/wp\/v2\/media?parent=722376"}],"wp:term":[{"taxonomy":"product_brand","embeddable":true,"href":"https:\/\/roveyayinevi.com.tr\/index.php\/wp-json\/wp\/v2\/product_brand?post=722376"},{"taxonomy":"product_cat","embeddable":true,"href":"https:\/\/roveyayinevi.com.tr\/index.php\/wp-json\/wp\/v2\/product_cat?post=722376"},{"taxonomy":"product_tag","embeddable":true,"href":"https:\/\/roveyayinevi.com.tr\/index.php\/wp-json\/wp\/v2\/product_tag?post=722376"}],"curies":[{"name":"wp","href":"https:\/\/api.w.org\/{rel}","templated":true}]}}