{"id":722372,"date":"2025-08-27T19:03:27","date_gmt":"2025-08-27T16:03:27","guid":{"rendered":"https:\/\/roveyayinevi.com.tr\/index.php\/urun\/kurulus-osman-gazi-1302\/"},"modified":"2026-03-16T02:34:15","modified_gmt":"2026-03-15T23:34:15","slug":"kurulus-osman-gazi-1302","status":"publish","type":"product","link":"https:\/\/roveyayinevi.com.tr\/index.php\/urun\/kurulus-osman-gazi-1302\/","title":{"rendered":"Kurulu\u015f Osman Gazi &#8211; 1302"},"content":{"rendered":"<p>\u201cAk\u0131l haznesini bilgiyle donatan, cesur y\u00fcrek bir T\u00fcrkmen ger\u00e7e\u011fi\u2026\u201dT\u00fcrk tarihinin 1281\u2019den, 1300\u2019lere merdiven dayad\u0131\u011f\u0131 karanl\u0131k y\u0131llarda, yukar\u0131lardan, S\u00f6\u011f\u00fct\u2019teki durgun p\u0131nar\u0131n y\u00fcz\u00fcne bir y\u0131ld\u0131z vurdu.G\u00f6z al\u0131c\u0131 parlakl\u0131kta ve d\u00fcnya tarihine ayd\u0131nl\u0131k bir sayfa a\u00e7acak kadar g\u00f6zde bir y\u0131ld\u0131z.S\u00f6\u011f\u00fct topra\u011f\u0131nda suya vuran o parlak y\u0131ld\u0131z\u0131 s\u00f6nd\u00fcrmek i\u00e7in koku\u015fmu\u015f d\u00fczenin tek sahibi Bizans ve o s\u0131ra geleneksel T\u00fcrkmen kitab\u0131n\u0131n d\u0131\u015flad\u0131\u011f\u0131 baz\u0131 yanda\u015f yerliler, avu\u00e7 dolusu, k\u00fcrek y\u0131\u011f\u0131n\u0131 toprak att\u0131lar \u00fcst\u00fcne! Ama toprak suya can verdi!S\u00f6\u011f\u00fct topra\u011f\u0131n\u0131n s\u0131radan p\u0131nar\u0131na vuran bu y\u0131ld\u0131z; y\u00fcz\u00fcne \u00e7arpan her dalgada yeniden canlan\u0131p s\u00f6nmez bir \u0131\u015f\u0131k, umut dolu bir ayd\u0131nl\u0131k sundu Anadolu\u2019ya, daha sonra ayd\u0131n fikirleriyle t\u00fcm Avrupa\u2019ya\u20261302\u2019de \u015faha kalkan bu nadide kurulu\u015f destan\u0131, hamaset \u00fcr\u00fcn\u00fc bir masal de\u011fil bire bir ya\u015fanm\u0131\u015f, ak\u0131l haznesini bilgiyle donatan, cesur y\u00fcrek bir T\u00fcrkmen ger\u00e7e\u011fidir!Devrin iki b\u00fcy\u00fc\u011f\u00fcn\u00fc, Osman Gazi ve \u015eeyh Edebali\u2019yi anlatan bu eser; y\u0131k\u0131l\u0131\u015f\u0131n ve yeniden kurulu\u015fun gizemini g\u00fcn\u00fcm\u00fcze getiren edebi ve belgesel bir hik\u00e2yedir.<\/p>\n","protected":false},"excerpt":{"rendered":"<p>\u201cAk\u0131l haznesini bilgiyle donatan, cesur y\u00fcrek bir T\u00fcrkmen ger\u00e7e\u011fi\u2026\u201dT\u00fcrk tarihinin 1281\u2019den, 1300\u2019lere merdiven dayad\u0131\u011f\u0131 karanl\u0131k y\u0131llarda, yukar\u0131lardan, S\u00f6\u011f\u00fct\u2019teki durgun p\u0131nar\u0131n y\u00fcz\u00fcne bir y\u0131ld\u0131z vurdu.G\u00f6z al\u0131c\u0131 parlakl\u0131kta<span class=\"excerpt-hellip\"> [\u2026]<\/span><\/p>\n","protected":false},"featured_media":0,"template":"","meta":{"_monsterinsights_skip_tracking":false,"_monsterinsights_sitenote_active":false,"_monsterinsights_sitenote_note":"","_monsterinsights_sitenote_category":0},"product_brand":[],"product_cat":[12291,12745],"product_tag":[],"class_list":{"0":"post-722372","1":"product","2":"type-product","3":"status-publish","5":"product_cat-edebiyat","6":"product_cat-tarihi-roman","7":"pa_cilt-ciltsiz","8":"pa_tur-kitap","9":"pa_yayinevi-hayat-yayinlari","10":"pa_yazar-hasan-basri-bilgin","12":"first","13":"instock","14":"sale","15":"shipping-taxable","16":"purchasable","17":"product-type-simple"},"_links":{"self":[{"href":"https:\/\/roveyayinevi.com.tr\/index.php\/wp-json\/wp\/v2\/product\/722372","targetHints":{"allow":["GET"]}}],"collection":[{"href":"https:\/\/roveyayinevi.com.tr\/index.php\/wp-json\/wp\/v2\/product"}],"about":[{"href":"https:\/\/roveyayinevi.com.tr\/index.php\/wp-json\/wp\/v2\/types\/product"}],"wp:attachment":[{"href":"https:\/\/roveyayinevi.com.tr\/index.php\/wp-json\/wp\/v2\/media?parent=722372"}],"wp:term":[{"taxonomy":"product_brand","embeddable":true,"href":"https:\/\/roveyayinevi.com.tr\/index.php\/wp-json\/wp\/v2\/product_brand?post=722372"},{"taxonomy":"product_cat","embeddable":true,"href":"https:\/\/roveyayinevi.com.tr\/index.php\/wp-json\/wp\/v2\/product_cat?post=722372"},{"taxonomy":"product_tag","embeddable":true,"href":"https:\/\/roveyayinevi.com.tr\/index.php\/wp-json\/wp\/v2\/product_tag?post=722372"}],"curies":[{"name":"wp","href":"https:\/\/api.w.org\/{rel}","templated":true}]}}