{"id":722371,"date":"2025-08-27T19:03:27","date_gmt":"2025-08-27T16:03:27","guid":{"rendered":"https:\/\/roveyayinevi.com.tr\/index.php\/urun\/her-yani-ve-her-seyiyle-18-yuzyil-istanbulu\/"},"modified":"2026-04-16T02:30:29","modified_gmt":"2026-04-15T23:30:29","slug":"her-yani-ve-her-seyiyle-18-yuzyil-istanbulu","status":"publish","type":"product","link":"https:\/\/roveyayinevi.com.tr\/index.php\/urun\/her-yani-ve-her-seyiyle-18-yuzyil-istanbulu\/","title":{"rendered":"Her Yan\u0131 ve Her \u015eeyiyle 18. Y\u00fczy\u0131l \u0130stanbul\u2019u"},"content":{"rendered":"<p>18. y\u00fczy\u0131lda ya\u015fayan bir Yeni\u00e7eri\u2019nin, Emir Mustafa\u2019n\u0131n, \u0130stanbul\u2019a dair yazd\u0131\u011f\u0131 bu ayr\u0131nt\u0131l\u0131 manzum eser, g\u00fcndelik hayat\u0131n neredeyse her detay\u0131n\u0131n ele al\u0131nd\u0131\u011f\u0131 tam anlam\u0131yla bir \u0130stanbul Ansiklopedisi. Yeni\u00e7eri ozan\u0131 Emir Mustafa\u2019n\u0131n, I. Mahmud (1730-1754), III. Osman (1754-1757) ve III. Mustafa (1757-1774) d\u00f6nemlerini i\u00e7ine alan en az 45 y\u0131ll\u0131k bir s\u00fcre boyunca b\u00fcy\u00fck g\u00f6zlem yetene\u011fiyle yazd\u0131\u011f\u0131 d\u00f6rtl\u00fcklerden olu\u015fan eserde \u0130stanbul\u2019un 18. y\u00fczy\u0131l\u0131 i\u00e7in, ba\u015fta tarih, co\u011frafya ve mimarl\u0131k olmak \u00fczere, \u00e7ok daha \u00e7e\u015fitli alanlar\u0131 ilgilendiren bilgiler yan\u0131nda, g\u00fcnl\u00fck ya\u015fam\u0131 yans\u0131tan insan merkezli \u00e7ok zengin folklorik malzeme de yer almaktad\u0131r. Sadece ilgilileri i\u00e7in de\u011fil, zamanda yolculu\u011fa \u00e7\u0131k\u0131p 18. y\u00fczy\u0131l \u0130stanbul\u2019unun sokaklar\u0131nda dola\u015fmak isteyen herkes i\u00e7in bir zaman t\u00fcnelinin kap\u0131s\u0131n\u0131 aral\u0131yor bu eser. Hocalar\u0131n hocas\u0131 Prof. Dr. Mertol Tulum\u2019un b\u00fcy\u00fck bir titizlikle haz\u0131rlad\u0131\u011f\u0131 bu \u0130stanbul Ansiklopedisi, her \u015feyden \u00f6nce \u0130stanbul eksenli k\u00fclt\u00fcr tarihi \u00e7al\u0131\u015fmalar\u0131m\u0131z i\u00e7in b\u00fcy\u00fck katk\u0131lar sunacakt\u0131r. Ketebe Yay\u0131nlar\u0131 olarak bu devasa eseri k\u00fclt\u00fcr hayat\u0131m\u0131za kazand\u0131rmaktan dolay\u0131 iftihar ediyoruz.<\/p>\n","protected":false},"excerpt":{"rendered":"<p>18. y\u00fczy\u0131lda ya\u015fayan bir Yeni\u00e7eri\u2019nin, Emir Mustafa\u2019n\u0131n, \u0130stanbul\u2019a dair yazd\u0131\u011f\u0131 bu ayr\u0131nt\u0131l\u0131 manzum eser, g\u00fcndelik hayat\u0131n neredeyse her detay\u0131n\u0131n ele al\u0131nd\u0131\u011f\u0131 tam anlam\u0131yla bir \u0130stanbul Ansiklopedisi.<span class=\"excerpt-hellip\"> [\u2026]<\/span><\/p>\n","protected":false},"featured_media":0,"template":"","meta":{"_monsterinsights_skip_tracking":false,"_monsterinsights_sitenote_active":false,"_monsterinsights_sitenote_note":"","_monsterinsights_sitenote_category":0},"product_brand":[],"product_cat":[12370,12304],"product_tag":[],"class_list":{"0":"post-722371","1":"product","2":"type-product","3":"status-publish","5":"product_cat-arastirma-inceleme","6":"product_cat-tarih","7":"pa_cilt-ciltsiz","8":"pa_tur-kitap","9":"pa_yayinevi-ketebe-yayinlari","10":"pa_yazar-emir-mustafa","12":"first","13":"instock","14":"sale","15":"shipping-taxable","16":"purchasable","17":"product-type-simple"},"_links":{"self":[{"href":"https:\/\/roveyayinevi.com.tr\/index.php\/wp-json\/wp\/v2\/product\/722371","targetHints":{"allow":["GET"]}}],"collection":[{"href":"https:\/\/roveyayinevi.com.tr\/index.php\/wp-json\/wp\/v2\/product"}],"about":[{"href":"https:\/\/roveyayinevi.com.tr\/index.php\/wp-json\/wp\/v2\/types\/product"}],"wp:attachment":[{"href":"https:\/\/roveyayinevi.com.tr\/index.php\/wp-json\/wp\/v2\/media?parent=722371"}],"wp:term":[{"taxonomy":"product_brand","embeddable":true,"href":"https:\/\/roveyayinevi.com.tr\/index.php\/wp-json\/wp\/v2\/product_brand?post=722371"},{"taxonomy":"product_cat","embeddable":true,"href":"https:\/\/roveyayinevi.com.tr\/index.php\/wp-json\/wp\/v2\/product_cat?post=722371"},{"taxonomy":"product_tag","embeddable":true,"href":"https:\/\/roveyayinevi.com.tr\/index.php\/wp-json\/wp\/v2\/product_tag?post=722371"}],"curies":[{"name":"wp","href":"https:\/\/api.w.org\/{rel}","templated":true}]}}